{"id":1370,"date":"2023-11-12T18:07:04","date_gmt":"2023-11-12T18:07:04","guid":{"rendered":"http:\/\/eltiosam.com.mx\/?post_type=product&#038;p=1370"},"modified":"2024-02-24T20:46:23","modified_gmt":"2024-02-24T20:46:23","slug":"refrigerador-io-mabe-gemidf25eyrcfs","status":"publish","type":"product","link":"https:\/\/eltiosam.com.mx\/index.php\/product\/refrigerador-io-mabe-gemidf25eyrcfs\/","title":{"rendered":"Refrigerador IO Mabe &#8211; GEMIDF25EYRCFS"},"content":{"rendered":"<p><strong>Descripci\u00f3n:<\/strong><\/p>\n<p>Refrigerador Deluxe IO Mabe Gemelos 708 L; Incluye ambos refrigeradores, cuenta con tecnolog\u00eda Total FreshFlow para m\u00e1xima conservaci\u00f3n y frescura de los alimentos, 3 sensores de temperatura, f\u00e1brica de hielos integrada, filtro de agua, 1 caj\u00f3n FloatingSnack Pan, luz LED para mayor visibilidad en todos los espacios, 4 anaqueles en puerta y 2 cajones (1 con divisi\u00f3n ajustable).<\/p>\n","protected":false},"excerpt":{"rendered":"<p>Descripci\u00f3n: Refrigerador Deluxe IO Mabe Gemelos 708 L; Incluye ambos refrigeradores, cuenta con tecnolog\u00eda Total FreshFlow para m\u00e1xima conservaci\u00f3n y frescura de los alimentos, 3 sensores de temperatura, f\u00e1brica de hielos integrada, filtro de agua, 1 caj\u00f3n FloatingSnack Pan, luz LED para mayor visibilidad en todos los espacios, 4 anaqueles en puerta y 2 cajones [&hellip;]<\/p>\n","protected":false},"featured_media":1371,"template":"","meta":{"_joinchat":[]},"product_brand":[],"product_cat":[20,41],"product_tag":[61],"class_list":{"0":"post-1370","1":"product","2":"type-product","3":"status-publish","4":"has-post-thumbnail","6":"product_cat-refrigeracion","7":"product_cat-refrigeradores","8":"product_tag-io-mabe","10":"first","11":"outofstock","12":"shipping-taxable","13":"product-type-simple"},"_links":{"self":[{"href":"https:\/\/eltiosam.com.mx\/index.php\/wp-json\/wp\/v2\/product\/1370","targetHints":{"allow":["GET"]}}],"collection":[{"href":"https:\/\/eltiosam.com.mx\/index.php\/wp-json\/wp\/v2\/product"}],"about":[{"href":"https:\/\/eltiosam.com.mx\/index.php\/wp-json\/wp\/v2\/types\/product"}],"wp:featuredmedia":[{"embeddable":true,"href":"https:\/\/eltiosam.com.mx\/index.php\/wp-json\/wp\/v2\/media\/1371"}],"wp:attachment":[{"href":"https:\/\/eltiosam.com.mx\/index.php\/wp-json\/wp\/v2\/media?parent=1370"}],"wp:term":[{"taxonomy":"product_brand","embeddable":true,"href":"https:\/\/eltiosam.com.mx\/index.php\/wp-json\/wp\/v2\/product_brand?post=1370"},{"taxonomy":"product_cat","embeddable":true,"href":"https:\/\/eltiosam.com.mx\/index.php\/wp-json\/wp\/v2\/product_cat?post=1370"},{"taxonomy":"product_tag","embeddable":true,"href":"https:\/\/eltiosam.com.mx\/index.php\/wp-json\/wp\/v2\/product_tag?post=1370"}],"curies":[{"name":"wp","href":"https:\/\/api.w.org\/{rel}","templated":true}]}}