{"id":1365,"date":"2023-11-12T17:56:57","date_gmt":"2023-11-12T17:56:57","guid":{"rendered":"http:\/\/eltiosam.com.mx\/?post_type=product&#038;p=1365"},"modified":"2024-02-25T20:22:11","modified_gmt":"2024-02-25T20:22:11","slug":"refrigerador-io-mabe-idf25eyrcfs","status":"publish","type":"product","link":"https:\/\/eltiosam.com.mx\/index.php\/product\/refrigerador-io-mabe-idf25eyrcfs\/","title":{"rendered":"Refrigerador IO MABE &#8211; IDF25EYRCFS"},"content":{"rendered":"<p>Descripci\u00f3n:<\/p>\n<p>Tecnolog\u00eda Total Fresh Flow para m\u00e1xima conservaci\u00f3n y frescura de los alimentos. Sensores que determinan la temperatura ideal para mantener siempre frescos los alimentos. Luz LED para mayor visibilidad en todos los espacios.<\/p>\n","protected":false},"excerpt":{"rendered":"<p>Display Digital para controlar f\u00e1cilmente todas las funciones del refrigerador desde el exterior.Sensores que determinan la temperatura ideal para mantener siempre frescos los alimentos<\/p>\n","protected":false},"featured_media":1366,"template":"","meta":{"_joinchat":[]},"product_brand":[],"product_cat":[20,41],"product_tag":[61],"class_list":{"0":"post-1365","1":"product","2":"type-product","3":"status-publish","4":"has-post-thumbnail","6":"product_cat-refrigeracion","7":"product_cat-refrigeradores","8":"product_tag-io-mabe","10":"first","11":"outofstock","12":"shipping-taxable","13":"product-type-simple"},"_links":{"self":[{"href":"https:\/\/eltiosam.com.mx\/index.php\/wp-json\/wp\/v2\/product\/1365","targetHints":{"allow":["GET"]}}],"collection":[{"href":"https:\/\/eltiosam.com.mx\/index.php\/wp-json\/wp\/v2\/product"}],"about":[{"href":"https:\/\/eltiosam.com.mx\/index.php\/wp-json\/wp\/v2\/types\/product"}],"wp:featuredmedia":[{"embeddable":true,"href":"https:\/\/eltiosam.com.mx\/index.php\/wp-json\/wp\/v2\/media\/1366"}],"wp:attachment":[{"href":"https:\/\/eltiosam.com.mx\/index.php\/wp-json\/wp\/v2\/media?parent=1365"}],"wp:term":[{"taxonomy":"product_brand","embeddable":true,"href":"https:\/\/eltiosam.com.mx\/index.php\/wp-json\/wp\/v2\/product_brand?post=1365"},{"taxonomy":"product_cat","embeddable":true,"href":"https:\/\/eltiosam.com.mx\/index.php\/wp-json\/wp\/v2\/product_cat?post=1365"},{"taxonomy":"product_tag","embeddable":true,"href":"https:\/\/eltiosam.com.mx\/index.php\/wp-json\/wp\/v2\/product_tag?post=1365"}],"curies":[{"name":"wp","href":"https:\/\/api.w.org\/{rel}","templated":true}]}}