{"id":1335,"date":"2023-11-11T22:43:13","date_gmt":"2023-11-11T22:43:13","guid":{"rendered":"http:\/\/eltiosam.com.mx\/?post_type=product&#038;p=1335"},"modified":"2024-02-08T05:37:18","modified_gmt":"2024-02-08T05:37:18","slug":"frigidaire-fryb4623as","status":"publish","type":"product","link":"https:\/\/eltiosam.com.mx\/index.php\/product\/frigidaire-fryb4623as\/","title":{"rendered":"Enfriador de bebidas FRIGIDAIRE &#8211; FRYB4623AS"},"content":{"rendered":"<p><strong>Descripci\u00f3n:<\/strong> Enfriador de bebidas Frigidaire FRYB4623AS 4.6 p3, elaborado en acero inoxidable; Enfriador de bebidas con capacidad de 4.6 pies c\u00fabicos, con cerradura la llave se expulsa autom\u00e1ticamente despu\u00e9s de bloquear la puerta para que no la deje en la puerta, su control electr\u00f3nico de temperatura de precisi\u00f3n tiene pantalla digital LED. Establezca la temperatura entre 33 y 50 grados cent\u00edgrados y el enfriador mantendr\u00e1 la temperatura con precisi\u00f3n. Opci\u00f3n de apertura de puerta reversible de acero inoxidable con ventana polarizada.<\/p>\n","protected":false},"excerpt":{"rendered":"<p>Descripci\u00f3n: Enfriador de bebidas Frigidaire FRYB4623AS 4.6 p3, elaborado en acero inoxidable; Enfriador de bebidas con capacidad de 4.6 pies c\u00fabicos, con cerradura la llave se expulsa autom\u00e1ticamente despu\u00e9s de bloquear la puerta para que no la deje en la puerta, su control electr\u00f3nico de temperatura de precisi\u00f3n tiene pantalla digital LED. Establezca la temperatura [&hellip;]<\/p>\n","protected":false},"featured_media":7031,"template":"","meta":{"_joinchat":[]},"product_brand":[],"product_cat":[55,20],"product_tag":[51],"class_list":{"0":"post-1335","1":"product","2":"type-product","3":"status-publish","4":"has-post-thumbnail","6":"product_cat-enfriadores","7":"product_cat-refrigeracion","8":"product_tag-frigidaire","10":"first","11":"outofstock","12":"shipping-taxable","13":"product-type-simple"},"_links":{"self":[{"href":"https:\/\/eltiosam.com.mx\/index.php\/wp-json\/wp\/v2\/product\/1335","targetHints":{"allow":["GET"]}}],"collection":[{"href":"https:\/\/eltiosam.com.mx\/index.php\/wp-json\/wp\/v2\/product"}],"about":[{"href":"https:\/\/eltiosam.com.mx\/index.php\/wp-json\/wp\/v2\/types\/product"}],"wp:featuredmedia":[{"embeddable":true,"href":"https:\/\/eltiosam.com.mx\/index.php\/wp-json\/wp\/v2\/media\/7031"}],"wp:attachment":[{"href":"https:\/\/eltiosam.com.mx\/index.php\/wp-json\/wp\/v2\/media?parent=1335"}],"wp:term":[{"taxonomy":"product_brand","embeddable":true,"href":"https:\/\/eltiosam.com.mx\/index.php\/wp-json\/wp\/v2\/product_brand?post=1335"},{"taxonomy":"product_cat","embeddable":true,"href":"https:\/\/eltiosam.com.mx\/index.php\/wp-json\/wp\/v2\/product_cat?post=1335"},{"taxonomy":"product_tag","embeddable":true,"href":"https:\/\/eltiosam.com.mx\/index.php\/wp-json\/wp\/v2\/product_tag?post=1335"}],"curies":[{"name":"wp","href":"https:\/\/api.w.org\/{rel}","templated":true}]}}