{"id":1332,"date":"2023-11-11T22:33:48","date_gmt":"2023-11-11T22:33:48","guid":{"rendered":"http:\/\/eltiosam.com.mx\/?post_type=product&#038;p=1332"},"modified":"2024-02-09T23:11:28","modified_gmt":"2024-02-09T23:11:28","slug":"frigidaire-pairing-kit","status":"publish","type":"product","link":"https:\/\/eltiosam.com.mx\/index.php\/product\/frigidaire-pairing-kit\/","title":{"rendered":"FRIGIDAIRE PAIRING KIT"},"content":{"rendered":"<p><strong>Descripci\u00f3n:<\/strong><\/p>\n<p>Combine sus electrodom\u00e9sticos de una sola puerta con facilidad utilizando el kit de combinaci\u00f3n de congelador y refrigerador de una sola puerta. Este kit de emparejamiento est\u00e1 dise\u00f1ado para usarse con congeladores y refrigeradores seleccionados y le permite instalar f\u00e1cilmente las unidades una al lado de la otra en una variedad de configuraciones para mayor flexibilidad y conveniencia. Este kit es necesario para emparejar un refrigerador y un congelador, dos refrigeradores o dos congeladores, para una instalaci\u00f3n completa de dos juegos. No se requieren herramientas. Incluye una fuente de alimentaci\u00f3n, un cable de alimentaci\u00f3n de CA, un conjunto de calentador, cinta de doble cara y (6) clips.<\/p>\n","protected":false},"excerpt":{"rendered":"<p>Descripci\u00f3n: Combine sus electrodom\u00e9sticos de una sola puerta con facilidad utilizando el kit de combinaci\u00f3n de congelador y refrigerador de una sola puerta. Este kit de emparejamiento est\u00e1 dise\u00f1ado para usarse con congeladores y refrigeradores seleccionados y le permite instalar f\u00e1cilmente las unidades una al lado de la otra en una variedad de configuraciones para [&hellip;]<\/p>\n","protected":false},"featured_media":1333,"template":"","meta":{"_joinchat":[]},"product_brand":[],"product_cat":[54,42],"product_tag":[51],"class_list":{"0":"post-1332","1":"product","2":"type-product","3":"status-publish","4":"has-post-thumbnail","6":"product_cat-separador","7":"product_cat-varios","8":"product_tag-frigidaire","10":"first","11":"outofstock","12":"shipping-taxable","13":"product-type-simple"},"_links":{"self":[{"href":"https:\/\/eltiosam.com.mx\/index.php\/wp-json\/wp\/v2\/product\/1332","targetHints":{"allow":["GET"]}}],"collection":[{"href":"https:\/\/eltiosam.com.mx\/index.php\/wp-json\/wp\/v2\/product"}],"about":[{"href":"https:\/\/eltiosam.com.mx\/index.php\/wp-json\/wp\/v2\/types\/product"}],"wp:featuredmedia":[{"embeddable":true,"href":"https:\/\/eltiosam.com.mx\/index.php\/wp-json\/wp\/v2\/media\/1333"}],"wp:attachment":[{"href":"https:\/\/eltiosam.com.mx\/index.php\/wp-json\/wp\/v2\/media?parent=1332"}],"wp:term":[{"taxonomy":"product_brand","embeddable":true,"href":"https:\/\/eltiosam.com.mx\/index.php\/wp-json\/wp\/v2\/product_brand?post=1332"},{"taxonomy":"product_cat","embeddable":true,"href":"https:\/\/eltiosam.com.mx\/index.php\/wp-json\/wp\/v2\/product_cat?post=1332"},{"taxonomy":"product_tag","embeddable":true,"href":"https:\/\/eltiosam.com.mx\/index.php\/wp-json\/wp\/v2\/product_tag?post=1332"}],"curies":[{"name":"wp","href":"https:\/\/api.w.org\/{rel}","templated":true}]}}