{"id":1314,"date":"2023-11-11T22:11:05","date_gmt":"2023-11-11T22:11:05","guid":{"rendered":"http:\/\/eltiosam.com.mx\/?post_type=product&#038;p=1314"},"modified":"2024-02-09T23:09:16","modified_gmt":"2024-02-09T23:09:16","slug":"frigidaire-fpfu19f8wf-congelador","status":"publish","type":"product","link":"https:\/\/eltiosam.com.mx\/index.php\/product\/frigidaire-fpfu19f8wf-congelador\/","title":{"rendered":"FRIGIDAIRE FPFU19F8WF Congelador"},"content":{"rendered":"<p><strong>Descripci\u00f3n:<\/strong><br \/>\n<strong>C<\/strong>ongelador Single Door Frigidaire Professional 19 p3 color gris; Br\u00edndale a tu cocina un hermoso congelador de una puerta que te permite incorporar innovaci\u00f3n y elegancia. Mant\u00e9n la comida congelada por dos d\u00edas en caso de haber un corte de electricidad gracias a nuestro sello herm\u00e9tico que mantiene el aire fr\u00edo por m\u00e1s tiempo.<\/p>\n","protected":false},"excerpt":{"rendered":"<p class=\"b-product_main_info-name\">Congelador Single Door 19 p3 Professional FPFU19F8WF Gris<\/p>\n","protected":false},"featured_media":1315,"template":"","meta":{"_joinchat":[]},"product_brand":[],"product_cat":[52,20],"product_tag":[51],"class_list":{"0":"post-1314","1":"product","2":"type-product","3":"status-publish","4":"has-post-thumbnail","6":"product_cat-congeladores","7":"product_cat-refrigeracion","8":"product_tag-frigidaire","10":"first","11":"outofstock","12":"shipping-taxable","13":"product-type-simple"},"_links":{"self":[{"href":"https:\/\/eltiosam.com.mx\/index.php\/wp-json\/wp\/v2\/product\/1314","targetHints":{"allow":["GET"]}}],"collection":[{"href":"https:\/\/eltiosam.com.mx\/index.php\/wp-json\/wp\/v2\/product"}],"about":[{"href":"https:\/\/eltiosam.com.mx\/index.php\/wp-json\/wp\/v2\/types\/product"}],"wp:featuredmedia":[{"embeddable":true,"href":"https:\/\/eltiosam.com.mx\/index.php\/wp-json\/wp\/v2\/media\/1315"}],"wp:attachment":[{"href":"https:\/\/eltiosam.com.mx\/index.php\/wp-json\/wp\/v2\/media?parent=1314"}],"wp:term":[{"taxonomy":"product_brand","embeddable":true,"href":"https:\/\/eltiosam.com.mx\/index.php\/wp-json\/wp\/v2\/product_brand?post=1314"},{"taxonomy":"product_cat","embeddable":true,"href":"https:\/\/eltiosam.com.mx\/index.php\/wp-json\/wp\/v2\/product_cat?post=1314"},{"taxonomy":"product_tag","embeddable":true,"href":"https:\/\/eltiosam.com.mx\/index.php\/wp-json\/wp\/v2\/product_tag?post=1314"}],"curies":[{"name":"wp","href":"https:\/\/api.w.org\/{rel}","templated":true}]}}