{"id":13071,"date":"2026-03-19T22:59:07","date_gmt":"2026-03-19T22:59:07","guid":{"rendered":"https:\/\/eltiosam.com.mx\/index.php\/product\/trim-80cm-blanco-cafe-cx153p4mwm-2\/"},"modified":"2026-03-20T02:52:41","modified_gmt":"2026-03-20T02:52:41","slug":"trim-80cm-blanco-cafe-cx153p4mwm-2","status":"publish","type":"product","link":"https:\/\/eltiosam.com.mx\/index.php\/product\/trim-80cm-blanco-cafe-cx153p4mwm-2\/","title":{"rendered":"TRIM 80CM BLANCO CAF\u00c9 CX153P4MWM"},"content":{"rendered":"<p>El\u00a0<strong>Caf\u00e9 CX153P4MWM<\/strong>\u00a0es un kit de embellecedor opcional de 30 pulgadas dise\u00f1ado para integrar perfectamente el microondas de la l\u00ednea Caf\u00e9 en gabinetes o paredes, proporcionando una apariencia empotrada y elegante. Su acabado en blanco mate complementa los electrodom\u00e9sticos de la misma l\u00ednea, ofreciendo una est\u00e9tica cohesiva en la cocina.<\/p>\n","protected":false},"excerpt":{"rendered":"<p>El\u00a0Caf\u00e9 CX153P4MWM\u00a0es un kit de embellecedor opcional de 30 pulgadas dise\u00f1ado para integrar perfectamente el microondas de la l\u00ednea Caf\u00e9 en gabinetes o paredes, proporcionando una apariencia empotrada y elegante. Su acabado en blanco mate complementa los electrodom\u00e9sticos de la misma l\u00ednea, ofreciendo una est\u00e9tica cohesiva en la cocina.<\/p>\n","protected":false},"featured_media":13190,"template":"","meta":{"_joinchat":[]},"product_brand":[],"product_cat":[158],"product_tag":[231],"class_list":{"0":"post-13071","1":"product","2":"type-product","3":"status-publish","4":"has-post-thumbnail","6":"product_cat-accesorios","7":"product_tag-cafe","9":"first","10":"instock","11":"shipping-taxable","12":"product-type-simple"},"_links":{"self":[{"href":"https:\/\/eltiosam.com.mx\/index.php\/wp-json\/wp\/v2\/product\/13071","targetHints":{"allow":["GET"]}}],"collection":[{"href":"https:\/\/eltiosam.com.mx\/index.php\/wp-json\/wp\/v2\/product"}],"about":[{"href":"https:\/\/eltiosam.com.mx\/index.php\/wp-json\/wp\/v2\/types\/product"}],"wp:featuredmedia":[{"embeddable":true,"href":"https:\/\/eltiosam.com.mx\/index.php\/wp-json\/wp\/v2\/media\/13190"}],"wp:attachment":[{"href":"https:\/\/eltiosam.com.mx\/index.php\/wp-json\/wp\/v2\/media?parent=13071"}],"wp:term":[{"taxonomy":"product_brand","embeddable":true,"href":"https:\/\/eltiosam.com.mx\/index.php\/wp-json\/wp\/v2\/product_brand?post=13071"},{"taxonomy":"product_cat","embeddable":true,"href":"https:\/\/eltiosam.com.mx\/index.php\/wp-json\/wp\/v2\/product_cat?post=13071"},{"taxonomy":"product_tag","embeddable":true,"href":"https:\/\/eltiosam.com.mx\/index.php\/wp-json\/wp\/v2\/product_tag?post=13071"}],"curies":[{"name":"wp","href":"https:\/\/api.w.org\/{rel}","templated":true}]}}