{"id":13055,"date":"2026-03-19T22:50:21","date_gmt":"2026-03-19T22:50:21","guid":{"rendered":"https:\/\/eltiosam.com.mx\/index.php\/product\/secadora-24kg-samsung-dvg24c6370v-ax\/"},"modified":"2026-03-19T23:28:02","modified_gmt":"2026-03-19T23:28:02","slug":"secadora-24kg-samsung-dvg24c6370v-ax","status":"publish","type":"product","link":"https:\/\/eltiosam.com.mx\/index.php\/product\/secadora-24kg-samsung-dvg24c6370v-ax\/","title":{"rendered":"SECADORA 24KG SAMSUNG DVG24C6370V\/AX"},"content":{"rendered":"<div class=\"feature-benefit__text-wrap\">\n<div class=\"feature-benefit__text\">\n<div class=\"feature-benefit__desc-wrap\">\n<p class=\"feature-benefit__desc contrast-target\" data-font-size-mo=\"12\" data-font-size-pc=\"18\">Controla f\u00e1cilmente dos m\u00e1quinas con un solo panel que se adapta a tus necesidades.* Cuando la secadora se coloca sobre la lavadora, la funci\u00f3n MultiControl te permite manipular ambas de manera flexible. As\u00ed, no tendr\u00e1s que estirarte o usar un control remoto, simplemente selecciona la lavadora o secadora, para disfrutar de un lavado m\u00e1s sencillo.<\/p>\n<\/div>\n<\/div>\n<\/div>\n<div class=\"feature-benefit__img-wrap feature-benefit--video-autoplay\">\n<div id=\"benefit_2M164651224\" class=\"feature-benefit__video-container\" tabindex=\"0\">\n<div class=\"feature-benefit__video-wrap\">\n<div class=\"video\" data-image-default=\"false\" data-video-embed=\"true\" data-video-data=\"{&quot;desktopSrc&quot; : &quot;\/\/images.samsung.com\/is\/content\/samsung\/p6pim\/mx\/feature\/164724772\/mx-feature-one-control-for-two--537713609.mp4&quot;,\n&quot;mobileSrc&quot; : &quot;\/\/images.samsung.com\/is\/content\/samsung\/p6pim\/mx\/feature\/164724772\/mx-feature-one-control-for-two--537713609.mp4&quot;,\n&quot;muted&quot; : true,\n&quot;autoplay&quot; : true,\n&quot;loop&quot; : false,\n&quot;scrollplay&quot; : true,\n&quot;controls&quot; : true,\n&quot;desktopCaption&quot; : &quot;Una mujer controla la secadora apilada sobre la lavadora tocando el panel de la lavadora que est\u00e1 debajo.&quot;,\n&quot;mobileCaption&quot; : &quot;Una mujer controla la secadora apilada sobre la lavadora tocando el panel de la lavadora que est\u00e1 debajo.&quot;,\n&quot;title&quot; : &quot;Una mujer controla la secadora apilada sobre la lavadora tocando el panel de la lavadora que est\u00e1 debajo.&quot;}\" data-video-type=\"mp4\"><\/p>\n<div class=\"image image--dyn-height image--main-loaded\" aria-hidden=\"true\"><\/div>\n<\/div>\n<\/div>\n<\/div>\n<\/div>\n","protected":false},"excerpt":{"rendered":"<p>Controla f\u00e1cilmente dos m\u00e1quinas con un solo panel que se adapta a tus necesidades.* Cuando la secadora se coloca sobre la lavadora, la funci\u00f3n MultiControl te permite manipular ambas de manera flexible. As\u00ed, no tendr\u00e1s que estirarte o usar un control remoto, simplemente selecciona la lavadora o secadora, para disfrutar de un lavado m\u00e1s sencillo.<\/p>\n","protected":false},"featured_media":13161,"template":"","meta":{"_joinchat":[]},"product_brand":[],"product_cat":[263],"product_tag":[265],"class_list":{"0":"post-13055","1":"product","2":"type-product","3":"status-publish","4":"has-post-thumbnail","6":"product_cat-lavado","7":"product_tag-samsung","9":"first","10":"instock","11":"shipping-taxable","12":"product-type-simple"},"_links":{"self":[{"href":"https:\/\/eltiosam.com.mx\/index.php\/wp-json\/wp\/v2\/product\/13055","targetHints":{"allow":["GET"]}}],"collection":[{"href":"https:\/\/eltiosam.com.mx\/index.php\/wp-json\/wp\/v2\/product"}],"about":[{"href":"https:\/\/eltiosam.com.mx\/index.php\/wp-json\/wp\/v2\/types\/product"}],"wp:featuredmedia":[{"embeddable":true,"href":"https:\/\/eltiosam.com.mx\/index.php\/wp-json\/wp\/v2\/media\/13161"}],"wp:attachment":[{"href":"https:\/\/eltiosam.com.mx\/index.php\/wp-json\/wp\/v2\/media?parent=13055"}],"wp:term":[{"taxonomy":"product_brand","embeddable":true,"href":"https:\/\/eltiosam.com.mx\/index.php\/wp-json\/wp\/v2\/product_brand?post=13055"},{"taxonomy":"product_cat","embeddable":true,"href":"https:\/\/eltiosam.com.mx\/index.php\/wp-json\/wp\/v2\/product_cat?post=13055"},{"taxonomy":"product_tag","embeddable":true,"href":"https:\/\/eltiosam.com.mx\/index.php\/wp-json\/wp\/v2\/product_tag?post=13055"}],"curies":[{"name":"wp","href":"https:\/\/api.w.org\/{rel}","templated":true}]}}