{"id":13053,"date":"2026-03-19T22:50:21","date_gmt":"2026-03-19T22:50:21","guid":{"rendered":"https:\/\/eltiosam.com.mx\/index.php\/product\/lavasecadora-22-13kg-samsung-wd22t6300gp-ax\/"},"modified":"2026-03-19T23:29:21","modified_gmt":"2026-03-19T23:29:21","slug":"lavasecadora-22-13kg-samsung-wd22t6300gp-ax","status":"publish","type":"product","link":"https:\/\/eltiosam.com.mx\/index.php\/product\/lavasecadora-22-13kg-samsung-wd22t6300gp-ax\/","title":{"rendered":"LAVASECADORA 22\/13KG SAMSUNG WD22T6300GP\/AX"},"content":{"rendered":"<div class=\"productDetailTab\">Gracias a la tecnolog\u00eda Air Wash, siempre tendr\u00e1s tu ropa fresca, ya que se encarga de sanitizarla con aire caliente, eliminando el 99% de las bacterias. Cuando se trate de tu ropa de cama, utiliza el ciclo Bedding, te encantar\u00e1 c\u00f3mo tus sabanas y cobertores estar\u00e1n m\u00e1s suaves y frescos. Para esos d\u00edas en los que tengas poco tiempo, tu ropa estar\u00e1 completamente limpia y sin residuos de detergente en 30 minutos con la funci\u00f3n Speed Shot. Y cuando quieras darle a tu ropa una limpieza profunda e higi\u00e9nica con vapor, utiliza el potente ciclo Hygiene Steam<\/div>\n<div class=\"\"><\/div>\n","protected":false},"excerpt":{"rendered":"<p>Gracias a la tecnolog\u00eda Air Wash, siempre tendr\u00e1s tu ropa fresca, ya que se encarga de sanitizarla con aire caliente, eliminando el 99% de las bacterias. Cuando se trate de tu ropa de cama, utiliza el ciclo Bedding, te encantar\u00e1 c\u00f3mo tus sabanas y cobertores estar\u00e1n m\u00e1s suaves y frescos. Para esos d\u00edas en los [&hellip;]<\/p>\n","protected":false},"featured_media":13164,"template":"","meta":{"_joinchat":[]},"product_brand":[],"product_cat":[263],"product_tag":[265],"class_list":{"0":"post-13053","1":"product","2":"type-product","3":"status-publish","4":"has-post-thumbnail","6":"product_cat-lavado","7":"product_tag-samsung","9":"first","10":"instock","11":"shipping-taxable","12":"product-type-simple"},"_links":{"self":[{"href":"https:\/\/eltiosam.com.mx\/index.php\/wp-json\/wp\/v2\/product\/13053","targetHints":{"allow":["GET"]}}],"collection":[{"href":"https:\/\/eltiosam.com.mx\/index.php\/wp-json\/wp\/v2\/product"}],"about":[{"href":"https:\/\/eltiosam.com.mx\/index.php\/wp-json\/wp\/v2\/types\/product"}],"wp:featuredmedia":[{"embeddable":true,"href":"https:\/\/eltiosam.com.mx\/index.php\/wp-json\/wp\/v2\/media\/13164"}],"wp:attachment":[{"href":"https:\/\/eltiosam.com.mx\/index.php\/wp-json\/wp\/v2\/media?parent=13053"}],"wp:term":[{"taxonomy":"product_brand","embeddable":true,"href":"https:\/\/eltiosam.com.mx\/index.php\/wp-json\/wp\/v2\/product_brand?post=13053"},{"taxonomy":"product_cat","embeddable":true,"href":"https:\/\/eltiosam.com.mx\/index.php\/wp-json\/wp\/v2\/product_cat?post=13053"},{"taxonomy":"product_tag","embeddable":true,"href":"https:\/\/eltiosam.com.mx\/index.php\/wp-json\/wp\/v2\/product_tag?post=13053"}],"curies":[{"name":"wp","href":"https:\/\/api.w.org\/{rel}","templated":true}]}}