{"id":13051,"date":"2026-03-19T22:50:21","date_gmt":"2026-03-19T22:50:21","guid":{"rendered":"https:\/\/eltiosam.com.mx\/index.php\/product\/refrigerador-duplex-22p3-samsung-rs22t5561s9-em\/"},"modified":"2026-03-20T02:23:13","modified_gmt":"2026-03-20T02:23:13","slug":"refrigerador-duplex-22p3-samsung-rs22t5561s9-em","status":"publish","type":"product","link":"https:\/\/eltiosam.com.mx\/index.php\/product\/refrigerador-duplex-22p3-samsung-rs22t5561s9-em\/","title":{"rendered":"REFRIGERADOR DUPLEX 22P3 SAMSUNG RS22T5561S9\/EM"},"content":{"rendered":"<div class=\"productDetailTab\">Si buscas complementar tu cocina de una forma inteligente, este refrigerador Side by Side de Samsung modelo RS22 es lo que buscas. Ya que con su pantalla que puedes sincronizar con tu Smartphone, podr\u00e1s mandar fotos, ver la tele, reproducir m\u00fasica y organizar tu agenda personal, mientras preparas ese receta que tienes en mente. Su gran dise\u00f1o, sus puertas planas y su panel digital, vienen acompa\u00f1ados de una gran capacidad para almacenar de f\u00e1cilmente tus alimentos, de un sistema despachador agua fr\u00eda y hielos para cuando lo necesites. Adem\u00e1s, su tecnolog\u00eda Mono Cooling enfr\u00eda de manera uniforme cada rinc\u00f3n del refrigerador para que goces una mayor frescura en tus comidas, y su compresor con tecnolog\u00eda Digital Inverter, te har\u00e1 ahorrar dinero en tu recibo de luz<\/div>\n<div class=\"\"><\/div>\n","protected":false},"excerpt":{"rendered":"<p>Si buscas complementar tu cocina de una forma inteligente, este refrigerador Side by Side de Samsung modelo RS22 es lo que buscas. Ya que con su pantalla que puedes sincronizar con tu Smartphone, podr\u00e1s mandar fotos, ver la tele, reproducir m\u00fasica y organizar tu agenda personal, mientras preparas ese receta que tienes en mente. Su [&hellip;]<\/p>\n","protected":false},"featured_media":13166,"template":"","meta":{"_joinchat":[]},"product_brand":[],"product_cat":[20],"product_tag":[265],"class_list":{"0":"post-13051","1":"product","2":"type-product","3":"status-publish","4":"has-post-thumbnail","6":"product_cat-refrigeracion","7":"product_tag-samsung","9":"first","10":"instock","11":"shipping-taxable","12":"product-type-simple"},"_links":{"self":[{"href":"https:\/\/eltiosam.com.mx\/index.php\/wp-json\/wp\/v2\/product\/13051","targetHints":{"allow":["GET"]}}],"collection":[{"href":"https:\/\/eltiosam.com.mx\/index.php\/wp-json\/wp\/v2\/product"}],"about":[{"href":"https:\/\/eltiosam.com.mx\/index.php\/wp-json\/wp\/v2\/types\/product"}],"wp:featuredmedia":[{"embeddable":true,"href":"https:\/\/eltiosam.com.mx\/index.php\/wp-json\/wp\/v2\/media\/13166"}],"wp:attachment":[{"href":"https:\/\/eltiosam.com.mx\/index.php\/wp-json\/wp\/v2\/media?parent=13051"}],"wp:term":[{"taxonomy":"product_brand","embeddable":true,"href":"https:\/\/eltiosam.com.mx\/index.php\/wp-json\/wp\/v2\/product_brand?post=13051"},{"taxonomy":"product_cat","embeddable":true,"href":"https:\/\/eltiosam.com.mx\/index.php\/wp-json\/wp\/v2\/product_cat?post=13051"},{"taxonomy":"product_tag","embeddable":true,"href":"https:\/\/eltiosam.com.mx\/index.php\/wp-json\/wp\/v2\/product_tag?post=13051"}],"curies":[{"name":"wp","href":"https:\/\/api.w.org\/{rel}","templated":true}]}}