{"id":13050,"date":"2026-03-19T22:50:21","date_gmt":"2026-03-19T22:50:21","guid":{"rendered":"https:\/\/eltiosam.com.mx\/index.php\/product\/refrigerador-french-door-32p3-samsung-rf32cg5310s9em\/"},"modified":"2026-03-20T02:23:50","modified_gmt":"2026-03-20T02:23:50","slug":"refrigerador-french-door-32p3-samsung-rf32cg5310s9em","status":"publish","type":"product","link":"https:\/\/eltiosam.com.mx\/index.php\/product\/refrigerador-french-door-32p3-samsung-rf32cg5310s9em\/","title":{"rendered":"REFRIGERADOR FRENCH DOOR 32P3 SAMSUNG RF32CG5310S9EM"},"content":{"rendered":"<div class=\"productDetailTab\">Practicidad con un mayor espacio de almacenamiento si est\u00e1s buscando un refrigerador de gran capacidad y que adem\u00e1s, sea una buena inversi\u00f3n, este modelo Frech Door es para ti. Est\u00e1 dise\u00f1ado con la tecnolog\u00eda Space Max\u2122 que hace que las paredes sean mucho m\u00e1s delgadas para crear un enorme espacio de almacenamiento. Adem\u00e1s, con la garant\u00eda de 10 a\u00f1os en el compresor digital inverter, puedes estar tranquilo de que disfrutar\u00e1s de una eficiencia energ\u00e9tica superior, menos ruido y un rendimiento duradero. Otra caracter\u00edstica es que en su interior tiene un pr\u00e1ctico centro de bebidas y una jarra de llenado autom\u00e1tico, as\u00ed puedes disfrutar de agua fresca y saborizada siempre que quieras.<\/div>\n<div class=\"\"><\/div>\n","protected":false},"excerpt":{"rendered":"<p>Practicidad con un mayor espacio de almacenamiento si est\u00e1s buscando un refrigerador de gran capacidad y que adem\u00e1s, sea una buena inversi\u00f3n, este modelo Frech Door es para ti. Est\u00e1 dise\u00f1ado con la tecnolog\u00eda Space Max\u2122 que hace que las paredes sean mucho m\u00e1s delgadas para crear un enorme espacio de almacenamiento. Adem\u00e1s, con la [&hellip;]<\/p>\n","protected":false},"featured_media":13168,"template":"","meta":{"_joinchat":[]},"product_brand":[],"product_cat":[20],"product_tag":[265],"class_list":{"0":"post-13050","1":"product","2":"type-product","3":"status-publish","4":"has-post-thumbnail","6":"product_cat-refrigeracion","7":"product_tag-samsung","9":"first","10":"instock","11":"shipping-taxable","12":"product-type-simple"},"_links":{"self":[{"href":"https:\/\/eltiosam.com.mx\/index.php\/wp-json\/wp\/v2\/product\/13050","targetHints":{"allow":["GET"]}}],"collection":[{"href":"https:\/\/eltiosam.com.mx\/index.php\/wp-json\/wp\/v2\/product"}],"about":[{"href":"https:\/\/eltiosam.com.mx\/index.php\/wp-json\/wp\/v2\/types\/product"}],"wp:featuredmedia":[{"embeddable":true,"href":"https:\/\/eltiosam.com.mx\/index.php\/wp-json\/wp\/v2\/media\/13168"}],"wp:attachment":[{"href":"https:\/\/eltiosam.com.mx\/index.php\/wp-json\/wp\/v2\/media?parent=13050"}],"wp:term":[{"taxonomy":"product_brand","embeddable":true,"href":"https:\/\/eltiosam.com.mx\/index.php\/wp-json\/wp\/v2\/product_brand?post=13050"},{"taxonomy":"product_cat","embeddable":true,"href":"https:\/\/eltiosam.com.mx\/index.php\/wp-json\/wp\/v2\/product_cat?post=13050"},{"taxonomy":"product_tag","embeddable":true,"href":"https:\/\/eltiosam.com.mx\/index.php\/wp-json\/wp\/v2\/product_tag?post=13050"}],"curies":[{"name":"wp","href":"https:\/\/api.w.org\/{rel}","templated":true}]}}