{"id":1305,"date":"2023-11-11T20:38:28","date_gmt":"2023-11-11T20:38:28","guid":{"rendered":"http:\/\/eltiosam.com.mx\/?post_type=product&#038;p=1305"},"modified":"2024-02-07T21:22:22","modified_gmt":"2024-02-07T21:22:22","slug":"elkay-lk99","status":"publish","type":"product","link":"https:\/\/eltiosam.com.mx\/index.php\/product\/elkay-lk99\/","title":{"rendered":"Contracanasta ELKAY LK99"},"content":{"rendered":"<pre id=\"tw-target-text\" class=\"tw-data-text tw-text-large tw-ta\" dir=\"ltr\" data-placeholder=\"Traducci\u00f3n\" data-ved=\"2ahUKEwjkjtTZ5LyCAxWMK0QIHV3RBmAQ3ewLegQIBRAQ\"><span class=\"Y2IQFc\" lang=\"es\">Los accesorios para fregadero Elkay est\u00e1n dise\u00f1ados para encajar perfectamente y coordinarse con su fregadero Elkay. Desde desag\u00fces de colores combinados hasta rejillas de fregadero de acero inoxidable de tama\u00f1o personalizado y tablas para cortar madera, tenemos lo que necesita.\r\n<\/span><\/pre>\n","protected":false},"excerpt":{"rendered":"<p>Los accesorios para fregadero Elkay est\u00e1n dise\u00f1ados para encajar perfectamente y coordinarse con su fregadero Elkay. Desde desag\u00fces de colores combinados hasta rejillas de fregadero de acero inoxidable de tama\u00f1o personalizado y tablas para cortar madera, tenemos lo que necesita.<\/p>\n","protected":false},"featured_media":1306,"template":"","meta":{"_joinchat":[]},"product_brand":[],"product_cat":[50,42],"product_tag":[49],"class_list":{"0":"post-1305","1":"product","2":"type-product","3":"status-publish","4":"has-post-thumbnail","6":"product_cat-contracanasta","7":"product_cat-varios","8":"product_tag-elkay","10":"first","11":"outofstock","12":"shipping-taxable","13":"product-type-simple"},"_links":{"self":[{"href":"https:\/\/eltiosam.com.mx\/index.php\/wp-json\/wp\/v2\/product\/1305","targetHints":{"allow":["GET"]}}],"collection":[{"href":"https:\/\/eltiosam.com.mx\/index.php\/wp-json\/wp\/v2\/product"}],"about":[{"href":"https:\/\/eltiosam.com.mx\/index.php\/wp-json\/wp\/v2\/types\/product"}],"wp:featuredmedia":[{"embeddable":true,"href":"https:\/\/eltiosam.com.mx\/index.php\/wp-json\/wp\/v2\/media\/1306"}],"wp:attachment":[{"href":"https:\/\/eltiosam.com.mx\/index.php\/wp-json\/wp\/v2\/media?parent=1305"}],"wp:term":[{"taxonomy":"product_brand","embeddable":true,"href":"https:\/\/eltiosam.com.mx\/index.php\/wp-json\/wp\/v2\/product_brand?post=1305"},{"taxonomy":"product_cat","embeddable":true,"href":"https:\/\/eltiosam.com.mx\/index.php\/wp-json\/wp\/v2\/product_cat?post=1305"},{"taxonomy":"product_tag","embeddable":true,"href":"https:\/\/eltiosam.com.mx\/index.php\/wp-json\/wp\/v2\/product_tag?post=1305"}],"curies":[{"name":"wp","href":"https:\/\/api.w.org\/{rel}","templated":true}]}}