{"id":13049,"date":"2026-03-19T22:50:21","date_gmt":"2026-03-19T22:50:21","guid":{"rendered":"https:\/\/eltiosam.com.mx\/index.php\/product\/refrigerador-french-door-32p3-samsung-rf32cg5a10s9em\/"},"modified":"2026-03-20T02:24:55","modified_gmt":"2026-03-20T02:24:55","slug":"refrigerador-french-door-32p3-samsung-rf32cg5a10s9em","status":"publish","type":"product","link":"https:\/\/eltiosam.com.mx\/index.php\/product\/refrigerador-french-door-32p3-samsung-rf32cg5a10s9em\/","title":{"rendered":"REFRIGERADOR FRENCH DOOR 32P3 SAMSUNG RF32CG5A10S9EM"},"content":{"rendered":"<div class=\"\n            product-block\n            product-block--custom-liquid\n\n          \"><\/p>\n<div class=\"custom-liquid\">\n<div class=\"accordion\">\n<div class=\"accordion-item open\">\n<div class=\"accordion-content\">\n<p>Descubre el refrigerador Samsung RF32CG5A10S9EM de 32 pies c\u00fabicos, tu nuevo aliado para mantener frescos tus alimentos con estilo. Su dise\u00f1o moderno y espacioso te permite organizar todo f\u00e1cilmente, mientras que su tecnolog\u00eda avanzada asegura que cada bocado se conserve en su punto. \u00a1Dale un toque divertido y pr\u00e1ctico a tu cocina con este refrigerador que sabe c\u00f3mo cuidar tus sabores!<\/p>\n<\/div>\n<\/div>\n<div class=\"accordion-item\">\n<div class=\"accordion-header\"><\/div>\n<\/div>\n<div class=\"accordion-item\">\n<div class=\"accordion-header\"><\/div>\n<\/div>\n<\/div>\n<\/div>\n<\/div>\n<div class=\"\n            product-block\n            product-block--custom-liquid\n\n          \"><\/p>\n<div class=\"custom-liquid\"><\/div>\n<\/div>\n","protected":false},"excerpt":{"rendered":"<p>Descubre el refrigerador Samsung RF32CG5A10S9EM de 32 pies c\u00fabicos, tu nuevo aliado para mantener frescos tus alimentos con estilo. Su dise\u00f1o moderno y espacioso te permite organizar todo f\u00e1cilmente, mientras que su tecnolog\u00eda avanzada asegura que cada bocado se conserve en su punto. \u00a1Dale un toque divertido y pr\u00e1ctico a tu cocina con este refrigerador [&hellip;]<\/p>\n","protected":false},"featured_media":13170,"template":"","meta":{"_joinchat":[]},"product_brand":[],"product_cat":[20],"product_tag":[265],"class_list":{"0":"post-13049","1":"product","2":"type-product","3":"status-publish","4":"has-post-thumbnail","6":"product_cat-refrigeracion","7":"product_tag-samsung","9":"first","10":"instock","11":"shipping-taxable","12":"product-type-simple"},"_links":{"self":[{"href":"https:\/\/eltiosam.com.mx\/index.php\/wp-json\/wp\/v2\/product\/13049","targetHints":{"allow":["GET"]}}],"collection":[{"href":"https:\/\/eltiosam.com.mx\/index.php\/wp-json\/wp\/v2\/product"}],"about":[{"href":"https:\/\/eltiosam.com.mx\/index.php\/wp-json\/wp\/v2\/types\/product"}],"wp:featuredmedia":[{"embeddable":true,"href":"https:\/\/eltiosam.com.mx\/index.php\/wp-json\/wp\/v2\/media\/13170"}],"wp:attachment":[{"href":"https:\/\/eltiosam.com.mx\/index.php\/wp-json\/wp\/v2\/media?parent=13049"}],"wp:term":[{"taxonomy":"product_brand","embeddable":true,"href":"https:\/\/eltiosam.com.mx\/index.php\/wp-json\/wp\/v2\/product_brand?post=13049"},{"taxonomy":"product_cat","embeddable":true,"href":"https:\/\/eltiosam.com.mx\/index.php\/wp-json\/wp\/v2\/product_cat?post=13049"},{"taxonomy":"product_tag","embeddable":true,"href":"https:\/\/eltiosam.com.mx\/index.php\/wp-json\/wp\/v2\/product_tag?post=13049"}],"curies":[{"name":"wp","href":"https:\/\/api.w.org\/{rel}","templated":true}]}}