{"id":13048,"date":"2026-03-19T22:50:21","date_gmt":"2026-03-19T22:50:21","guid":{"rendered":"https:\/\/eltiosam.com.mx\/index.php\/product\/combo-parrilla-y-campana-70cm-mabe-pm7650cm7640\/"},"modified":"2026-03-20T02:25:29","modified_gmt":"2026-03-20T02:25:29","slug":"combo-parrilla-y-campana-70cm-mabe-pm7650cm7640","status":"publish","type":"product","link":"https:\/\/eltiosam.com.mx\/index.php\/product\/combo-parrilla-y-campana-70cm-mabe-pm7650cm7640\/","title":{"rendered":"COMBO PARRILLA Y CAMPANA 70CM MABE PM7650CM7640"},"content":{"rendered":"<div class=\"description\">\n<p>Quemadores multitama\u00f1o, un quemador para cada necesidad, cocina diferentes alimentos. Parrillas de fundici\u00f3n, material altamente resistente y durable, para cocinar con ollas pesadas. Encendido electr\u00f3nico, ahora con el encendido electr\u00f3nico en perillas, obt\u00e9n mayor seguridad y facilidad de uso.Olv\u00eddate de malos olores, humo y rastros de grasa para tener tu cocina m\u00e1s limpia. Gracias a su potencia de extracci\u00f3n, te brinda un espacio m\u00e1s limpio en menos tiempo.<\/p>\n<\/div>\n<div id=\"box-share-pdp\"><\/div>\n","protected":false},"excerpt":{"rendered":"<p>Quemadores multitama\u00f1o, un quemador para cada necesidad, cocina diferentes alimentos. Parrillas de fundici\u00f3n, material altamente resistente y durable, para cocinar con ollas pesadas. Encendido electr\u00f3nico, ahora con el encendido electr\u00f3nico en perillas, obt\u00e9n mayor seguridad y facilidad de uso.Olv\u00eddate de malos olores, humo y rastros de grasa para tener tu cocina m\u00e1s limpia. Gracias a [&hellip;]<\/p>\n","protected":false},"featured_media":13171,"template":"","meta":{"_joinchat":[]},"product_brand":[],"product_cat":[264],"product_tag":[21],"class_list":{"0":"post-13048","1":"product","2":"type-product","3":"status-publish","4":"has-post-thumbnail","6":"product_cat-combos","7":"product_tag-mabe","9":"first","10":"instock","11":"shipping-taxable","12":"product-type-simple"},"_links":{"self":[{"href":"https:\/\/eltiosam.com.mx\/index.php\/wp-json\/wp\/v2\/product\/13048","targetHints":{"allow":["GET"]}}],"collection":[{"href":"https:\/\/eltiosam.com.mx\/index.php\/wp-json\/wp\/v2\/product"}],"about":[{"href":"https:\/\/eltiosam.com.mx\/index.php\/wp-json\/wp\/v2\/types\/product"}],"wp:featuredmedia":[{"embeddable":true,"href":"https:\/\/eltiosam.com.mx\/index.php\/wp-json\/wp\/v2\/media\/13171"}],"wp:attachment":[{"href":"https:\/\/eltiosam.com.mx\/index.php\/wp-json\/wp\/v2\/media?parent=13048"}],"wp:term":[{"taxonomy":"product_brand","embeddable":true,"href":"https:\/\/eltiosam.com.mx\/index.php\/wp-json\/wp\/v2\/product_brand?post=13048"},{"taxonomy":"product_cat","embeddable":true,"href":"https:\/\/eltiosam.com.mx\/index.php\/wp-json\/wp\/v2\/product_cat?post=13048"},{"taxonomy":"product_tag","embeddable":true,"href":"https:\/\/eltiosam.com.mx\/index.php\/wp-json\/wp\/v2\/product_tag?post=13048"}],"curies":[{"name":"wp","href":"https:\/\/api.w.org\/{rel}","templated":true}]}}