{"id":13047,"date":"2026-03-19T22:50:21","date_gmt":"2026-03-19T22:50:21","guid":{"rendered":"https:\/\/eltiosam.com.mx\/index.php\/product\/combo-parrilla-y-campana-60cm-mabe-pm6040cm6040\/"},"modified":"2026-03-20T02:26:06","modified_gmt":"2026-03-20T02:26:06","slug":"combo-parrilla-y-campana-60cm-mabe-pm6040cm6040","status":"publish","type":"product","link":"https:\/\/eltiosam.com.mx\/index.php\/product\/combo-parrilla-y-campana-60cm-mabe-pm6040cm6040\/","title":{"rendered":"COMBO PARRILLA Y CAMPANA 60CM MABE PM6040CM6040"},"content":{"rendered":"<div class=\"description\">\n<p>Cocina mejor con Tecnolog\u00eda Ultimate desde que empiezas a cocinar, hasta que terminas de limpiar. Versatilidad de quemadores con 4 potentes zonas de cocci\u00f3n. Cubierta de vitrocer\u00e1mica de m\u00e1xima resistencia y f\u00e1cil limpieza. Display Glass Touch para controlar f\u00e1cilmente todas las funciones. Incluye espreas para cambio a gas natural.<\/p>\n<\/div>\n<div id=\"box-share-pdp\"><\/div>\n","protected":false},"excerpt":{"rendered":"<p>Cocina mejor con Tecnolog\u00eda Ultimate desde que empiezas a cocinar, hasta que terminas de limpiar. Versatilidad de quemadores con 4 potentes zonas de cocci\u00f3n. Cubierta de vitrocer\u00e1mica de m\u00e1xima resistencia y f\u00e1cil limpieza. Display Glass Touch para controlar f\u00e1cilmente todas las funciones. Incluye espreas para cambio a gas natural.<\/p>\n","protected":false},"featured_media":13172,"template":"","meta":{"_joinchat":[]},"product_brand":[],"product_cat":[264],"product_tag":[21],"class_list":{"0":"post-13047","1":"product","2":"type-product","3":"status-publish","4":"has-post-thumbnail","6":"product_cat-combos","7":"product_tag-mabe","9":"first","10":"instock","11":"shipping-taxable","12":"product-type-simple"},"_links":{"self":[{"href":"https:\/\/eltiosam.com.mx\/index.php\/wp-json\/wp\/v2\/product\/13047","targetHints":{"allow":["GET"]}}],"collection":[{"href":"https:\/\/eltiosam.com.mx\/index.php\/wp-json\/wp\/v2\/product"}],"about":[{"href":"https:\/\/eltiosam.com.mx\/index.php\/wp-json\/wp\/v2\/types\/product"}],"wp:featuredmedia":[{"embeddable":true,"href":"https:\/\/eltiosam.com.mx\/index.php\/wp-json\/wp\/v2\/media\/13172"}],"wp:attachment":[{"href":"https:\/\/eltiosam.com.mx\/index.php\/wp-json\/wp\/v2\/media?parent=13047"}],"wp:term":[{"taxonomy":"product_brand","embeddable":true,"href":"https:\/\/eltiosam.com.mx\/index.php\/wp-json\/wp\/v2\/product_brand?post=13047"},{"taxonomy":"product_cat","embeddable":true,"href":"https:\/\/eltiosam.com.mx\/index.php\/wp-json\/wp\/v2\/product_cat?post=13047"},{"taxonomy":"product_tag","embeddable":true,"href":"https:\/\/eltiosam.com.mx\/index.php\/wp-json\/wp\/v2\/product_tag?post=13047"}],"curies":[{"name":"wp","href":"https:\/\/api.w.org\/{rel}","templated":true}]}}