{"id":13045,"date":"2026-03-19T22:50:21","date_gmt":"2026-03-19T22:50:21","guid":{"rendered":"https:\/\/eltiosam.com.mx\/index.php\/product\/microcampana-1-6p3-io-mabe-io16mji\/"},"modified":"2026-03-20T02:26:37","modified_gmt":"2026-03-20T02:26:37","slug":"microcampana-1-6p3-io-mabe-io16mji","status":"publish","type":"product","link":"https:\/\/eltiosam.com.mx\/index.php\/product\/microcampana-1-6p3-io-mabe-io16mji\/","title":{"rendered":"MICROCAMPANA 1.6P3 IO MABE IO16MJI"},"content":{"rendered":"<div class=\"description\">\n<p>6 men\u00fas de autococci\u00f3n que te permiten calentar o cocinar personalizado el tiempo. Funci\u00f3n grill, te permite gratinar y dorar tus platillos. 10 niveles de potencia que te permiten cocinar una gran vaiedad de alimentos.<\/p>\n<\/div>\n<div id=\"box-share-pdp\"><\/div>\n","protected":false},"excerpt":{"rendered":"<p>6 men\u00fas de autococci\u00f3n que te permiten calentar o cocinar personalizado el tiempo. Funci\u00f3n grill, te permite gratinar y dorar tus platillos. 10 niveles de potencia que te permiten cocinar una gran vaiedad de alimentos.<\/p>\n","protected":false},"featured_media":13175,"template":"","meta":{"_joinchat":[]},"product_brand":[],"product_cat":[260],"product_tag":[61],"class_list":{"0":"post-13045","1":"product","2":"type-product","3":"status-publish","4":"has-post-thumbnail","6":"product_cat-campanas-2","7":"product_tag-io-mabe","9":"first","10":"instock","11":"shipping-taxable","12":"product-type-simple"},"_links":{"self":[{"href":"https:\/\/eltiosam.com.mx\/index.php\/wp-json\/wp\/v2\/product\/13045","targetHints":{"allow":["GET"]}}],"collection":[{"href":"https:\/\/eltiosam.com.mx\/index.php\/wp-json\/wp\/v2\/product"}],"about":[{"href":"https:\/\/eltiosam.com.mx\/index.php\/wp-json\/wp\/v2\/types\/product"}],"wp:featuredmedia":[{"embeddable":true,"href":"https:\/\/eltiosam.com.mx\/index.php\/wp-json\/wp\/v2\/media\/13175"}],"wp:attachment":[{"href":"https:\/\/eltiosam.com.mx\/index.php\/wp-json\/wp\/v2\/media?parent=13045"}],"wp:term":[{"taxonomy":"product_brand","embeddable":true,"href":"https:\/\/eltiosam.com.mx\/index.php\/wp-json\/wp\/v2\/product_brand?post=13045"},{"taxonomy":"product_cat","embeddable":true,"href":"https:\/\/eltiosam.com.mx\/index.php\/wp-json\/wp\/v2\/product_cat?post=13045"},{"taxonomy":"product_tag","embeddable":true,"href":"https:\/\/eltiosam.com.mx\/index.php\/wp-json\/wp\/v2\/product_tag?post=13045"}],"curies":[{"name":"wp","href":"https:\/\/api.w.org\/{rel}","templated":true}]}}