{"id":13041,"date":"2026-03-19T22:50:20","date_gmt":"2026-03-19T22:50:20","guid":{"rendered":"https:\/\/eltiosam.com.mx\/index.php\/product\/campana-empotrable-80cm-whirlpool-wh8010dd\/"},"modified":"2026-03-19T23:24:42","modified_gmt":"2026-03-19T23:24:42","slug":"campana-empotrable-80cm-whirlpool-wh8010dd","status":"publish","type":"product","link":"https:\/\/eltiosam.com.mx\/index.php\/product\/campana-empotrable-80cm-whirlpool-wh8010dd\/","title":{"rendered":"CAMPANA EMPOTRABLE 80CM WHIRLPOOL WH8010DD"},"content":{"rendered":"<p class=\"whirlpoolmaster-store-3-x-ProductCharacteristics_title\">Caracteristicas<\/p>\n<ul class=\"whirlpoolmaster-store-3-x-ProductCharacteristics_content_list\">\n<li class=\"whirlpoolmaster-store-3-x-ProductCharacteristics_content_list_item t-body\">Ilumina la zona de cocci\u00f3n con menor consumo energ\u00e9tico en comparaci\u00f3n con la luz incandescente.<\/li>\n<li class=\"whirlpoolmaster-store-3-x-ProductCharacteristics_content_list_item t-body\">Filtros de aluminio atrapa grasa lavables y filtro de carb\u00f3n activado para absorber olores.<\/li>\n<li class=\"whirlpoolmaster-store-3-x-ProductCharacteristics_content_list_item t-body\">Tres niveles de ventilaci\u00f3n para adaptarse a diferentes necesidades de cocci\u00f3n.<\/li>\n<\/ul>\n","protected":false},"excerpt":{"rendered":"<p>Caracteristicas Ilumina la zona de cocci\u00f3n con menor consumo energ\u00e9tico en comparaci\u00f3n con la luz incandescente. Filtros de aluminio atrapa grasa lavables y filtro de carb\u00f3n activado para absorber olores. Tres niveles de ventilaci\u00f3n para adaptarse a diferentes necesidades de cocci\u00f3n.<\/p>\n","protected":false},"featured_media":13151,"template":"","meta":{"_joinchat":[]},"product_brand":[],"product_cat":[260],"product_tag":[204],"class_list":{"0":"post-13041","1":"product","2":"type-product","3":"status-publish","4":"has-post-thumbnail","6":"product_cat-campanas-2","7":"product_tag-whirlpool","9":"first","10":"instock","11":"shipping-taxable","12":"product-type-simple"},"_links":{"self":[{"href":"https:\/\/eltiosam.com.mx\/index.php\/wp-json\/wp\/v2\/product\/13041","targetHints":{"allow":["GET"]}}],"collection":[{"href":"https:\/\/eltiosam.com.mx\/index.php\/wp-json\/wp\/v2\/product"}],"about":[{"href":"https:\/\/eltiosam.com.mx\/index.php\/wp-json\/wp\/v2\/types\/product"}],"wp:featuredmedia":[{"embeddable":true,"href":"https:\/\/eltiosam.com.mx\/index.php\/wp-json\/wp\/v2\/media\/13151"}],"wp:attachment":[{"href":"https:\/\/eltiosam.com.mx\/index.php\/wp-json\/wp\/v2\/media?parent=13041"}],"wp:term":[{"taxonomy":"product_brand","embeddable":true,"href":"https:\/\/eltiosam.com.mx\/index.php\/wp-json\/wp\/v2\/product_brand?post=13041"},{"taxonomy":"product_cat","embeddable":true,"href":"https:\/\/eltiosam.com.mx\/index.php\/wp-json\/wp\/v2\/product_cat?post=13041"},{"taxonomy":"product_tag","embeddable":true,"href":"https:\/\/eltiosam.com.mx\/index.php\/wp-json\/wp\/v2\/product_tag?post=13041"}],"curies":[{"name":"wp","href":"https:\/\/api.w.org\/{rel}","templated":true}]}}