{"id":13040,"date":"2026-03-19T22:50:20","date_gmt":"2026-03-19T22:50:20","guid":{"rendered":"https:\/\/eltiosam.com.mx\/index.php\/product\/campana-empotrable-76cm-whirlpool-wh7610ss\/"},"modified":"2026-03-19T23:25:10","modified_gmt":"2026-03-19T23:25:10","slug":"campana-empotrable-76cm-whirlpool-wh7610ss","status":"publish","type":"product","link":"https:\/\/eltiosam.com.mx\/index.php\/product\/campana-empotrable-76cm-whirlpool-wh7610ss\/","title":{"rendered":"CAMPANA EMPOTRABLE 76CM WHIRLPOOL WH7610SS"},"content":{"rendered":"<p>&nbsp;<\/p>\n<div class=\"pr0 items-stretch vtex-flex-layout-0-x-stretchChildrenWidth   flex\">\n<div class=\"vtex-store-components-3-x-productDescriptionContainer\">\n<div class=\"vtex-store-components-3-x-productDescriptionText c-muted-1\">Campana \u00fanica en su clase con vidrio decorativo y look exclusivo. Cuenta con iluminaci\u00f3n frontal y capacidad de extracci\u00f3n de 323 m\u00b3\/hr. Cuenta con 3 velocidades y controles ocultos para una mayor comodidad adem\u00e1s de filtros de aluminio y carb\u00f3n que eliminan grasa y olores.<\/div>\n<\/div>\n<\/div>\n<div class=\"pr0 items-stretch vtex-flex-layout-0-x-stretchChildrenWidth   flex\"><\/div>\n<div class=\"pr0 items-stretch vtex-flex-layout-0-x-stretchChildrenWidth   flex\"><\/div>\n<div class=\"pr0 items-stretch vtex-flex-layout-0-x-stretchChildrenWidth   flex\"><\/div>\n","protected":false},"excerpt":{"rendered":"<p>&nbsp; Campana \u00fanica en su clase con vidrio decorativo y look exclusivo. Cuenta con iluminaci\u00f3n frontal y capacidad de extracci\u00f3n de 323 m\u00b3\/hr. Cuenta con 3 velocidades y controles ocultos para una mayor comodidad adem\u00e1s de filtros de aluminio y carb\u00f3n que eliminan grasa y olores.<\/p>\n","protected":false},"featured_media":13153,"template":"","meta":{"_joinchat":[]},"product_brand":[],"product_cat":[260],"product_tag":[204],"class_list":{"0":"post-13040","1":"product","2":"type-product","3":"status-publish","4":"has-post-thumbnail","6":"product_cat-campanas-2","7":"product_tag-whirlpool","9":"first","10":"instock","11":"shipping-taxable","12":"product-type-simple"},"_links":{"self":[{"href":"https:\/\/eltiosam.com.mx\/index.php\/wp-json\/wp\/v2\/product\/13040","targetHints":{"allow":["GET"]}}],"collection":[{"href":"https:\/\/eltiosam.com.mx\/index.php\/wp-json\/wp\/v2\/product"}],"about":[{"href":"https:\/\/eltiosam.com.mx\/index.php\/wp-json\/wp\/v2\/types\/product"}],"wp:featuredmedia":[{"embeddable":true,"href":"https:\/\/eltiosam.com.mx\/index.php\/wp-json\/wp\/v2\/media\/13153"}],"wp:attachment":[{"href":"https:\/\/eltiosam.com.mx\/index.php\/wp-json\/wp\/v2\/media?parent=13040"}],"wp:term":[{"taxonomy":"product_brand","embeddable":true,"href":"https:\/\/eltiosam.com.mx\/index.php\/wp-json\/wp\/v2\/product_brand?post=13040"},{"taxonomy":"product_cat","embeddable":true,"href":"https:\/\/eltiosam.com.mx\/index.php\/wp-json\/wp\/v2\/product_cat?post=13040"},{"taxonomy":"product_tag","embeddable":true,"href":"https:\/\/eltiosam.com.mx\/index.php\/wp-json\/wp\/v2\/product_tag?post=13040"}],"curies":[{"name":"wp","href":"https:\/\/api.w.org\/{rel}","templated":true}]}}