{"id":13039,"date":"2026-03-19T22:50:20","date_gmt":"2026-03-19T22:50:20","guid":{"rendered":"https:\/\/eltiosam.com.mx\/index.php\/product\/campana-empotrable-76cm-whirlpool-wh7610dd\/"},"modified":"2026-03-19T23:25:56","modified_gmt":"2026-03-19T23:25:56","slug":"campana-empotrable-76cm-whirlpool-wh7610dd","status":"publish","type":"product","link":"https:\/\/eltiosam.com.mx\/index.php\/product\/campana-empotrable-76cm-whirlpool-wh7610dd\/","title":{"rendered":"CAMPANA EMPOTRABLE 76CM WHIRLPOOL WH7610DD"},"content":{"rendered":"<p>Campana Empotrable Whirlpool de 76 cm \u2013 Acero Inoxidable<\/p>\n<p>Esta campana para cocina de 76 cm (WH7610D) combina funcionalidad y dise\u00f1o para mantener tu cocina libre de humo, grasa y olores. Con filtros de aluminio y carb\u00f3n activado, garantiza una mejor calidad del aire. Su sistema de tres velocidades se adapta a diferentes necesidades de ventilaci\u00f3n, mientras que la iluminaci\u00f3n frontal ofrece mayor visibilidad en la zona de cocci\u00f3n. Adem\u00e1s, la campana de extracci\u00f3n cuenta con un acabado en acero inoxidable con vidrio decorativo le da un toque moderno a cualquier cocina.<\/p>\n<p>Caracter\u00edsticas a destacar de la campana Whirlpool:<br \/>\n-Luz hal\u00f3gena: Ilumina la zona de cocci\u00f3n para mejorar la visibilidad y reducir el consumo energ\u00e9tico en comparaci\u00f3n con la luz incandescente.<br \/>\n-Elimina grasa y olores: Filtros de agua atrapa grasa lavables y filtro de carb\u00f3n activado que ayudan a mantener el ambiente fresco y limpio.<br \/>\n-Tres velocidades: Ajusta la potencia de extracci\u00f3n seg\u00fan lo que est\u00e9s cocinando para una ventilaci\u00f3n eficiente.<\/p>\n<p>Renueva tu espacio con esta campana de cocina que combina estilo y funcionalidad. Disfruta de un ambiente m\u00e1s limpio mientras preparas tus platillos favoritos. \u00a1Elige la mejor opci\u00f3n para tu hogar!<\/p>\n","protected":false},"excerpt":{"rendered":"<p>Campana Empotrable Whirlpool de 76 cm \u2013 Acero Inoxidable Esta campana para cocina de 76 cm (WH7610D) combina funcionalidad y dise\u00f1o para mantener tu cocina libre de humo, grasa y olores. Con filtros de aluminio y carb\u00f3n activado, garantiza una mejor calidad del aire. Su sistema de tres velocidades se adapta a diferentes necesidades de [&hellip;]<\/p>\n","protected":false},"featured_media":13155,"template":"","meta":{"_joinchat":[]},"product_brand":[],"product_cat":[260],"product_tag":[204],"class_list":{"0":"post-13039","1":"product","2":"type-product","3":"status-publish","4":"has-post-thumbnail","6":"product_cat-campanas-2","7":"product_tag-whirlpool","9":"first","10":"instock","11":"shipping-taxable","12":"product-type-simple"},"_links":{"self":[{"href":"https:\/\/eltiosam.com.mx\/index.php\/wp-json\/wp\/v2\/product\/13039","targetHints":{"allow":["GET"]}}],"collection":[{"href":"https:\/\/eltiosam.com.mx\/index.php\/wp-json\/wp\/v2\/product"}],"about":[{"href":"https:\/\/eltiosam.com.mx\/index.php\/wp-json\/wp\/v2\/types\/product"}],"wp:featuredmedia":[{"embeddable":true,"href":"https:\/\/eltiosam.com.mx\/index.php\/wp-json\/wp\/v2\/media\/13155"}],"wp:attachment":[{"href":"https:\/\/eltiosam.com.mx\/index.php\/wp-json\/wp\/v2\/media?parent=13039"}],"wp:term":[{"taxonomy":"product_brand","embeddable":true,"href":"https:\/\/eltiosam.com.mx\/index.php\/wp-json\/wp\/v2\/product_brand?post=13039"},{"taxonomy":"product_cat","embeddable":true,"href":"https:\/\/eltiosam.com.mx\/index.php\/wp-json\/wp\/v2\/product_cat?post=13039"},{"taxonomy":"product_tag","embeddable":true,"href":"https:\/\/eltiosam.com.mx\/index.php\/wp-json\/wp\/v2\/product_tag?post=13039"}],"curies":[{"name":"wp","href":"https:\/\/api.w.org\/{rel}","templated":true}]}}