{"id":13038,"date":"2026-03-19T22:50:20","date_gmt":"2026-03-19T22:50:20","guid":{"rendered":"https:\/\/eltiosam.com.mx\/index.php\/product\/campana-empotrable-76cm-whirlpool-wh7610bb\/"},"modified":"2026-03-19T23:26:20","modified_gmt":"2026-03-19T23:26:20","slug":"campana-empotrable-76cm-whirlpool-wh7610bb","status":"publish","type":"product","link":"https:\/\/eltiosam.com.mx\/index.php\/product\/campana-empotrable-76cm-whirlpool-wh7610bb\/","title":{"rendered":"CAMPANA EMPOTRABLE 76CM WHIRLPOOL WH7610BB"},"content":{"rendered":"<div class=\"whirlpoolmaster-store-3-x-collapsible_container\">\n<div class=\"vtex-styleguide-9-x-jsFocusVisible\">\n<div role=\"region\">\n<section id=\"description\">\n<div class=\"vtex-flex-layout-0-x-flexRow vtex-flex-layout-0-x-flexRow--pdp-description\" aria-label=\"Secci\u00f3n fila\">\n<section class=\"vtex-store-components-3-x-container ph3 ph5-m ph2-xl mw9 center \">\n<div class=\"flex mt0 mb0 pt0 pb0    justify-between vtex-flex-layout-0-x-flexRowContent vtex-flex-layout-0-x-flexRowContent--pdp-description items-stretch w-100\">\n<div class=\"pr0 items-stretch vtex-flex-layout-0-x-stretchChildrenWidth   flex\">\n<div class=\"vtex-store-components-3-x-productDescriptionContainer\">\n<div class=\"vtex-store-components-3-x-productDescriptionText c-muted-1\">Campana empotrable con 3 velocidades que brindan un 20% mayor extracci\u00f3n, adicional a sus 2 filtros de carb\u00f3n y 2 de aluminio te brindan una mayor eficiencia en eliminaci\u00f3n de olores y grasas. Cuenta con una operaci\u00f3n 20% m\u00e1s silenciosa, para que el sonido no interrumpa tu rutina. Su dise\u00f1o minimalista con acabado de vidrio espejo y control oculto deslizable se adapta con tus espacios. Nueva iluminaci\u00f3n LED con foco c\u00e1lido que mejora la visibilidad, mientras te genera un ahorro energ\u00e9tico.<\/div>\n<\/div>\n<\/div>\n<div class=\"pr0 items-stretch vtex-flex-layout-0-x-stretchChildrenWidth   flex\"><\/div>\n<div class=\"pr0 items-stretch vtex-flex-layout-0-x-stretchChildrenWidth   flex\"><\/div>\n<div class=\"pr0 items-stretch vtex-flex-layout-0-x-stretchChildrenWidth   flex\"><\/div>\n<div class=\"pr0 items-stretch vtex-flex-layout-0-x-stretchChildrenWidth   flex\"><\/div>\n<\/div>\n<\/section>\n<\/div>\n<\/section>\n<\/div>\n<\/div>\n<\/div>\n<div class=\"whirlpoolmaster-store-3-x-collapsible_container\">\n<div class=\"vtex-styleguide-9-x-jsFocusVisible\">\n<div class=\"flex flex-row items-center pointer\" tabindex=\"0\" role=\"button\" aria-expanded=\"false\">\n<div class=\"flex-grow-1\"><\/div>\n<\/div>\n<\/div>\n<\/div>\n","protected":false},"excerpt":{"rendered":"<p>Campana empotrable con 3 velocidades que brindan un 20% mayor extracci\u00f3n, adicional a sus 2 filtros de carb\u00f3n y 2 de aluminio te brindan una mayor eficiencia en eliminaci\u00f3n de olores y grasas. Cuenta con una operaci\u00f3n 20% m\u00e1s silenciosa, para que el sonido no interrumpa tu rutina. Su dise\u00f1o minimalista con acabado de vidrio [&hellip;]<\/p>\n","protected":false},"featured_media":13156,"template":"","meta":{"_joinchat":[]},"product_brand":[],"product_cat":[260],"product_tag":[204],"class_list":{"0":"post-13038","1":"product","2":"type-product","3":"status-publish","4":"has-post-thumbnail","6":"product_cat-campanas-2","7":"product_tag-whirlpool","9":"first","10":"instock","11":"shipping-taxable","12":"product-type-simple"},"_links":{"self":[{"href":"https:\/\/eltiosam.com.mx\/index.php\/wp-json\/wp\/v2\/product\/13038","targetHints":{"allow":["GET"]}}],"collection":[{"href":"https:\/\/eltiosam.com.mx\/index.php\/wp-json\/wp\/v2\/product"}],"about":[{"href":"https:\/\/eltiosam.com.mx\/index.php\/wp-json\/wp\/v2\/types\/product"}],"wp:featuredmedia":[{"embeddable":true,"href":"https:\/\/eltiosam.com.mx\/index.php\/wp-json\/wp\/v2\/media\/13156"}],"wp:attachment":[{"href":"https:\/\/eltiosam.com.mx\/index.php\/wp-json\/wp\/v2\/media?parent=13038"}],"wp:term":[{"taxonomy":"product_brand","embeddable":true,"href":"https:\/\/eltiosam.com.mx\/index.php\/wp-json\/wp\/v2\/product_brand?post=13038"},{"taxonomy":"product_cat","embeddable":true,"href":"https:\/\/eltiosam.com.mx\/index.php\/wp-json\/wp\/v2\/product_cat?post=13038"},{"taxonomy":"product_tag","embeddable":true,"href":"https:\/\/eltiosam.com.mx\/index.php\/wp-json\/wp\/v2\/product_tag?post=13038"}],"curies":[{"name":"wp","href":"https:\/\/api.w.org\/{rel}","templated":true}]}}