{"id":13035,"date":"2026-03-19T22:50:19","date_gmt":"2026-03-19T22:50:19","guid":{"rendered":"https:\/\/eltiosam.com.mx\/index.php\/product\/refrigerador-french-door-25p3-whirlpool-wrff3536sz\/"},"modified":"2026-03-19T23:21:41","modified_gmt":"2026-03-19T23:21:41","slug":"refrigerador-french-door-25p3-whirlpool-wrff3536sz","status":"publish","type":"product","link":"https:\/\/eltiosam.com.mx\/index.php\/product\/refrigerador-french-door-25p3-whirlpool-wrff3536sz\/","title":{"rendered":"REFRIGERADOR FRENCH DOOR 25P3 WHIRLPOOL WRFF3536SZ"},"content":{"rendered":"<p class=\"whirlpoolmaster-store-3-x-ProductCharacteristics_title\">Caracteristicas<\/p>\n<ul class=\"whirlpoolmaster-store-3-x-ProductCharacteristics_content_list\">\n<li class=\"whirlpoolmaster-store-3-x-ProductCharacteristics_content_list_item t-body\">Tecnolog\u00eda Xpert Inverter que reduce el consumo el\u00e9ctrico.<\/li>\n<li class=\"whirlpoolmaster-store-3-x-ProductCharacteristics_content_list_item t-body\">Disfruta agua filtrada y hasta 1.8 kg de hielo sin abrir la puerta.<\/li>\n<li class=\"whirlpoolmaster-store-3-x-ProductCharacteristics_content_list_item t-body\">Parrillas y anaqueles ajustables para almacenar como t\u00fa quieras.<\/li>\n<li class=\"whirlpoolmaster-store-3-x-ProductCharacteristics_content_list_item t-body\">Enfriamiento r\u00e1pido para conservar frescura al momento.<\/li>\n<li class=\"whirlpoolmaster-store-3-x-ProductCharacteristics_content_list_item t-body\">Acabado antifingerprint f\u00e1cil de limpiar y siempre impecable.<\/li>\n<\/ul>\n","protected":false},"excerpt":{"rendered":"<p>Caracteristicas Tecnolog\u00eda Xpert Inverter que reduce el consumo el\u00e9ctrico. Disfruta agua filtrada y hasta 1.8 kg de hielo sin abrir la puerta. Parrillas y anaqueles ajustables para almacenar como t\u00fa quieras. Enfriamiento r\u00e1pido para conservar frescura al momento. Acabado antifingerprint f\u00e1cil de limpiar y siempre impecable.<\/p>\n","protected":false},"featured_media":13145,"template":"","meta":{"_joinchat":[]},"product_brand":[],"product_cat":[20],"product_tag":[204],"class_list":{"0":"post-13035","1":"product","2":"type-product","3":"status-publish","4":"has-post-thumbnail","6":"product_cat-refrigeracion","7":"product_tag-whirlpool","9":"first","10":"instock","11":"shipping-taxable","12":"product-type-simple"},"_links":{"self":[{"href":"https:\/\/eltiosam.com.mx\/index.php\/wp-json\/wp\/v2\/product\/13035","targetHints":{"allow":["GET"]}}],"collection":[{"href":"https:\/\/eltiosam.com.mx\/index.php\/wp-json\/wp\/v2\/product"}],"about":[{"href":"https:\/\/eltiosam.com.mx\/index.php\/wp-json\/wp\/v2\/types\/product"}],"wp:featuredmedia":[{"embeddable":true,"href":"https:\/\/eltiosam.com.mx\/index.php\/wp-json\/wp\/v2\/media\/13145"}],"wp:attachment":[{"href":"https:\/\/eltiosam.com.mx\/index.php\/wp-json\/wp\/v2\/media?parent=13035"}],"wp:term":[{"taxonomy":"product_brand","embeddable":true,"href":"https:\/\/eltiosam.com.mx\/index.php\/wp-json\/wp\/v2\/product_brand?post=13035"},{"taxonomy":"product_cat","embeddable":true,"href":"https:\/\/eltiosam.com.mx\/index.php\/wp-json\/wp\/v2\/product_cat?post=13035"},{"taxonomy":"product_tag","embeddable":true,"href":"https:\/\/eltiosam.com.mx\/index.php\/wp-json\/wp\/v2\/product_tag?post=13035"}],"curies":[{"name":"wp","href":"https:\/\/api.w.org\/{rel}","templated":true}]}}