{"id":13033,"date":"2026-03-19T22:50:13","date_gmt":"2026-03-19T22:50:13","guid":{"rendered":"https:\/\/eltiosam.com.mx\/index.php\/product\/refrigerador-inverter-18p3-whirlpool-wt1850k\/"},"modified":"2026-03-19T23:08:16","modified_gmt":"2026-03-19T23:08:16","slug":"refrigerador-inverter-18p3-whirlpool-wt1850k","status":"publish","type":"product","link":"https:\/\/eltiosam.com.mx\/index.php\/product\/refrigerador-inverter-18p3-whirlpool-wt1850k\/","title":{"rendered":"REFRIGERADOR INVERTER 18P3 WHIRLPOOL WT1850K"},"content":{"rendered":"<p>Ahorro energ\u00e9tico superior con Xpert Energy Saver, combina 3 tecnolog\u00edas para mayor eficiencia y 10 a\u00f1os de garant\u00eda. Luz LED interior para mejor visibilidad de los alimentos. Xpert Spaces y Xpert Fresh te brindan 50% m\u00e1s espacio para tus frutas y verduras y preservaci\u00f3n de hasta 15 d\u00edas; adicional, cuenta con caj\u00f3n Cold Space, especial para carnes fr\u00edas. Congelador con Sistema Auto Defrost detecta y adapta la temperatura ideal para mayor eficiencia y conservaci\u00f3n.<\/p>\n","protected":false},"excerpt":{"rendered":"<p>Ahorro energ\u00e9tico superior con Xpert Energy Saver, combina 3 tecnolog\u00edas para mayor eficiencia y 10 a\u00f1os de garant\u00eda. Luz LED interior para mejor visibilidad de los alimentos. Xpert Spaces y Xpert Fresh te brindan 50% m\u00e1s espacio para tus frutas y verduras y preservaci\u00f3n de hasta 15 d\u00edas; adicional, cuenta con caj\u00f3n Cold Space, especial [&hellip;]<\/p>\n","protected":false},"featured_media":13126,"template":"","meta":{"_joinchat":[]},"product_brand":[],"product_cat":[20],"product_tag":[204],"class_list":{"0":"post-13033","1":"product","2":"type-product","3":"status-publish","4":"has-post-thumbnail","6":"product_cat-refrigeracion","7":"product_tag-whirlpool","9":"first","10":"instock","11":"shipping-taxable","12":"product-type-simple"},"_links":{"self":[{"href":"https:\/\/eltiosam.com.mx\/index.php\/wp-json\/wp\/v2\/product\/13033","targetHints":{"allow":["GET"]}}],"collection":[{"href":"https:\/\/eltiosam.com.mx\/index.php\/wp-json\/wp\/v2\/product"}],"about":[{"href":"https:\/\/eltiosam.com.mx\/index.php\/wp-json\/wp\/v2\/types\/product"}],"wp:featuredmedia":[{"embeddable":true,"href":"https:\/\/eltiosam.com.mx\/index.php\/wp-json\/wp\/v2\/media\/13126"}],"wp:attachment":[{"href":"https:\/\/eltiosam.com.mx\/index.php\/wp-json\/wp\/v2\/media?parent=13033"}],"wp:term":[{"taxonomy":"product_brand","embeddable":true,"href":"https:\/\/eltiosam.com.mx\/index.php\/wp-json\/wp\/v2\/product_brand?post=13033"},{"taxonomy":"product_cat","embeddable":true,"href":"https:\/\/eltiosam.com.mx\/index.php\/wp-json\/wp\/v2\/product_cat?post=13033"},{"taxonomy":"product_tag","embeddable":true,"href":"https:\/\/eltiosam.com.mx\/index.php\/wp-json\/wp\/v2\/product_tag?post=13033"}],"curies":[{"name":"wp","href":"https:\/\/api.w.org\/{rel}","templated":true}]}}