{"id":13030,"date":"2026-03-19T22:50:13","date_gmt":"2026-03-19T22:50:13","guid":{"rendered":"https:\/\/eltiosam.com.mx\/index.php\/product\/campana-de-pared-48-monogram-zvws481srss\/"},"modified":"2026-03-19T23:12:52","modified_gmt":"2026-03-19T23:12:52","slug":"campana-de-pared-48-monogram-zvws481srss","status":"publish","type":"product","link":"https:\/\/eltiosam.com.mx\/index.php\/product\/campana-de-pared-48-monogram-zvws481srss\/","title":{"rendered":"CAMPANA DE PARED 48&#8243; MONOGRAM ZVWS481SRSS"},"content":{"rendered":"<p>Mejore su cocina con la campana Monogram. Color acero inoxidable.<\/p>\n<p>Caracter\u00edsticas:<\/p>\n<p>Campana Hood Pared<br \/>\nColecci\u00f3n Profesional<br \/>\n48\u2033 (120 cm)<br \/>\nMarca: Monogram<br \/>\nModelo: ZVW1480SPSS<br \/>\nColor: Acero Inoxidable<br \/>\nL\u00ednea Statement<br \/>\n4 Niveles de Extracci\u00f3n<br \/>\n6 Niveles de Iluminaci\u00f3n<br \/>\nIluminaci\u00f3n LED<br \/>\nIndicador de Cambio de Filtros<br \/>\nConectividad Wifi<br \/>\nFiltros Removibles y Lavables<br \/>\nAlarma para Cambio de Filtros<br \/>\nDucto Telesc\u00f3pico<br \/>\n120 cm<\/p>\n","protected":false},"excerpt":{"rendered":"<p>Mejore su cocina con la campana Monogram. Color acero inoxidable. Caracter\u00edsticas: Campana Hood Pared Colecci\u00f3n Profesional 48\u2033 (120 cm) Marca: Monogram Modelo: ZVW1480SPSS Color: Acero Inoxidable L\u00ednea Statement 4 Niveles de Extracci\u00f3n 6 Niveles de Iluminaci\u00f3n Iluminaci\u00f3n LED Indicador de Cambio de Filtros Conectividad Wifi Filtros Removibles y Lavables Alarma para Cambio de Filtros Ducto [&hellip;]<\/p>\n","protected":false},"featured_media":13129,"template":"","meta":{"_joinchat":[]},"product_brand":[],"product_cat":[260],"product_tag":[79],"class_list":{"0":"post-13030","1":"product","2":"type-product","3":"status-publish","4":"has-post-thumbnail","6":"product_cat-campanas-2","7":"product_tag-monogram","9":"first","10":"instock","11":"shipping-taxable","12":"product-type-simple"},"_links":{"self":[{"href":"https:\/\/eltiosam.com.mx\/index.php\/wp-json\/wp\/v2\/product\/13030","targetHints":{"allow":["GET"]}}],"collection":[{"href":"https:\/\/eltiosam.com.mx\/index.php\/wp-json\/wp\/v2\/product"}],"about":[{"href":"https:\/\/eltiosam.com.mx\/index.php\/wp-json\/wp\/v2\/types\/product"}],"wp:featuredmedia":[{"embeddable":true,"href":"https:\/\/eltiosam.com.mx\/index.php\/wp-json\/wp\/v2\/media\/13129"}],"wp:attachment":[{"href":"https:\/\/eltiosam.com.mx\/index.php\/wp-json\/wp\/v2\/media?parent=13030"}],"wp:term":[{"taxonomy":"product_brand","embeddable":true,"href":"https:\/\/eltiosam.com.mx\/index.php\/wp-json\/wp\/v2\/product_brand?post=13030"},{"taxonomy":"product_cat","embeddable":true,"href":"https:\/\/eltiosam.com.mx\/index.php\/wp-json\/wp\/v2\/product_cat?post=13030"},{"taxonomy":"product_tag","embeddable":true,"href":"https:\/\/eltiosam.com.mx\/index.php\/wp-json\/wp\/v2\/product_tag?post=13030"}],"curies":[{"name":"wp","href":"https:\/\/api.w.org\/{rel}","templated":true}]}}