{"id":13027,"date":"2026-03-19T22:50:13","date_gmt":"2026-03-19T22:50:13","guid":{"rendered":"https:\/\/eltiosam.com.mx\/index.php\/product\/microondas-1-1p3-mabe-hmm11sjw\/"},"modified":"2026-03-19T23:14:58","modified_gmt":"2026-03-19T23:14:58","slug":"microondas-1-1p3-mabe-hmm11sjw","status":"publish","type":"product","link":"https:\/\/eltiosam.com.mx\/index.php\/product\/microondas-1-1p3-mabe-hmm11sjw\/","title":{"rendered":"MICROONDAS 1.1P3 MABE HMM11SJW"},"content":{"rendered":"<p>Tecnolog\u00eda Eco para apagar el display cuando no se usa, logrando un mayor ahorro de energ\u00eda. Funci\u00f3n de memoria para guardar tu configuraci\u00f3n favorita. Programas especiales para cocinar distintos platillos de manera r\u00e1pida y sencilla.<\/p>\n","protected":false},"excerpt":{"rendered":"<p>Tecnolog\u00eda Eco para apagar el display cuando no se usa, logrando un mayor ahorro de energ\u00eda. Funci\u00f3n de memoria para guardar tu configuraci\u00f3n favorita. Programas especiales para cocinar distintos platillos de manera r\u00e1pida y sencilla.<\/p>\n","protected":false},"featured_media":13133,"template":"","meta":{"_joinchat":[]},"product_brand":[],"product_cat":[262],"product_tag":[21],"class_list":{"0":"post-13027","1":"product","2":"type-product","3":"status-publish","4":"has-post-thumbnail","6":"product_cat-microondas-coccion","7":"product_tag-mabe","9":"first","10":"instock","11":"shipping-taxable","12":"product-type-simple"},"_links":{"self":[{"href":"https:\/\/eltiosam.com.mx\/index.php\/wp-json\/wp\/v2\/product\/13027","targetHints":{"allow":["GET"]}}],"collection":[{"href":"https:\/\/eltiosam.com.mx\/index.php\/wp-json\/wp\/v2\/product"}],"about":[{"href":"https:\/\/eltiosam.com.mx\/index.php\/wp-json\/wp\/v2\/types\/product"}],"wp:featuredmedia":[{"embeddable":true,"href":"https:\/\/eltiosam.com.mx\/index.php\/wp-json\/wp\/v2\/media\/13133"}],"wp:attachment":[{"href":"https:\/\/eltiosam.com.mx\/index.php\/wp-json\/wp\/v2\/media?parent=13027"}],"wp:term":[{"taxonomy":"product_brand","embeddable":true,"href":"https:\/\/eltiosam.com.mx\/index.php\/wp-json\/wp\/v2\/product_brand?post=13027"},{"taxonomy":"product_cat","embeddable":true,"href":"https:\/\/eltiosam.com.mx\/index.php\/wp-json\/wp\/v2\/product_cat?post=13027"},{"taxonomy":"product_tag","embeddable":true,"href":"https:\/\/eltiosam.com.mx\/index.php\/wp-json\/wp\/v2\/product_tag?post=13027"}],"curies":[{"name":"wp","href":"https:\/\/api.w.org\/{rel}","templated":true}]}}