{"id":13026,"date":"2026-03-19T22:50:13","date_gmt":"2026-03-19T22:50:13","guid":{"rendered":"https:\/\/eltiosam.com.mx\/index.php\/product\/microondas-0-7p3-mabe-hmm07sjw\/"},"modified":"2026-03-19T23:15:27","modified_gmt":"2026-03-19T23:15:27","slug":"microondas-0-7p3-mabe-hmm07sjw","status":"publish","type":"product","link":"https:\/\/eltiosam.com.mx\/index.php\/product\/microondas-0-7p3-mabe-hmm07sjw\/","title":{"rendered":"MICROONDAS 0.7P3 MABE HMM07SJW"},"content":{"rendered":"<p>Dise\u00f1o moderno y funcional. Usa la funci\u00f3n express cook y cocina los alimentos m\u00e1s r\u00e1pido y f\u00e1cil. bot\u00f3n, 6 funciones r\u00e1pidas, Cocina distintos platillos gracias a los 10 niveles de potencia, bloqueo de seguridad. Descongelado por peso y tiempo, timer de cocinado, plato giratorio, display LED. Practicidad gracias a su sencilla programaci\u00f3n.<\/p>\n","protected":false},"excerpt":{"rendered":"<p>Dise\u00f1o moderno y funcional. Usa la funci\u00f3n express cook y cocina los alimentos m\u00e1s r\u00e1pido y f\u00e1cil. bot\u00f3n, 6 funciones r\u00e1pidas, Cocina distintos platillos gracias a los 10 niveles de potencia, bloqueo de seguridad. Descongelado por peso y tiempo, timer de cocinado, plato giratorio, display LED. Practicidad gracias a su sencilla programaci\u00f3n.<\/p>\n","protected":false},"featured_media":13136,"template":"","meta":{"_joinchat":[]},"product_brand":[],"product_cat":[262],"product_tag":[21],"class_list":{"0":"post-13026","1":"product","2":"type-product","3":"status-publish","4":"has-post-thumbnail","6":"product_cat-microondas-coccion","7":"product_tag-mabe","9":"first","10":"instock","11":"shipping-taxable","12":"product-type-simple"},"_links":{"self":[{"href":"https:\/\/eltiosam.com.mx\/index.php\/wp-json\/wp\/v2\/product\/13026","targetHints":{"allow":["GET"]}}],"collection":[{"href":"https:\/\/eltiosam.com.mx\/index.php\/wp-json\/wp\/v2\/product"}],"about":[{"href":"https:\/\/eltiosam.com.mx\/index.php\/wp-json\/wp\/v2\/types\/product"}],"wp:featuredmedia":[{"embeddable":true,"href":"https:\/\/eltiosam.com.mx\/index.php\/wp-json\/wp\/v2\/media\/13136"}],"wp:attachment":[{"href":"https:\/\/eltiosam.com.mx\/index.php\/wp-json\/wp\/v2\/media?parent=13026"}],"wp:term":[{"taxonomy":"product_brand","embeddable":true,"href":"https:\/\/eltiosam.com.mx\/index.php\/wp-json\/wp\/v2\/product_brand?post=13026"},{"taxonomy":"product_cat","embeddable":true,"href":"https:\/\/eltiosam.com.mx\/index.php\/wp-json\/wp\/v2\/product_cat?post=13026"},{"taxonomy":"product_tag","embeddable":true,"href":"https:\/\/eltiosam.com.mx\/index.php\/wp-json\/wp\/v2\/product_tag?post=13026"}],"curies":[{"name":"wp","href":"https:\/\/api.w.org\/{rel}","templated":true}]}}