{"id":13024,"date":"2026-03-19T22:50:13","date_gmt":"2026-03-19T22:50:13","guid":{"rendered":"https:\/\/eltiosam.com.mx\/index.php\/product\/horno-combinado-electrico-30-kitchen-aid-koec530pbs\/"},"modified":"2026-03-19T23:17:21","modified_gmt":"2026-03-19T23:17:21","slug":"horno-combinado-electrico-30-kitchen-aid-koec530pbs","status":"publish","type":"product","link":"https:\/\/eltiosam.com.mx\/index.php\/product\/horno-combinado-electrico-30-kitchen-aid-koec530pbs\/","title":{"rendered":"HORNO COMBINADO EL\u00c9CTRICO 30&#8243; KITCHEN AID KOEC530PBS"},"content":{"rendered":"<h3 data-path-to-node=\"2\"><b data-path-to-node=\"2\" data-index-in-node=\"0\">Horno de Pared Combinado con Microondas KitchenAid\u00ae<\/b><\/h3>\n<p id=\"p-rc_4a2c4dcd675f3891-21\" data-path-to-node=\"3\">Obt\u00e9n el nivel de crujiente que deseas directamente desde tu horno. <span class=\"citation-14\">Estos hornos cuentan con el modo <\/span><b data-path-to-node=\"3\" data-index-in-node=\"101\"><span class=\"citation-14\">Air Fry<\/span><\/b><span class=\"citation-14 citation-end-14\"> (freidora de aire), que hace circular aire caliente alrededor de la canastilla incluida para cocinar con menos aceite*.<\/span> <span class=\"citation-13\">Adem\u00e1s, la funci\u00f3n de <\/span><b data-path-to-node=\"3\" data-index-in-node=\"251\"><span class=\"citation-13\">convecci\u00f3n en el microondas<\/span><\/b><span class=\"citation-13 citation-end-13\"> lo convierte en un segundo horno ideal para hornear porciones peque\u00f1as como galletas, panecillos y pasteles.<\/span><\/p>\n<div class=\"source-inline-chip-container ng-star-inserted\"><\/div>\n<p>&nbsp;<\/p>\n<h4 data-path-to-node=\"4\"><b data-path-to-node=\"4\" data-index-in-node=\"0\">Caracter\u00edsticas Principales<\/b><\/h4>\n<ul data-path-to-node=\"5\">\n<li>\n<p id=\"p-rc_4a2c4dcd675f3891-22\" data-path-to-node=\"5,0,0\"><b data-path-to-node=\"5,0,0\" data-index-in-node=\"0\"><span class=\"citation-12\">Modo Air Fry:<\/span><\/b><span class=\"citation-12 citation-end-12\"> Resultados crujientes con m\u00ednima grasa.<\/span><\/p>\n<div class=\"source-inline-chip-container ng-star-inserted\"><\/div>\n<p>&nbsp;<\/li>\n<li>\n<p data-path-to-node=\"5,1,0\"><b data-path-to-node=\"5,1,0\" data-index-in-node=\"0\">Canastilla para Air Fry:<\/b> Dise\u00f1ada para una circulaci\u00f3n \u00f3ptima y apta para lavavajillas.<\/p>\n<\/li>\n<li>\n<p id=\"p-rc_4a2c4dcd675f3891-23\" data-path-to-node=\"5,2,0\"><b data-path-to-node=\"5,2,0\" data-index-in-node=\"0\"><span class=\"citation-11\">Convecci\u00f3n Real Even-Heat\u2122:<\/span><\/b><span class=\"citation-11 citation-end-11\"> Asegura un horneado uniforme en toda la cavidad.<\/span><\/p>\n<div class=\"source-inline-chip-container ng-star-inserted\"><\/div>\n<p>&nbsp;<\/li>\n<li>\n<p id=\"p-rc_4a2c4dcd675f3891-24\" data-path-to-node=\"5,3,0\"><b data-path-to-node=\"5,3,0\" data-index-in-node=\"0\"><span class=\"citation-10\">Term\u00f3metro de carne integrado:<\/span><\/b><span class=\"citation-10 citation-end-10\"> Permite monitorear la temperatura interna de los alimentos con precisi\u00f3n.<\/span><\/p>\n<div class=\"source-inline-chip-container ng-star-inserted\"><\/div>\n<p>&nbsp;<\/li>\n<\/ul>\n","protected":false},"excerpt":{"rendered":"<p>Horno de Pared Combinado con Microondas KitchenAid\u00ae Obt\u00e9n el nivel de crujiente que deseas directamente desde tu horno. Estos hornos cuentan con el modo Air Fry (freidora de aire), que hace circular aire caliente alrededor de la canastilla incluida para cocinar con menos aceite*. Adem\u00e1s, la funci\u00f3n de convecci\u00f3n en el microondas lo convierte en [&hellip;]<\/p>\n","protected":false},"featured_media":13139,"template":"","meta":{"_joinchat":[]},"product_brand":[],"product_cat":[258],"product_tag":[39],"class_list":{"0":"post-13024","1":"product","2":"type-product","3":"status-publish","4":"has-post-thumbnail","6":"product_cat-hornos-coccion","7":"product_tag-kitchen-aid","9":"first","10":"instock","11":"shipping-taxable","12":"product-type-simple"},"_links":{"self":[{"href":"https:\/\/eltiosam.com.mx\/index.php\/wp-json\/wp\/v2\/product\/13024","targetHints":{"allow":["GET"]}}],"collection":[{"href":"https:\/\/eltiosam.com.mx\/index.php\/wp-json\/wp\/v2\/product"}],"about":[{"href":"https:\/\/eltiosam.com.mx\/index.php\/wp-json\/wp\/v2\/types\/product"}],"wp:featuredmedia":[{"embeddable":true,"href":"https:\/\/eltiosam.com.mx\/index.php\/wp-json\/wp\/v2\/media\/13139"}],"wp:attachment":[{"href":"https:\/\/eltiosam.com.mx\/index.php\/wp-json\/wp\/v2\/media?parent=13024"}],"wp:term":[{"taxonomy":"product_brand","embeddable":true,"href":"https:\/\/eltiosam.com.mx\/index.php\/wp-json\/wp\/v2\/product_brand?post=13024"},{"taxonomy":"product_cat","embeddable":true,"href":"https:\/\/eltiosam.com.mx\/index.php\/wp-json\/wp\/v2\/product_cat?post=13024"},{"taxonomy":"product_tag","embeddable":true,"href":"https:\/\/eltiosam.com.mx\/index.php\/wp-json\/wp\/v2\/product_tag?post=13024"}],"curies":[{"name":"wp","href":"https:\/\/api.w.org\/{rel}","templated":true}]}}