{"id":13021,"date":"2026-03-19T22:50:13","date_gmt":"2026-03-19T22:50:13","guid":{"rendered":"https:\/\/eltiosam.com.mx\/index.php\/product\/trim-80cm-negro-cafe-cx153p3mds\/"},"modified":"2026-03-19T23:20:18","modified_gmt":"2026-03-19T23:20:18","slug":"trim-80cm-negro-cafe-cx153p3mds","status":"publish","type":"product","link":"https:\/\/eltiosam.com.mx\/index.php\/product\/trim-80cm-negro-cafe-cx153p3mds\/","title":{"rendered":"TRIM 80CM NEGRO CAF\u00c9 CX153P3MDS"},"content":{"rendered":"<h3><strong>Descripci\u00f3n general<\/strong><\/h3>\n<p><span class=\"relative -mx-px my-[-0.2rem] rounded px-px py-[0.2rem] transition-colors duration-100 ease-in-out\">El\u00a0<strong>Caf\u00e9 CX153P3MDS<\/strong>\u00a0es un kit de embellecedor opcional de 30 pulgadas dise\u00f1ado para integrar perfectamente el microondas de la l\u00ednea Caf\u00e9 en gabinetes o paredes, proporcionando una apariencia empotrada y elegante. Su acabado en negro mate complementa los electrodom\u00e9sticos de la misma l\u00ednea, ofreciendo una est\u00e9tica cohesiva en la cocina.<\/span>\u200b<\/p>\n<h3><\/h3>\n<h3><strong>Dimensiones<\/strong><\/h3>\n<ul>\n<li><strong>Ancho:<\/strong>\u00a0<span class=\"relative -mx-px my-[-0.2rem] rounded px-px py-[0.2rem] transition-colors duration-100 ease-in-out\">29.75 pulgadas (75.6 cm)<\/span><\/li>\n<li><strong>Altura:<\/strong>\u00a0<span class=\"relative -mx-px my-[-0.2rem] rounded px-px py-[0.2rem] transition-colors duration-100 ease-in-out\">20.88 pulgadas (53 cm)<\/span><\/li>\n<li><strong>Peso neto:<\/strong>\u00a0<span class=\"relative -mx-px my-[-0.2rem] rounded px-px py-[0.2rem] transition-colors duration-100 ease-in-out\">3 lb (1.36 kg)<\/span><\/li>\n<li><strong>Peso de env\u00edo:<\/strong>\u00a0<span class=\"relative -mx-px my-[-0.2rem] rounded px-px py-[0.2rem] transition-colors duration-100 ease-in-out\">3.2 lb (1.45 kg)<\/span>\u200b<\/li>\n<\/ul>\n<h3><\/h3>\n<h3><strong>Compatibilidad<\/strong><\/h3>\n<ul>\n<li><strong>Modelos compatibles:<\/strong>\u00a0<span class=\"relative -mx-px my-[-0.2rem] rounded px-px py-[0.2rem] transition-colors duration-100 ease-in-out\">Dise\u00f1ado para microondas de encimera Caf\u00e9 de 1.5 pies c\u00fabicos.<\/span><\/li>\n<\/ul>\n","protected":false},"excerpt":{"rendered":"<p>Descripci\u00f3n general El\u00a0Caf\u00e9 CX153P3MDS\u00a0es un kit de embellecedor opcional de 30 pulgadas dise\u00f1ado para integrar perfectamente el microondas de la l\u00ednea Caf\u00e9 en gabinetes o paredes, proporcionando una apariencia empotrada y elegante. Su acabado en negro mate complementa los electrodom\u00e9sticos de la misma l\u00ednea, ofreciendo una est\u00e9tica cohesiva en la cocina.\u200b Dimensiones Ancho:\u00a029.75 pulgadas (75.6 [&hellip;]<\/p>\n","protected":false},"featured_media":13141,"template":"","meta":{"_joinchat":[]},"product_brand":[],"product_cat":[158],"product_tag":[231],"class_list":{"0":"post-13021","1":"product","2":"type-product","3":"status-publish","4":"has-post-thumbnail","6":"product_cat-accesorios","7":"product_tag-cafe","9":"first","10":"instock","11":"shipping-taxable","12":"product-type-simple"},"_links":{"self":[{"href":"https:\/\/eltiosam.com.mx\/index.php\/wp-json\/wp\/v2\/product\/13021","targetHints":{"allow":["GET"]}}],"collection":[{"href":"https:\/\/eltiosam.com.mx\/index.php\/wp-json\/wp\/v2\/product"}],"about":[{"href":"https:\/\/eltiosam.com.mx\/index.php\/wp-json\/wp\/v2\/types\/product"}],"wp:featuredmedia":[{"embeddable":true,"href":"https:\/\/eltiosam.com.mx\/index.php\/wp-json\/wp\/v2\/media\/13141"}],"wp:attachment":[{"href":"https:\/\/eltiosam.com.mx\/index.php\/wp-json\/wp\/v2\/media?parent=13021"}],"wp:term":[{"taxonomy":"product_brand","embeddable":true,"href":"https:\/\/eltiosam.com.mx\/index.php\/wp-json\/wp\/v2\/product_brand?post=13021"},{"taxonomy":"product_cat","embeddable":true,"href":"https:\/\/eltiosam.com.mx\/index.php\/wp-json\/wp\/v2\/product_cat?post=13021"},{"taxonomy":"product_tag","embeddable":true,"href":"https:\/\/eltiosam.com.mx\/index.php\/wp-json\/wp\/v2\/product_tag?post=13021"}],"curies":[{"name":"wp","href":"https:\/\/api.w.org\/{rel}","templated":true}]}}