{"id":13017,"date":"2026-03-19T22:50:12","date_gmt":"2026-03-19T22:50:12","guid":{"rendered":"https:\/\/eltiosam.com.mx\/index.php\/product\/microondas-1-5p3-cafe-ccwk15c1wss\/"},"modified":"2026-03-19T23:01:16","modified_gmt":"2026-03-19T23:01:16","slug":"microondas-1-5p3-cafe-ccwk15c1wss","status":"publish","type":"product","link":"https:\/\/eltiosam.com.mx\/index.php\/product\/microondas-1-5p3-cafe-ccwk15c1wss\/","title":{"rendered":"MICROONDAS 1.5P3 CAF\u00c9 CCWK15C1WSS"},"content":{"rendered":"<p>BLOQUEO NI\u00d1O DE DOS PASOS: Esta funci\u00f3n obligatoria ayuda a prevenir el uso involuntario por parte de los miembros m\u00e1s j\u00f3venes de la familia, con la opci\u00f3n de desactivarlo si no es necesario.<br \/>\nDisfruta del control total en la cocina y m\u00e1s all\u00e1: controla tu horno con tu dispositivo inteligente o simplemente tu voz con WiFi Connect<br \/>\nBonito y espacioso: entretiene con confianza con 1.5 pies c\u00fabicos. ft. capacidad que puede manejar m\u00e1s de tus alimentos favoritos<br \/>\nDi adi\u00f3s a las conjeturas: disfruta de resultados consistentemente deliciosos con controles de cocci\u00f3n con sensor que ajustan autom\u00e1ticamente el tiempo y la potencia<br \/>\nDeja que la cocina se cuide sola: elimina las conjeturas de preparar tus alimentos favoritos con una funci\u00f3n de horneado\/tostado autom\u00e1tico que utiliza tiempos y temperaturas de cocci\u00f3n preprogramados<br \/>\nDisfruta de la flexibilidad del dise\u00f1o en tu cocina: crea espacio en la encimera para la preparaci\u00f3n de comidas con un microondas integrado y un kit de adornos a juego. Disponible en 27 pulgadas (CX152P2MSS) y 30 pulgadas (CX153P2MSS)<\/p>\n","protected":false},"excerpt":{"rendered":"<p>BLOQUEO NI\u00d1O DE DOS PASOS: Esta funci\u00f3n obligatoria ayuda a prevenir el uso involuntario por parte de los miembros m\u00e1s j\u00f3venes de la familia, con la opci\u00f3n de desactivarlo si no es necesario. Disfruta del control total en la cocina y m\u00e1s all\u00e1: controla tu horno con tu dispositivo inteligente o simplemente tu voz con [&hellip;]<\/p>\n","protected":false},"featured_media":13108,"template":"","meta":{"_joinchat":[]},"product_brand":[],"product_cat":[262],"product_tag":[231],"class_list":{"0":"post-13017","1":"product","2":"type-product","3":"status-publish","4":"has-post-thumbnail","6":"product_cat-microondas-coccion","7":"product_tag-cafe","9":"first","10":"instock","11":"shipping-taxable","12":"product-type-simple"},"_links":{"self":[{"href":"https:\/\/eltiosam.com.mx\/index.php\/wp-json\/wp\/v2\/product\/13017","targetHints":{"allow":["GET"]}}],"collection":[{"href":"https:\/\/eltiosam.com.mx\/index.php\/wp-json\/wp\/v2\/product"}],"about":[{"href":"https:\/\/eltiosam.com.mx\/index.php\/wp-json\/wp\/v2\/types\/product"}],"wp:featuredmedia":[{"embeddable":true,"href":"https:\/\/eltiosam.com.mx\/index.php\/wp-json\/wp\/v2\/media\/13108"}],"wp:attachment":[{"href":"https:\/\/eltiosam.com.mx\/index.php\/wp-json\/wp\/v2\/media?parent=13017"}],"wp:term":[{"taxonomy":"product_brand","embeddable":true,"href":"https:\/\/eltiosam.com.mx\/index.php\/wp-json\/wp\/v2\/product_brand?post=13017"},{"taxonomy":"product_cat","embeddable":true,"href":"https:\/\/eltiosam.com.mx\/index.php\/wp-json\/wp\/v2\/product_cat?post=13017"},{"taxonomy":"product_tag","embeddable":true,"href":"https:\/\/eltiosam.com.mx\/index.php\/wp-json\/wp\/v2\/product_tag?post=13017"}],"curies":[{"name":"wp","href":"https:\/\/api.w.org\/{rel}","templated":true}]}}