{"id":13015,"date":"2026-03-19T22:50:12","date_gmt":"2026-03-19T22:50:12","guid":{"rendered":"https:\/\/eltiosam.com.mx\/index.php\/product\/refrigerador-french-door-19p3-cafe-cwe19sp4nw9\/"},"modified":"2026-03-19T23:02:54","modified_gmt":"2026-03-19T23:02:54","slug":"refrigerador-french-door-19p3-cafe-cwe19sp4nw9","status":"publish","type":"product","link":"https:\/\/eltiosam.com.mx\/index.php\/product\/refrigerador-french-door-19p3-cafe-cwe19sp4nw9\/","title":{"rendered":"REFRIGERADOR FRENCH DOOR 19P3 CAF\u00c9 CWE19SP4NW9"},"content":{"rendered":"<p>Descripci\u00f3n del Producto<br \/>\nBeneficios: Los evaporadores TwinChill te permiten tener temperaturas independientes en la secci\u00f3n dealimentos frescos y congelador, ayudando a conservar los alimentos por m\u00e1s tiempo.<br \/>\n\u2022 Despachador de agua interno para mantener un dise\u00f1o limpio y elegante.<br \/>\n\u2022 Hielos al instante gracias a la f\u00e1brica de hielos en el congelador.<br \/>\n\u2022 Jaladeras personalizables para que tus productos luzcan con un toque \u00fanico en la cocina.<\/p>\n<p>Atributos:<br \/>\n&#8211; Refrigerador autom\u00e1tico<br \/>\n\u2022 Evaporadores Twin Chill<br \/>\n\u2022 Instalaci\u00f3n de piso<br \/>\n\u2022 Control: Electr\u00f3nico Digital Interno con Display<br \/>\n\u2022 F\u00e1brica de hielos integrada<br \/>\n\u2022 Alarma en puerta<br \/>\n\u2022 Dispensador de agua interno<br \/>\n\u2022 Compartimento para l\u00e1cteos<br \/>\n\u2022 Filtro para agua RPWFE (Elimina farmac\u00e9uticos)<br \/>\n\u2022 Luz indicadora de cambio de filtro<\/p>\n","protected":false},"excerpt":{"rendered":"<p>Descripci\u00f3n del Producto Beneficios: Los evaporadores TwinChill te permiten tener temperaturas independientes en la secci\u00f3n dealimentos frescos y congelador, ayudando a conservar los alimentos por m\u00e1s tiempo. \u2022 Despachador de agua interno para mantener un dise\u00f1o limpio y elegante. \u2022 Hielos al instante gracias a la f\u00e1brica de hielos en el congelador. \u2022 Jaladeras personalizables [&hellip;]<\/p>\n","protected":false},"featured_media":13112,"template":"","meta":{"_joinchat":[]},"product_brand":[],"product_cat":[20],"product_tag":[231],"class_list":{"0":"post-13015","1":"product","2":"type-product","3":"status-publish","4":"has-post-thumbnail","6":"product_cat-refrigeracion","7":"product_tag-cafe","9":"first","10":"instock","11":"shipping-taxable","12":"product-type-simple"},"_links":{"self":[{"href":"https:\/\/eltiosam.com.mx\/index.php\/wp-json\/wp\/v2\/product\/13015","targetHints":{"allow":["GET"]}}],"collection":[{"href":"https:\/\/eltiosam.com.mx\/index.php\/wp-json\/wp\/v2\/product"}],"about":[{"href":"https:\/\/eltiosam.com.mx\/index.php\/wp-json\/wp\/v2\/types\/product"}],"wp:featuredmedia":[{"embeddable":true,"href":"https:\/\/eltiosam.com.mx\/index.php\/wp-json\/wp\/v2\/media\/13112"}],"wp:attachment":[{"href":"https:\/\/eltiosam.com.mx\/index.php\/wp-json\/wp\/v2\/media?parent=13015"}],"wp:term":[{"taxonomy":"product_brand","embeddable":true,"href":"https:\/\/eltiosam.com.mx\/index.php\/wp-json\/wp\/v2\/product_brand?post=13015"},{"taxonomy":"product_cat","embeddable":true,"href":"https:\/\/eltiosam.com.mx\/index.php\/wp-json\/wp\/v2\/product_cat?post=13015"},{"taxonomy":"product_tag","embeddable":true,"href":"https:\/\/eltiosam.com.mx\/index.php\/wp-json\/wp\/v2\/product_tag?post=13015"}],"curies":[{"name":"wp","href":"https:\/\/api.w.org\/{rel}","templated":true}]}}