{"id":13013,"date":"2026-03-19T22:50:12","date_gmt":"2026-03-19T22:50:12","guid":{"rendered":"https:\/\/eltiosam.com.mx\/index.php\/product\/refrigerador-bottom-mount-22p3-ge-profile-pwn22jbwckb\/"},"modified":"2026-03-19T23:04:56","modified_gmt":"2026-03-19T23:04:56","slug":"refrigerador-bottom-mount-22p3-ge-profile-pwn22jbwckb","status":"publish","type":"product","link":"https:\/\/eltiosam.com.mx\/index.php\/product\/refrigerador-bottom-mount-22p3-ge-profile-pwn22jbwckb\/","title":{"rendered":"REFRIGERADOR BOTTOM MOUNT 22P3 GE PROFILE PWN22JBWCKB"},"content":{"rendered":"<p>Refrigerador Frech Door 22 pies. Dise\u00f1o integrado. Controles exteriores. Display electr\u00f3nico. 5 sensores de temperatura. F\u00e1brica de hielos integrada. Filtro de agua. DISPLAY. Ajustar temperatura en enfriador y congelador. Alarma de puerta abierta. Resetear filtro. Seguro para ni\u00f1os. ENFRIADOR. Luz LED en techo y costados. 3 parrillas de cristal templado. 1 parrilla quick space. 2 cajones legumbreros con control de humedad. 1 caj\u00f3n Snack pan. 7 anaqueles en puerta. CONGELADOR. Luz LED. 2 cajones (1 con divisi\u00f3n ajustable). Sistema de Enfriamiento, brinda m\u00e1xima conservaci\u00f3n y frescura de los alimentos. M\u00e1xima conservaci\u00f3n, enfr\u00eda m\u00e1s el interior para que todos los alimentos y bebidas tengan la conservaci\u00f3n y frescura ideal. Parrillas glass temp, parrillas de m\u00e1xima resistencia, soportan hasta 25Kg. Antifingerprint, acabado antihuellas que conserva la superficie de tu refrigerador libre de marcas y f\u00e1cil de limpiar. 115V.<\/p>\n","protected":false},"excerpt":{"rendered":"<p>Refrigerador Frech Door 22 pies. Dise\u00f1o integrado. Controles exteriores. Display electr\u00f3nico. 5 sensores de temperatura. F\u00e1brica de hielos integrada. Filtro de agua. DISPLAY. Ajustar temperatura en enfriador y congelador. Alarma de puerta abierta. Resetear filtro. Seguro para ni\u00f1os. ENFRIADOR. Luz LED en techo y costados. 3 parrillas de cristal templado. 1 parrilla quick space. 2 [&hellip;]<\/p>\n","protected":false},"featured_media":13115,"template":"","meta":{"_joinchat":[]},"product_brand":[],"product_cat":[20],"product_tag":[117],"class_list":{"0":"post-13013","1":"product","2":"type-product","3":"status-publish","4":"has-post-thumbnail","6":"product_cat-refrigeracion","7":"product_tag-ge-profile","9":"first","10":"instock","11":"shipping-taxable","12":"product-type-simple"},"_links":{"self":[{"href":"https:\/\/eltiosam.com.mx\/index.php\/wp-json\/wp\/v2\/product\/13013","targetHints":{"allow":["GET"]}}],"collection":[{"href":"https:\/\/eltiosam.com.mx\/index.php\/wp-json\/wp\/v2\/product"}],"about":[{"href":"https:\/\/eltiosam.com.mx\/index.php\/wp-json\/wp\/v2\/types\/product"}],"wp:featuredmedia":[{"embeddable":true,"href":"https:\/\/eltiosam.com.mx\/index.php\/wp-json\/wp\/v2\/media\/13115"}],"wp:attachment":[{"href":"https:\/\/eltiosam.com.mx\/index.php\/wp-json\/wp\/v2\/media?parent=13013"}],"wp:term":[{"taxonomy":"product_brand","embeddable":true,"href":"https:\/\/eltiosam.com.mx\/index.php\/wp-json\/wp\/v2\/product_brand?post=13013"},{"taxonomy":"product_cat","embeddable":true,"href":"https:\/\/eltiosam.com.mx\/index.php\/wp-json\/wp\/v2\/product_cat?post=13013"},{"taxonomy":"product_tag","embeddable":true,"href":"https:\/\/eltiosam.com.mx\/index.php\/wp-json\/wp\/v2\/product_tag?post=13013"}],"curies":[{"name":"wp","href":"https:\/\/api.w.org\/{rel}","templated":true}]}}