{"id":1299,"date":"2023-11-11T20:23:35","date_gmt":"2023-11-11T20:23:35","guid":{"rendered":"http:\/\/eltiosam.com.mx\/?post_type=product&#038;p=1299"},"modified":"2024-02-08T05:28:32","modified_gmt":"2024-02-08T05:28:32","slug":"elkay-efu-311810-aco-9","status":"publish","type":"product","link":"https:\/\/eltiosam.com.mx\/index.php\/product\/elkay-efu-311810-aco-9\/","title":{"rendered":"ELKAY EFU-311810 ACO 9"},"content":{"rendered":"<p><strong>Descripci\u00f3n:<\/strong> La l\u00ednea Avado de Elkay es \u00fanico y funcional, con un dise\u00f1o geom\u00e9trico y moderno, sin radios en las esquinas que proveen una mayor profundidad y longitud a la tina, que le permitir\u00e1 aprovechar todo su espacio.<\/p>\n","protected":false},"excerpt":{"rendered":"<p>Descripci\u00f3n: La l\u00ednea Avado de Elkay es \u00fanico y funcional, con un dise\u00f1o geom\u00e9trico y moderno, sin radios en las esquinas que proveen una mayor profundidad y longitud a la tina, que le permitir\u00e1 aprovechar todo su espacio.<\/p>\n","protected":false},"featured_media":1300,"template":"","meta":{"_joinchat":[]},"product_brand":[],"product_cat":[47,42],"product_tag":[49],"class_list":{"0":"post-1299","1":"product","2":"type-product","3":"status-publish","4":"has-post-thumbnail","6":"product_cat-tarjas","7":"product_cat-varios","8":"product_tag-elkay","10":"first","11":"outofstock","12":"shipping-taxable","13":"product-type-simple"},"_links":{"self":[{"href":"https:\/\/eltiosam.com.mx\/index.php\/wp-json\/wp\/v2\/product\/1299","targetHints":{"allow":["GET"]}}],"collection":[{"href":"https:\/\/eltiosam.com.mx\/index.php\/wp-json\/wp\/v2\/product"}],"about":[{"href":"https:\/\/eltiosam.com.mx\/index.php\/wp-json\/wp\/v2\/types\/product"}],"wp:featuredmedia":[{"embeddable":true,"href":"https:\/\/eltiosam.com.mx\/index.php\/wp-json\/wp\/v2\/media\/1300"}],"wp:attachment":[{"href":"https:\/\/eltiosam.com.mx\/index.php\/wp-json\/wp\/v2\/media?parent=1299"}],"wp:term":[{"taxonomy":"product_brand","embeddable":true,"href":"https:\/\/eltiosam.com.mx\/index.php\/wp-json\/wp\/v2\/product_brand?post=1299"},{"taxonomy":"product_cat","embeddable":true,"href":"https:\/\/eltiosam.com.mx\/index.php\/wp-json\/wp\/v2\/product_cat?post=1299"},{"taxonomy":"product_tag","embeddable":true,"href":"https:\/\/eltiosam.com.mx\/index.php\/wp-json\/wp\/v2\/product_tag?post=1299"}],"curies":[{"name":"wp","href":"https:\/\/api.w.org\/{rel}","templated":true}]}}