{"id":12908,"date":"2025-11-03T17:48:27","date_gmt":"2025-11-03T17:48:27","guid":{"rendered":"https:\/\/eltiosam.com.mx\/?post_type=product&#038;p=12908"},"modified":"2025-11-03T17:48:27","modified_gmt":"2025-11-03T17:48:27","slug":"microondas-1-1p3mideammdxg11s2mg","status":"publish","type":"product","link":"https:\/\/eltiosam.com.mx\/index.php\/product\/microondas-1-1p3mideammdxg11s2mg\/","title":{"rendered":"MICROONDAS 1.1P3\tMIDEA\tMMDXG11S2MG"},"content":{"rendered":"<ul class=\"product-parameter\">\n<li>\n<div class=\"product-parameter-desc\">Gratinar, Pizza, Combi.<\/div>\n<\/li>\n<li>\n<div class=\"product-parameter-desc\">Funci\u00f3n ECO apaga el display.<\/div>\n<\/li>\n<li>\n<div class=\"product-parameter-desc\">Men\u00fa favorito, adem\u00e1s de un interior de f\u00e1cil limpieza.<\/div>\n<\/li>\n<\/ul>\n","protected":false},"excerpt":{"rendered":"<ul class=\"product-parameter\">\n<li>\n<div class=\"product-parameter-desc\">Gratinar, Pizza, Combi.<\/div>\n<\/li>\n<li>\n<div class=\"product-parameter-desc\">Funci\u00f3n ECO apaga el display.<\/div>\n<\/li>\n<li>\n<div class=\"product-parameter-desc\">Men\u00fa favorito, adem\u00e1s de un interior de f\u00e1cil limpieza.<\/div>\n<\/li>\n<\/ul>\n","protected":false},"featured_media":12906,"template":"","meta":{"_joinchat":[]},"product_brand":[],"product_cat":[184],"product_tag":[212],"class_list":{"0":"post-12908","1":"product","2":"type-product","3":"status-publish","4":"has-post-thumbnail","6":"product_cat-microondas","7":"product_tag-midea","9":"first","10":"instock","11":"shipping-taxable","12":"product-type-simple"},"_links":{"self":[{"href":"https:\/\/eltiosam.com.mx\/index.php\/wp-json\/wp\/v2\/product\/12908","targetHints":{"allow":["GET"]}}],"collection":[{"href":"https:\/\/eltiosam.com.mx\/index.php\/wp-json\/wp\/v2\/product"}],"about":[{"href":"https:\/\/eltiosam.com.mx\/index.php\/wp-json\/wp\/v2\/types\/product"}],"wp:featuredmedia":[{"embeddable":true,"href":"https:\/\/eltiosam.com.mx\/index.php\/wp-json\/wp\/v2\/media\/12906"}],"wp:attachment":[{"href":"https:\/\/eltiosam.com.mx\/index.php\/wp-json\/wp\/v2\/media?parent=12908"}],"wp:term":[{"taxonomy":"product_brand","embeddable":true,"href":"https:\/\/eltiosam.com.mx\/index.php\/wp-json\/wp\/v2\/product_brand?post=12908"},{"taxonomy":"product_cat","embeddable":true,"href":"https:\/\/eltiosam.com.mx\/index.php\/wp-json\/wp\/v2\/product_cat?post=12908"},{"taxonomy":"product_tag","embeddable":true,"href":"https:\/\/eltiosam.com.mx\/index.php\/wp-json\/wp\/v2\/product_tag?post=12908"}],"curies":[{"name":"wp","href":"https:\/\/api.w.org\/{rel}","templated":true}]}}