{"id":12902,"date":"2025-11-03T17:44:42","date_gmt":"2025-11-03T17:44:42","guid":{"rendered":"https:\/\/eltiosam.com.mx\/?post_type=product&#038;p=12902"},"modified":"2025-11-03T17:44:43","modified_gmt":"2025-11-03T17:44:43","slug":"microondas-1-1p3mideammddg11s2ss","status":"publish","type":"product","link":"https:\/\/eltiosam.com.mx\/index.php\/product\/microondas-1-1p3mideammddg11s2ss\/","title":{"rendered":"MICROONDAS 1.1P3\tMIDEA\tMMDDG11S2SS"},"content":{"rendered":"<p>El horno de microondas Midea MMDDG11S2SS presenta una capacidad interior de 30 litros y una potencia de 1500 W, lo que permite una cocci\u00f3n eficiente y r\u00e1pida. Este modelo cuenta con 6 programas de cocci\u00f3n preestablecidos, facilitando la preparaci\u00f3n de diversos platillos. La funci\u00f3n de descongelar est\u00e1 incluida, as\u00ed como la funci\u00f3n de recalentar, lo que ampl\u00eda su versatilidad en la cocina.<\/p>\n<p>El dise\u00f1o del microondas es funcional, con un color gris y una puerta de color negro que se abre mediante un bot\u00f3n. La bisagra de la puerta est\u00e1 ubicada a la izquierda, lo que optimiza el acceso al interior del aparato. El control se realiza a trav\u00e9s de botones, complementado por un temporizador digital que permite un seguimiento preciso del tiempo de cocci\u00f3n. Adem\u00e1s, el microondas incluye un reloj electr\u00f3nico integrado y una pantalla LCD que facilita la visualizaci\u00f3n de la informaci\u00f3n.<\/p>\n","protected":false},"excerpt":{"rendered":"<p>El horno de microondas Midea MMDDG11S2SS presenta una capacidad interior de 30 litros y una potencia de 1500 W, lo que permite una cocci\u00f3n eficiente y r\u00e1pida. Este modelo cuenta con 6 programas de cocci\u00f3n preestablecidos, facilitando la preparaci\u00f3n de diversos platillos. La funci\u00f3n de descongelar est\u00e1 incluida, as\u00ed como la funci\u00f3n de recalentar, lo que ampl\u00eda su versatilidad en la cocina.<\/p>\n","protected":false},"featured_media":12904,"template":"","meta":{"_joinchat":[]},"product_brand":[],"product_cat":[184],"product_tag":[212],"class_list":{"0":"post-12902","1":"product","2":"type-product","3":"status-publish","4":"has-post-thumbnail","6":"product_cat-microondas","7":"product_tag-midea","9":"first","10":"instock","11":"shipping-taxable","12":"product-type-simple"},"_links":{"self":[{"href":"https:\/\/eltiosam.com.mx\/index.php\/wp-json\/wp\/v2\/product\/12902","targetHints":{"allow":["GET"]}}],"collection":[{"href":"https:\/\/eltiosam.com.mx\/index.php\/wp-json\/wp\/v2\/product"}],"about":[{"href":"https:\/\/eltiosam.com.mx\/index.php\/wp-json\/wp\/v2\/types\/product"}],"wp:featuredmedia":[{"embeddable":true,"href":"https:\/\/eltiosam.com.mx\/index.php\/wp-json\/wp\/v2\/media\/12904"}],"wp:attachment":[{"href":"https:\/\/eltiosam.com.mx\/index.php\/wp-json\/wp\/v2\/media?parent=12902"}],"wp:term":[{"taxonomy":"product_brand","embeddable":true,"href":"https:\/\/eltiosam.com.mx\/index.php\/wp-json\/wp\/v2\/product_brand?post=12902"},{"taxonomy":"product_cat","embeddable":true,"href":"https:\/\/eltiosam.com.mx\/index.php\/wp-json\/wp\/v2\/product_cat?post=12902"},{"taxonomy":"product_tag","embeddable":true,"href":"https:\/\/eltiosam.com.mx\/index.php\/wp-json\/wp\/v2\/product_tag?post=12902"}],"curies":[{"name":"wp","href":"https:\/\/api.w.org\/{rel}","templated":true}]}}