{"id":12896,"date":"2025-10-30T22:54:32","date_gmt":"2025-10-30T22:54:32","guid":{"rendered":"https:\/\/eltiosam.com.mx\/?post_type=product&#038;p=12896"},"modified":"2025-10-30T22:54:32","modified_gmt":"2025-10-30T22:54:32","slug":"microondas-1-1p3mideammdx11s2bw","status":"publish","type":"product","link":"https:\/\/eltiosam.com.mx\/index.php\/product\/microondas-1-1p3mideammdx11s2bw\/","title":{"rendered":"MICROONDAS 1.1P3\tMIDEA\tMMDX11S2BW"},"content":{"rendered":"<p><span style=\"color: #0088d2; font-family: 'Open Sans', sans-serif; font-size: 13.92px;\">El horno de microondas Midea MMDX11S2BW es un electrodom\u00e9stico de tipo solo microondas con una capacidad interior de 31 litros. Este modelo cuenta con una potencia de 1500 W, lo que permite un calentamiento eficiente y r\u00e1pido de los alimentos. La carga conectada tambi\u00e9n es de 1500 W, asegurando un rendimiento \u00f3ptimo.<\/span><br style=\"box-sizing: inherit; color: #0088d2; font-family: 'Open Sans', sans-serif; font-size: 13.92px;\" \/><br style=\"box-sizing: inherit; color: #0088d2; font-family: 'Open Sans', sans-serif; font-size: 13.92px;\" \/><span style=\"color: #0088d2; font-family: 'Open Sans', sans-serif; font-size: 13.92px;\">El dise\u00f1o del microondas incluye una puerta de color negro, fabricada en vidrio, que aporta un toque moderno y elegante. La pantalla incorporada es de tipo LED, facilitando la visualizaci\u00f3n de la informaci\u00f3n. Este modelo ofrece un control t\u00e1ctil, lo que permite una operaci\u00f3n sencilla y directa.<\/span><\/p>\n","protected":false},"excerpt":{"rendered":"<p>El horno de microondas Midea MMDX11S2BW es un electrodom\u00e9stico de tipo solo microondas con una capacidad interior de 31 litros. Este modelo cuenta con una potencia de 1500 W, lo que permite un calentamiento eficiente y r\u00e1pido de los alimentos. La carga conectada tambi\u00e9n es de 1500 W, asegurando un rendimiento \u00f3ptimo.<\/p>\n<p>El dise\u00f1o del microondas incluye una puerta de color negro, fabricada en vidrio, que aporta un toque moderno y elegante. La pantalla incorporada es de tipo LED, facilitando la visualizaci\u00f3n de la informaci\u00f3n. Este modelo ofrece un control t\u00e1ctil, lo que permite una operaci\u00f3n sencilla y directa.<\/p>\n","protected":false},"featured_media":12898,"template":"","meta":{"_joinchat":[]},"product_brand":[],"product_cat":[184],"product_tag":[212],"class_list":{"0":"post-12896","1":"product","2":"type-product","3":"status-publish","4":"has-post-thumbnail","6":"product_cat-microondas","7":"product_tag-midea","9":"first","10":"instock","11":"shipping-taxable","12":"product-type-simple"},"_links":{"self":[{"href":"https:\/\/eltiosam.com.mx\/index.php\/wp-json\/wp\/v2\/product\/12896","targetHints":{"allow":["GET"]}}],"collection":[{"href":"https:\/\/eltiosam.com.mx\/index.php\/wp-json\/wp\/v2\/product"}],"about":[{"href":"https:\/\/eltiosam.com.mx\/index.php\/wp-json\/wp\/v2\/types\/product"}],"wp:featuredmedia":[{"embeddable":true,"href":"https:\/\/eltiosam.com.mx\/index.php\/wp-json\/wp\/v2\/media\/12898"}],"wp:attachment":[{"href":"https:\/\/eltiosam.com.mx\/index.php\/wp-json\/wp\/v2\/media?parent=12896"}],"wp:term":[{"taxonomy":"product_brand","embeddable":true,"href":"https:\/\/eltiosam.com.mx\/index.php\/wp-json\/wp\/v2\/product_brand?post=12896"},{"taxonomy":"product_cat","embeddable":true,"href":"https:\/\/eltiosam.com.mx\/index.php\/wp-json\/wp\/v2\/product_cat?post=12896"},{"taxonomy":"product_tag","embeddable":true,"href":"https:\/\/eltiosam.com.mx\/index.php\/wp-json\/wp\/v2\/product_tag?post=12896"}],"curies":[{"name":"wp","href":"https:\/\/api.w.org\/{rel}","templated":true}]}}