{"id":12893,"date":"2025-10-30T22:53:22","date_gmt":"2025-10-30T22:53:22","guid":{"rendered":"https:\/\/eltiosam.com.mx\/?post_type=product&#038;p=12893"},"modified":"2026-03-20T02:35:15","modified_gmt":"2026-03-20T02:35:15","slug":"trim-para-microondas-1-5p3-30kitchen-aidmtk1630pz30-pulg-kit-de-accesorios-para-microondas-de-16-pies-cub-ft-este-kit-de-recorte-de-30-pulg-es-para-un-microondas-de-mostrador-de-1-6-pies-cub","status":"publish","type":"product","link":"https:\/\/eltiosam.com.mx\/index.php\/product\/trim-para-microondas-1-5p3-30kitchen-aidmtk1630pz30-pulg-kit-de-accesorios-para-microondas-de-16-pies-cub-ft-este-kit-de-recorte-de-30-pulg-es-para-un-microondas-de-mostrador-de-1-6-pies-cub\/","title":{"rendered":"TRIM PARA MICROONDAS 1.5P3 30&#8243;\tKITCHEN AID\tMTK1630PZ30"},"content":{"rendered":"<p>30 pulg. Kit de accesorios para microondas de 1,6 pies c\u00fab. Ft.<\/p>\n<p>Este kit de recorte de 30 pulg. es para un microondas de mostrador de 1.6 pies c\u00fabicos. Ft. y hace que sea f\u00e1cil de refrescar y liberar espacio en su nueva cocina o remodelaci\u00f3n de la cocina mediante la conversi\u00f3n de su microondas encimera est\u00e1ndar en un modelo integrado.<\/p>\n","protected":false},"excerpt":{"rendered":"<p>30 pulg. Kit de accesorios para microondas de 1,6 pies c\u00fab. Ft.<\/p>\n<p>Este kit de recorte de 30 pulg. es para un microondas de mostrador de 1.6 pies c\u00fabicos. Ft. y hace que sea f\u00e1cil de refrescar y liberar espacio en su nueva cocina o remodelaci\u00f3n de la cocina mediante la conversi\u00f3n de su microondas encimera est\u00e1ndar en un modelo integrado.<\/p>\n","protected":false},"featured_media":12895,"template":"","meta":{"_joinchat":[]},"product_brand":[],"product_cat":[53],"product_tag":[39],"class_list":{"0":"post-12893","1":"product","2":"type-product","3":"status-publish","4":"has-post-thumbnail","6":"product_cat-trim","7":"product_tag-kitchen-aid","9":"first","10":"instock","11":"shipping-taxable","12":"product-type-simple"},"_links":{"self":[{"href":"https:\/\/eltiosam.com.mx\/index.php\/wp-json\/wp\/v2\/product\/12893","targetHints":{"allow":["GET"]}}],"collection":[{"href":"https:\/\/eltiosam.com.mx\/index.php\/wp-json\/wp\/v2\/product"}],"about":[{"href":"https:\/\/eltiosam.com.mx\/index.php\/wp-json\/wp\/v2\/types\/product"}],"wp:featuredmedia":[{"embeddable":true,"href":"https:\/\/eltiosam.com.mx\/index.php\/wp-json\/wp\/v2\/media\/12895"}],"wp:attachment":[{"href":"https:\/\/eltiosam.com.mx\/index.php\/wp-json\/wp\/v2\/media?parent=12893"}],"wp:term":[{"taxonomy":"product_brand","embeddable":true,"href":"https:\/\/eltiosam.com.mx\/index.php\/wp-json\/wp\/v2\/product_brand?post=12893"},{"taxonomy":"product_cat","embeddable":true,"href":"https:\/\/eltiosam.com.mx\/index.php\/wp-json\/wp\/v2\/product_cat?post=12893"},{"taxonomy":"product_tag","embeddable":true,"href":"https:\/\/eltiosam.com.mx\/index.php\/wp-json\/wp\/v2\/product_tag?post=12893"}],"curies":[{"name":"wp","href":"https:\/\/api.w.org\/{rel}","templated":true}]}}