{"id":12866,"date":"2025-10-30T22:35:19","date_gmt":"2025-10-30T22:35:19","guid":{"rendered":"https:\/\/eltiosam.com.mx\/?post_type=product&#038;p=12866"},"modified":"2025-10-30T22:35:20","modified_gmt":"2025-10-30T22:35:20","slug":"horno-a-vapor-1-8p3-30wolfcso30cm-b-th","status":"publish","type":"product","link":"https:\/\/eltiosam.com.mx\/index.php\/product\/horno-a-vapor-1-8p3-30wolfcso30cm-b-th\/","title":{"rendered":"HORNO A VAPOR 1.8P3 30&#8243;\tWOLF\tCSO30CM\/B\/TH"},"content":{"rendered":"<ul>\n<li>La est\u00e9tica elegante y moderna combina a la perfecci\u00f3n con un completo conjunto de electrodom\u00e9sticos Sub-Zero, Wolf y Cove de estilo similar.<\/li>\n<li>Opciones con y sin tuber\u00edas para una m\u00e1xima flexibilidad de instalaci\u00f3n.<\/li>\n<\/ul>\n","protected":false},"excerpt":{"rendered":"<ul>\n<li>La est\u00e9tica elegante y moderna combina a la perfecci\u00f3n con un completo conjunto de electrodom\u00e9sticos Sub-Zero, Wolf y Cove de estilo similar.<\/li>\n<li>Opciones con y sin tuber\u00edas para una m\u00e1xima flexibilidad de instalaci\u00f3n.<\/li>\n<\/ul>\n","protected":false},"featured_media":12868,"template":"","meta":{"_joinchat":[]},"product_brand":[],"product_cat":[175],"product_tag":[75],"class_list":{"0":"post-12866","1":"product","2":"type-product","3":"status-publish","4":"has-post-thumbnail","6":"product_cat-hornos","7":"product_tag-wolf","9":"first","10":"instock","11":"shipping-taxable","12":"product-type-simple"},"_links":{"self":[{"href":"https:\/\/eltiosam.com.mx\/index.php\/wp-json\/wp\/v2\/product\/12866","targetHints":{"allow":["GET"]}}],"collection":[{"href":"https:\/\/eltiosam.com.mx\/index.php\/wp-json\/wp\/v2\/product"}],"about":[{"href":"https:\/\/eltiosam.com.mx\/index.php\/wp-json\/wp\/v2\/types\/product"}],"wp:featuredmedia":[{"embeddable":true,"href":"https:\/\/eltiosam.com.mx\/index.php\/wp-json\/wp\/v2\/media\/12868"}],"wp:attachment":[{"href":"https:\/\/eltiosam.com.mx\/index.php\/wp-json\/wp\/v2\/media?parent=12866"}],"wp:term":[{"taxonomy":"product_brand","embeddable":true,"href":"https:\/\/eltiosam.com.mx\/index.php\/wp-json\/wp\/v2\/product_brand?post=12866"},{"taxonomy":"product_cat","embeddable":true,"href":"https:\/\/eltiosam.com.mx\/index.php\/wp-json\/wp\/v2\/product_cat?post=12866"},{"taxonomy":"product_tag","embeddable":true,"href":"https:\/\/eltiosam.com.mx\/index.php\/wp-json\/wp\/v2\/product_tag?post=12866"}],"curies":[{"name":"wp","href":"https:\/\/api.w.org\/{rel}","templated":true}]}}