{"id":12863,"date":"2025-10-30T22:33:56","date_gmt":"2025-10-30T22:33:56","guid":{"rendered":"https:\/\/eltiosam.com.mx\/?post_type=product&#038;p=12863"},"modified":"2025-10-30T22:33:56","modified_gmt":"2025-10-30T22:33:56","slug":"horno-transicional-4-7p3wolfso3050te-s-t","status":"publish","type":"product","link":"https:\/\/eltiosam.com.mx\/index.php\/product\/horno-transicional-4-7p3wolfso3050te-s-t\/","title":{"rendered":"HORNO TRANSICIONAL 4.7P3\tWOLF\tSO3050TE\/S\/T"},"content":{"rendered":"<ul>\n<li>El sistema de doble convecci\u00f3n de Wolf proporciona un calor uniforme y fiable, reduce los puntos fr\u00edos y calientes y permite cocinar en varias parrillas de forma uniforme.<\/li>\n<li>Elimine las dudas a la hora de cocinar con los 10 modos de cocci\u00f3n creados por el chef: hornear, asar, convecci\u00f3n, rostizar por convecci\u00f3n, deshidratar, Gourmet, fermentaci\u00f3n, rostizar, piedra y calentamiento.<\/li>\n<\/ul>\n","protected":false},"excerpt":{"rendered":"<ul>\n<li>El sistema de doble convecci\u00f3n de Wolf proporciona un calor uniforme y fiable, reduce los puntos fr\u00edos y calientes y permite cocinar en varias parrillas de forma uniforme.<\/li>\n<li>Elimine las dudas a la hora de cocinar con los 10 modos de cocci\u00f3n creados por el chef: hornear, asar, convecci\u00f3n, rostizar por convecci\u00f3n, deshidratar, Gourmet, fermentaci\u00f3n, rostizar, piedra y calentamiento.<\/li>\n<\/ul>\n","protected":false},"featured_media":12865,"template":"","meta":{"_joinchat":[]},"product_brand":[],"product_cat":[69],"product_tag":[75],"class_list":{"0":"post-12863","1":"product","2":"type-product","3":"status-publish","4":"has-post-thumbnail","6":"product_cat-horno","7":"product_tag-wolf","9":"first","10":"instock","11":"shipping-taxable","12":"product-type-simple"},"_links":{"self":[{"href":"https:\/\/eltiosam.com.mx\/index.php\/wp-json\/wp\/v2\/product\/12863","targetHints":{"allow":["GET"]}}],"collection":[{"href":"https:\/\/eltiosam.com.mx\/index.php\/wp-json\/wp\/v2\/product"}],"about":[{"href":"https:\/\/eltiosam.com.mx\/index.php\/wp-json\/wp\/v2\/types\/product"}],"wp:featuredmedia":[{"embeddable":true,"href":"https:\/\/eltiosam.com.mx\/index.php\/wp-json\/wp\/v2\/media\/12865"}],"wp:attachment":[{"href":"https:\/\/eltiosam.com.mx\/index.php\/wp-json\/wp\/v2\/media?parent=12863"}],"wp:term":[{"taxonomy":"product_brand","embeddable":true,"href":"https:\/\/eltiosam.com.mx\/index.php\/wp-json\/wp\/v2\/product_brand?post=12863"},{"taxonomy":"product_cat","embeddable":true,"href":"https:\/\/eltiosam.com.mx\/index.php\/wp-json\/wp\/v2\/product_cat?post=12863"},{"taxonomy":"product_tag","embeddable":true,"href":"https:\/\/eltiosam.com.mx\/index.php\/wp-json\/wp\/v2\/product_tag?post=12863"}],"curies":[{"name":"wp","href":"https:\/\/api.w.org\/{rel}","templated":true}]}}