{"id":12833,"date":"2025-10-30T22:17:57","date_gmt":"2025-10-30T22:17:57","guid":{"rendered":"https:\/\/eltiosam.com.mx\/?post_type=product&#038;p=12833"},"modified":"2025-10-30T22:17:58","modified_gmt":"2025-10-30T22:17:58","slug":"refrigerador-19p3tekarmf-77960-ss","status":"publish","type":"product","link":"https:\/\/eltiosam.com.mx\/index.php\/product\/refrigerador-19p3tekarmf-77960-ss\/","title":{"rendered":"REFRIGERADOR 19P3\tTEKA\tRMF 77960 SS"},"content":{"rendered":"<p>La tecnolog\u00eda LongLife No Frost permite que los alimentos se mantengan frescos durante m\u00e1s tiempo gracias a los circuitos de recirculaci\u00f3n independientes.<\/p>\n<p>Caracter\u00edsticas:<\/p>\n<ul>\n<li>Frigor\u00edfico Cuatro Puertas de Libre Instalaci\u00f3n<\/li>\n<li>Motor inverter<\/li>\n<li>LongLife No Frost<\/li>\n<li>Display electr\u00f3nico con indicador y control de temperatura del refrigerador y congelador<\/li>\n<li>Compartimento Multizone<\/li>\n<li>Funci\u00f3n Vacaciones<\/li>\n<li>Funci\u00f3n ECO<\/li>\n<li>Congelaci\u00f3n r\u00e1pida<\/li>\n<li>Caj\u00f3n ZeroBox (16 litros)<\/li>\n<li>Caj\u00f3n Fresh Box<\/li>\n<li>Caj\u00f3n Fresh Box XXL de gran capacidad<\/li>\n<li>Dos bandejas de cristal de seguridad regulables en altura<\/li>\n<li>Iluminaci\u00f3n interior LED<\/li>\n<li>Columna metal cool<\/li>\n<li>Alarma ac\u00fastica de puerta abierta<\/li>\n<li>Detalles cromados<\/li>\n<li>Bloqueo de seguridad para ni\u00f1os<\/li>\n<li>Seis balcones en puertas<\/li>\n<li>Tirador integrado<\/li>\n<li>Ruedas traseras de desplazamiento<\/li>\n<li>Patas delanteras regulables en altura<\/li>\n<li>Volumen total: 522 litros<\/li>\n<\/ul>\n","protected":false},"excerpt":{"rendered":"<p>La tecnolog\u00eda LongLife No Frost permite que los alimentos se mantengan frescos durante m\u00e1s tiempo gracias a los circuitos de recirculaci\u00f3n independientes. Caracter\u00edsticas: Frigor\u00edfico Cuatro Puertas de Libre Instalaci\u00f3n Motor inverter LongLife No Frost Display electr\u00f3nico con indicador y control de temperatura del refrigerador y congelador Compartimento Multizone Funci\u00f3n Vacaciones Funci\u00f3n ECO Congelaci\u00f3n r\u00e1pida Caj\u00f3n [&hellip;]<\/p>\n","protected":false},"featured_media":12835,"template":"","meta":{"_joinchat":[]},"product_brand":[],"product_cat":[41],"product_tag":[106],"class_list":{"0":"post-12833","1":"product","2":"type-product","3":"status-publish","4":"has-post-thumbnail","6":"product_cat-refrigeradores","7":"product_tag-teka","9":"first","10":"instock","11":"shipping-taxable","12":"product-type-simple"},"_links":{"self":[{"href":"https:\/\/eltiosam.com.mx\/index.php\/wp-json\/wp\/v2\/product\/12833","targetHints":{"allow":["GET"]}}],"collection":[{"href":"https:\/\/eltiosam.com.mx\/index.php\/wp-json\/wp\/v2\/product"}],"about":[{"href":"https:\/\/eltiosam.com.mx\/index.php\/wp-json\/wp\/v2\/types\/product"}],"wp:featuredmedia":[{"embeddable":true,"href":"https:\/\/eltiosam.com.mx\/index.php\/wp-json\/wp\/v2\/media\/12835"}],"wp:attachment":[{"href":"https:\/\/eltiosam.com.mx\/index.php\/wp-json\/wp\/v2\/media?parent=12833"}],"wp:term":[{"taxonomy":"product_brand","embeddable":true,"href":"https:\/\/eltiosam.com.mx\/index.php\/wp-json\/wp\/v2\/product_brand?post=12833"},{"taxonomy":"product_cat","embeddable":true,"href":"https:\/\/eltiosam.com.mx\/index.php\/wp-json\/wp\/v2\/product_cat?post=12833"},{"taxonomy":"product_tag","embeddable":true,"href":"https:\/\/eltiosam.com.mx\/index.php\/wp-json\/wp\/v2\/product_tag?post=12833"}],"curies":[{"name":"wp","href":"https:\/\/api.w.org\/{rel}","templated":true}]}}