{"id":12827,"date":"2025-10-30T22:14:58","date_gmt":"2025-10-30T22:14:58","guid":{"rendered":"https:\/\/eltiosam.com.mx\/?post_type=product&#038;p=12827"},"modified":"2025-10-30T22:14:59","modified_gmt":"2025-10-30T22:14:59","slug":"paquetetekaduetto-crystal-75","status":"publish","type":"product","link":"https:\/\/eltiosam.com.mx\/index.php\/product\/paquetetekaduetto-crystal-75\/","title":{"rendered":"PAQUETE\tTEKA\tDUETTO CRYSTAL 75"},"content":{"rendered":"<p>La Teka Parrilla El\u00e9ctrica 5 Quem. 9400W CRYSTAL-75 es un electrodom\u00e9stico dise\u00f1ado para la cocina moderna, con un enfoque en la funcionalidad y el rendimiento. Este modelo cuenta con una campana empotrada que permite una integraci\u00f3n perfecta en el espacio de cocina, ofreciendo un dise\u00f1o elegante en color negro.<\/p>\n<p>La superficie superior est\u00e1 fabricada en vidrio templado, lo que proporciona una est\u00e9tica sofisticada y facilita la limpieza. Adem\u00e1s, cuenta con una capa antiadherente que mejora la experiencia de cocci\u00f3n. La parrilla dispone de cinco quemadores a gas, incluyendo un quemador auxiliar y dos quemadores semirr\u00e1pidos, lo que permite una variedad de opciones de cocci\u00f3n. La potencia total de 9400W asegura un calentamiento r\u00e1pido y eficiente.<\/p>\n<p>El control de la parrilla es giratorio y se encuentra en la parte frontal, lo que facilita su uso. La campana extractora tiene una potencia de 260 W y ofrece tres velocidades de ventilador, con una capacidad m\u00e1xima de extracci\u00f3n de 700 m\u00b3\/h, garantizando un ambiente libre de humo y olores durante la cocci\u00f3n. El filtro es lavable, lo que contribuye a un mantenimiento sencillo.<\/p>\n","protected":false},"excerpt":{"rendered":"<p>La Teka Parrilla El\u00e9ctrica 5 Quem. 9400W CRYSTAL-75 es un electrodom\u00e9stico dise\u00f1ado para la cocina moderna, con un enfoque en la funcionalidad y el rendimiento. Este modelo cuenta con una campana empotrada que permite una integraci\u00f3n perfecta en el espacio de cocina, ofreciendo un dise\u00f1o elegante en color negro.<\/p>\n<p>La superficie superior est\u00e1 fabricada en vidrio templado, lo que proporciona una est\u00e9tica sofisticada y facilita la limpieza. Adem\u00e1s, cuenta con una capa antiadherente que mejora la experiencia de cocci\u00f3n. La parrilla dispone de cinco quemadores a gas, incluyendo un quemador auxiliar y dos quemadores semirr\u00e1pidos, lo que permite una variedad de opciones de cocci\u00f3n. La potencia total de 9400W asegura un calentamiento r\u00e1pido y eficiente.<\/p>\n<p>El control de la parrilla es giratorio y se encuentra en la parte frontal, lo que facilita su uso. La campana extractora tiene una potencia de 260 W y ofrece tres velocidades de ventilador, con una capacidad m\u00e1xima de extracci\u00f3n de 700 m\u00b3\/h, garantizando un ambiente libre de humo y olores durante la cocci\u00f3n. El filtro es lavable, lo que contribuye a un mantenimiento sencillo.<\/p>\n","protected":false},"featured_media":12829,"template":"","meta":{"_joinchat":[]},"product_brand":[],"product_cat":[218],"product_tag":[106],"class_list":{"0":"post-12827","1":"product","2":"type-product","3":"status-publish","4":"has-post-thumbnail","6":"product_cat-paquete","7":"product_tag-teka","9":"first","10":"instock","11":"shipping-taxable","12":"product-type-simple"},"_links":{"self":[{"href":"https:\/\/eltiosam.com.mx\/index.php\/wp-json\/wp\/v2\/product\/12827","targetHints":{"allow":["GET"]}}],"collection":[{"href":"https:\/\/eltiosam.com.mx\/index.php\/wp-json\/wp\/v2\/product"}],"about":[{"href":"https:\/\/eltiosam.com.mx\/index.php\/wp-json\/wp\/v2\/types\/product"}],"wp:featuredmedia":[{"embeddable":true,"href":"https:\/\/eltiosam.com.mx\/index.php\/wp-json\/wp\/v2\/media\/12829"}],"wp:attachment":[{"href":"https:\/\/eltiosam.com.mx\/index.php\/wp-json\/wp\/v2\/media?parent=12827"}],"wp:term":[{"taxonomy":"product_brand","embeddable":true,"href":"https:\/\/eltiosam.com.mx\/index.php\/wp-json\/wp\/v2\/product_brand?post=12827"},{"taxonomy":"product_cat","embeddable":true,"href":"https:\/\/eltiosam.com.mx\/index.php\/wp-json\/wp\/v2\/product_cat?post=12827"},{"taxonomy":"product_tag","embeddable":true,"href":"https:\/\/eltiosam.com.mx\/index.php\/wp-json\/wp\/v2\/product_tag?post=12827"}],"curies":[{"name":"wp","href":"https:\/\/api.w.org\/{rel}","templated":true}]}}