{"id":1282,"date":"2023-11-11T20:00:05","date_gmt":"2023-11-11T20:00:05","guid":{"rendered":"http:\/\/eltiosam.com.mx\/?post_type=product&#038;p=1282"},"modified":"2023-12-15T22:07:21","modified_gmt":"2023-12-15T22:07:21","slug":"elkay-efu-131610aco9","status":"publish","type":"product","link":"https:\/\/eltiosam.com.mx\/index.php\/product\/elkay-efu-131610aco9\/","title":{"rendered":"ELKAY EFU-131610ACO9"},"content":{"rendered":"<p>La tarja de Elkay es una pieza sencilla de una sola tina, su dise\u00f1o es geom\u00e9trico y moderno, tiene una excelente profundidad y longitud que permite aprovehar al m\u00e1ximo el espacio de la tina.<\/p>\n<p>Tarja cero radios de acero inoxidable una tina de gran profundidad, instalaci\u00f3n de Submontar incluye accesorios:<\/p>\n<p><strong>L\u00ednea\u00a0<\/strong>Elkay<\/p>\n<p><strong>Instalaci\u00f3n\u00a0<\/strong>Submontar<\/p>\n<p><em><strong>Dimensiones<\/strong><\/em><\/p>\n<p><strong>Generales<\/strong>\u00a040.6 x 47 cm<\/p>\n<p><strong>Tina<\/strong>\u00a034.3 x 40.6 cm<\/p>\n<p><strong>Profundidad\u00a0<\/strong>25.4 cm<\/p>\n<p><strong>Calibre\u00a0<\/strong>16<\/p>\n<p><strong>Acabado\u00a0<\/strong>Satinado<\/p>\n","protected":false},"excerpt":{"rendered":"<p>Tarja cero radios de acero inoxidable una tina de gran profundidad, instalaci\u00f3n de Submontar incluye accesorios<\/p>\n","protected":false},"featured_media":1283,"template":"","meta":{"_joinchat":[]},"product_brand":[],"product_cat":[47,42],"product_tag":[49],"class_list":{"0":"post-1282","1":"product","2":"type-product","3":"status-publish","4":"has-post-thumbnail","6":"product_cat-tarjas","7":"product_cat-varios","8":"product_tag-elkay","10":"first","11":"outofstock","12":"shipping-taxable","13":"product-type-simple"},"_links":{"self":[{"href":"https:\/\/eltiosam.com.mx\/index.php\/wp-json\/wp\/v2\/product\/1282","targetHints":{"allow":["GET"]}}],"collection":[{"href":"https:\/\/eltiosam.com.mx\/index.php\/wp-json\/wp\/v2\/product"}],"about":[{"href":"https:\/\/eltiosam.com.mx\/index.php\/wp-json\/wp\/v2\/types\/product"}],"wp:featuredmedia":[{"embeddable":true,"href":"https:\/\/eltiosam.com.mx\/index.php\/wp-json\/wp\/v2\/media\/1283"}],"wp:attachment":[{"href":"https:\/\/eltiosam.com.mx\/index.php\/wp-json\/wp\/v2\/media?parent=1282"}],"wp:term":[{"taxonomy":"product_brand","embeddable":true,"href":"https:\/\/eltiosam.com.mx\/index.php\/wp-json\/wp\/v2\/product_brand?post=1282"},{"taxonomy":"product_cat","embeddable":true,"href":"https:\/\/eltiosam.com.mx\/index.php\/wp-json\/wp\/v2\/product_cat?post=1282"},{"taxonomy":"product_tag","embeddable":true,"href":"https:\/\/eltiosam.com.mx\/index.php\/wp-json\/wp\/v2\/product_tag?post=1282"}],"curies":[{"name":"wp","href":"https:\/\/api.w.org\/{rel}","templated":true}]}}