{"id":12818,"date":"2025-10-30T22:08:36","date_gmt":"2025-10-30T22:08:36","guid":{"rendered":"https:\/\/eltiosam.com.mx\/?post_type=product&#038;p=12818"},"modified":"2025-10-30T22:08:37","modified_gmt":"2025-10-30T22:08:37","slug":"regulador-kleinstadwhirlpoolredelay-1500rt","status":"publish","type":"product","link":"https:\/\/eltiosam.com.mx\/index.php\/product\/regulador-kleinstadwhirlpoolredelay-1500rt\/","title":{"rendered":"REGULADOR KLEINSTAD\tWHIRLPOOL\tREDELAY 1500RT"},"content":{"rendered":"<p>Nuestros reguladores de voltaje adem\u00e1s de la tradicional regulaci\u00f3n de altos y bajos voltajes eventuales o permanentes, cortan la energ\u00eda en condiciones de l\u00ednea extremas (voltajes muy altos o muy bajos), incorporan un tiempo de espera (retardo) de 2 a 3 minutos antes de volver a suministrar energ\u00eda el\u00e9ctrica tras un apag\u00f3n, as\u00ed como tambi\u00e9n integran un sistema supresor de picos (filtran descargas el\u00e9ctricas) para la protecci\u00f3n de equipos con tarjetas o circuitos electr\u00f3nicos. Est\u00e1n especialmente dise\u00f1ados para equipos de refrigeraci\u00f3n, l\u00ednea blanca e industrial pero tambi\u00e9n son ampliamente utilizados en electrodom\u00e9sticos, instrumentos y equipos de precisi\u00f3n. Su rango de operaci\u00f3n es de 90 a 140 Vca y fuera de este rango protege a su equipo manteniendo la salida en 0 volts. Potencia 1500 W Regula altos y bajos voltajes, corta el suministro cuando el voltaje de la l\u00ednea est\u00e1 muy alto. Dise\u00f1ados para usarse en equipos de refrigeraci\u00f3n, lavado, aire acondicionado, motors, bombas Cuenta con cuatro leds que indican el estado actual del regulador<\/p>\n","protected":false},"excerpt":{"rendered":"<p>Nuestros reguladores de voltaje adem\u00e1s de la tradicional regulaci\u00f3n de altos y bajos voltajes eventuales o permanentes, cortan la energ\u00eda en condiciones de l\u00ednea extremas (voltajes muy altos o muy bajos), incorporan un tiempo de espera (retardo) de 2 a 3 minutos antes de volver a suministrar energ\u00eda el\u00e9ctrica tras un apag\u00f3n, as\u00ed como tambi\u00e9n [&hellip;]<\/p>\n","protected":false},"featured_media":12820,"template":"","meta":{"_joinchat":[]},"product_brand":[],"product_cat":[206],"product_tag":[204],"class_list":{"0":"post-12818","1":"product","2":"type-product","3":"status-publish","4":"has-post-thumbnail","6":"product_cat-reguladores","7":"product_tag-whirlpool","9":"first","10":"instock","11":"shipping-taxable","12":"product-type-simple"},"_links":{"self":[{"href":"https:\/\/eltiosam.com.mx\/index.php\/wp-json\/wp\/v2\/product\/12818","targetHints":{"allow":["GET"]}}],"collection":[{"href":"https:\/\/eltiosam.com.mx\/index.php\/wp-json\/wp\/v2\/product"}],"about":[{"href":"https:\/\/eltiosam.com.mx\/index.php\/wp-json\/wp\/v2\/types\/product"}],"wp:featuredmedia":[{"embeddable":true,"href":"https:\/\/eltiosam.com.mx\/index.php\/wp-json\/wp\/v2\/media\/12820"}],"wp:attachment":[{"href":"https:\/\/eltiosam.com.mx\/index.php\/wp-json\/wp\/v2\/media?parent=12818"}],"wp:term":[{"taxonomy":"product_brand","embeddable":true,"href":"https:\/\/eltiosam.com.mx\/index.php\/wp-json\/wp\/v2\/product_brand?post=12818"},{"taxonomy":"product_cat","embeddable":true,"href":"https:\/\/eltiosam.com.mx\/index.php\/wp-json\/wp\/v2\/product_cat?post=12818"},{"taxonomy":"product_tag","embeddable":true,"href":"https:\/\/eltiosam.com.mx\/index.php\/wp-json\/wp\/v2\/product_tag?post=12818"}],"curies":[{"name":"wp","href":"https:\/\/api.w.org\/{rel}","templated":true}]}}