{"id":12815,"date":"2025-10-30T22:06:58","date_gmt":"2025-10-30T22:06:58","guid":{"rendered":"https:\/\/eltiosam.com.mx\/?post_type=product&#038;p=12815"},"modified":"2025-10-30T22:06:59","modified_gmt":"2025-10-30T22:06:59","slug":"campana-telescopica-90cmwhirlpoolwht9030s","status":"publish","type":"product","link":"https:\/\/eltiosam.com.mx\/index.php\/product\/campana-telescopica-90cmwhirlpoolwht9030s\/","title":{"rendered":"CAMPANA TELESC\u00d3PICA 90CM\tWHIRLPOOL\tWHT9030S"},"content":{"rendered":"<p>Campana de cocina Telesc\u00f3pica de 35\u201d con 3 Velocidades de Extracci\u00f3n<\/p>\n<p>Optimiza la ventilaci\u00f3n de tu cocina con esta campana retr\u00e1ctil, dise\u00f1ada para espacios compactos. Su sistema retr\u00e1ctil permite desplegarla solo cuando se necesite, brindando mayor cobertura en la zona de cocci\u00f3n. Esta campana para la cocina cuenta con 3 velocidades de extracci\u00f3n y 4 filtros de aluminio lavables, mantiene el ambiente libre de olores y grasa. La iluminaci\u00f3n LED garantiza mejor visibilidad y eficiencia energ\u00e9tica.<\/p>\n","protected":false},"excerpt":{"rendered":"<p>Campana de cocina Telesc\u00f3pica de 35\u201d con 3 Velocidades de Extracci\u00f3n<\/p>\n<p>Optimiza la ventilaci\u00f3n de tu cocina con esta campana retr\u00e1ctil, dise\u00f1ada para espacios compactos. Su sistema retr\u00e1ctil permite desplegarla solo cuando se necesite, brindando mayor cobertura en la zona de cocci\u00f3n. Esta campana para la cocina cuenta con 3 velocidades de extracci\u00f3n y 4 filtros de aluminio lavables, mantiene el ambiente libre de olores y grasa. La iluminaci\u00f3n LED garantiza mejor visibilidad y eficiencia energ\u00e9tica.<\/p>\n","protected":false},"featured_media":12817,"template":"","meta":{"_joinchat":[]},"product_brand":[],"product_cat":[45],"product_tag":[204],"class_list":{"0":"post-12815","1":"product","2":"type-product","3":"status-publish","4":"has-post-thumbnail","6":"product_cat-campanas","7":"product_tag-whirlpool","9":"first","10":"instock","11":"shipping-taxable","12":"product-type-simple"},"_links":{"self":[{"href":"https:\/\/eltiosam.com.mx\/index.php\/wp-json\/wp\/v2\/product\/12815","targetHints":{"allow":["GET"]}}],"collection":[{"href":"https:\/\/eltiosam.com.mx\/index.php\/wp-json\/wp\/v2\/product"}],"about":[{"href":"https:\/\/eltiosam.com.mx\/index.php\/wp-json\/wp\/v2\/types\/product"}],"wp:featuredmedia":[{"embeddable":true,"href":"https:\/\/eltiosam.com.mx\/index.php\/wp-json\/wp\/v2\/media\/12817"}],"wp:attachment":[{"href":"https:\/\/eltiosam.com.mx\/index.php\/wp-json\/wp\/v2\/media?parent=12815"}],"wp:term":[{"taxonomy":"product_brand","embeddable":true,"href":"https:\/\/eltiosam.com.mx\/index.php\/wp-json\/wp\/v2\/product_brand?post=12815"},{"taxonomy":"product_cat","embeddable":true,"href":"https:\/\/eltiosam.com.mx\/index.php\/wp-json\/wp\/v2\/product_cat?post=12815"},{"taxonomy":"product_tag","embeddable":true,"href":"https:\/\/eltiosam.com.mx\/index.php\/wp-json\/wp\/v2\/product_tag?post=12815"}],"curies":[{"name":"wp","href":"https:\/\/api.w.org\/{rel}","templated":true}]}}