{"id":12812,"date":"2025-10-30T22:04:02","date_gmt":"2025-10-30T22:04:02","guid":{"rendered":"https:\/\/eltiosam.com.mx\/?post_type=product&#038;p=12812"},"modified":"2025-10-30T22:04:02","modified_gmt":"2025-10-30T22:04:02","slug":"microondas-1-1p3whirlpoolwm3911d","status":"publish","type":"product","link":"https:\/\/eltiosam.com.mx\/index.php\/product\/microondas-1-1p3whirlpoolwm3911d\/","title":{"rendered":"MICROONDAS 1.1P3\tWHIRLPOOL\tWM3911D"},"content":{"rendered":"<p>El horno de microondas Whirlpool WM3911D es un electrodom\u00e9stico dise\u00f1ado para ser colocado en el mostrador. Con una capacidad interior de 29 litros, este microondas ofrece un espacio adecuado para calentar y cocinar diversos alimentos. Su potencia de 900 W permite una cocci\u00f3n eficiente y r\u00e1pida.<\/p>\n<p>El dise\u00f1o del producto es de color plata, lo que le confiere un aspecto moderno y elegante. La profundidad del horno es de 462 mm, mientras que sus dimensiones en altura y ancho son de 300 mm y 539 mm, respectivamente. Con un peso de 19 kg, este microondas es robusto y estable.<\/p>\n<p>El tipo de control es t\u00e1ctil, lo que facilita su uso. Incorpora un tipo de visualizador LED que proporciona una visualizaci\u00f3n clara de las funciones y el tiempo de cocci\u00f3n. Adem\u00e1s, cuenta con un reloj electr\u00f3nico integrado que permite llevar un control preciso del tiempo.<\/p>\n<p>Este modelo incluye la funci\u00f3n de cocci\u00f3n por convecci\u00f3n, lo que ampl\u00eda las posibilidades de preparaci\u00f3n de alimentos. Tambi\u00e9n dispone de una parrilla, que permite dorar y gratinar los platos. Sin embargo, no cuenta con la funci\u00f3n de cocci\u00f3n a vapor.<\/p>\n<p>La pantalla incorporada facilita la interacci\u00f3n con el microondas, haciendo que la experiencia de uso sea m\u00e1s intuitiva. En resumen, el Whirlpool WM3911D es un microondas funcional y est\u00e9ticamente atractivo, ideal para quienes buscan un electrodom\u00e9stico eficiente y de calidad.<\/p>\n","protected":false},"excerpt":{"rendered":"<p>El horno de microondas Whirlpool WM3911D es un electrodom\u00e9stico dise\u00f1ado para ser colocado en el mostrador. Con una capacidad interior de 29 litros, este microondas ofrece un espacio adecuado para calentar y cocinar diversos alimentos. Su potencia de 900 W permite una cocci\u00f3n eficiente y r\u00e1pida.<\/p>\n","protected":false},"featured_media":12814,"template":"","meta":{"_joinchat":[]},"product_brand":[],"product_cat":[184],"product_tag":[204],"class_list":{"0":"post-12812","1":"product","2":"type-product","3":"status-publish","4":"has-post-thumbnail","6":"product_cat-microondas","7":"product_tag-whirlpool","9":"first","10":"instock","11":"shipping-taxable","12":"product-type-simple"},"_links":{"self":[{"href":"https:\/\/eltiosam.com.mx\/index.php\/wp-json\/wp\/v2\/product\/12812","targetHints":{"allow":["GET"]}}],"collection":[{"href":"https:\/\/eltiosam.com.mx\/index.php\/wp-json\/wp\/v2\/product"}],"about":[{"href":"https:\/\/eltiosam.com.mx\/index.php\/wp-json\/wp\/v2\/types\/product"}],"wp:featuredmedia":[{"embeddable":true,"href":"https:\/\/eltiosam.com.mx\/index.php\/wp-json\/wp\/v2\/media\/12814"}],"wp:attachment":[{"href":"https:\/\/eltiosam.com.mx\/index.php\/wp-json\/wp\/v2\/media?parent=12812"}],"wp:term":[{"taxonomy":"product_brand","embeddable":true,"href":"https:\/\/eltiosam.com.mx\/index.php\/wp-json\/wp\/v2\/product_brand?post=12812"},{"taxonomy":"product_cat","embeddable":true,"href":"https:\/\/eltiosam.com.mx\/index.php\/wp-json\/wp\/v2\/product_cat?post=12812"},{"taxonomy":"product_tag","embeddable":true,"href":"https:\/\/eltiosam.com.mx\/index.php\/wp-json\/wp\/v2\/product_tag?post=12812"}],"curies":[{"name":"wp","href":"https:\/\/api.w.org\/{rel}","templated":true}]}}