{"id":12809,"date":"2025-10-30T21:54:14","date_gmt":"2025-10-30T21:54:14","guid":{"rendered":"https:\/\/eltiosam.com.mx\/?post_type=product&#038;p=12809"},"modified":"2026-03-17T22:42:14","modified_gmt":"2026-03-17T22:42:14","slug":"secadora-electrica-23kgwhirlpool7mwed6605mc","status":"publish","type":"product","link":"https:\/\/eltiosam.com.mx\/index.php\/product\/secadora-electrica-23kgwhirlpool7mwed6605mc\/","title":{"rendered":"SECADORA EL\u00c9CTRICA 23KG\tWHIRLPOOL\t7MWED6605MC"},"content":{"rendered":"<ul class=\"whirlpoolmaster-store-3-x-ProductCharacteristics_content_list\">\n<li class=\"whirlpoolmaster-store-3-x-ProductCharacteristics_content_list_item t-body\">Steam Refresh<\/li>\n<li class=\"whirlpoolmaster-store-3-x-ProductCharacteristics_content_list_item t-body\">Opci\u00f3n Wrinkle Shield<\/li>\n<li class=\"whirlpoolmaster-store-3-x-ProductCharacteristics_content_list_item t-body\">Advanced Moisture Sensing<\/li>\n<li class=\"whirlpoolmaster-store-3-x-ProductCharacteristics_content_list_item t-body\">Panel &#8220;Qu\u00e9 y C\u00f3mo&#8221; secar<\/li>\n<li class=\"whirlpoolmaster-store-3-x-ProductCharacteristics_content_list_item t-body\">220 V ( Solicita tu cable y tu instalaci\u00f3n con Servicio T\u00e9cnico Whirlpool)<\/li>\n<\/ul>\n<p><syndigo-powerpage pageid=\"5640494\"><\/syndigo-powerpage><\/p>\n","protected":false},"excerpt":{"rendered":"<p>Steam Refresh Opci\u00f3n Wrinkle Shield Advanced Moisture Sensing Panel &#8220;Qu\u00e9 y C\u00f3mo&#8221; secar 220 V ( Solicita tu cable y tu instalaci\u00f3n con Servicio T\u00e9cnico Whirlpool)<\/p>\n","protected":false},"featured_media":12811,"template":"","meta":{"_joinchat":[]},"product_brand":[],"product_cat":[198],"product_tag":[204],"class_list":{"0":"post-12809","1":"product","2":"type-product","3":"status-publish","4":"has-post-thumbnail","6":"product_cat-secadoras","7":"product_tag-whirlpool","9":"first","10":"instock","11":"shipping-taxable","12":"product-type-simple"},"_links":{"self":[{"href":"https:\/\/eltiosam.com.mx\/index.php\/wp-json\/wp\/v2\/product\/12809","targetHints":{"allow":["GET"]}}],"collection":[{"href":"https:\/\/eltiosam.com.mx\/index.php\/wp-json\/wp\/v2\/product"}],"about":[{"href":"https:\/\/eltiosam.com.mx\/index.php\/wp-json\/wp\/v2\/types\/product"}],"wp:featuredmedia":[{"embeddable":true,"href":"https:\/\/eltiosam.com.mx\/index.php\/wp-json\/wp\/v2\/media\/12811"}],"wp:attachment":[{"href":"https:\/\/eltiosam.com.mx\/index.php\/wp-json\/wp\/v2\/media?parent=12809"}],"wp:term":[{"taxonomy":"product_brand","embeddable":true,"href":"https:\/\/eltiosam.com.mx\/index.php\/wp-json\/wp\/v2\/product_brand?post=12809"},{"taxonomy":"product_cat","embeddable":true,"href":"https:\/\/eltiosam.com.mx\/index.php\/wp-json\/wp\/v2\/product_cat?post=12809"},{"taxonomy":"product_tag","embeddable":true,"href":"https:\/\/eltiosam.com.mx\/index.php\/wp-json\/wp\/v2\/product_tag?post=12809"}],"curies":[{"name":"wp","href":"https:\/\/api.w.org\/{rel}","templated":true}]}}