{"id":12797,"date":"2025-10-30T20:45:29","date_gmt":"2025-10-30T20:45:29","guid":{"rendered":"https:\/\/eltiosam.com.mx\/?post_type=product&#038;p=12797"},"modified":"2025-10-30T20:45:30","modified_gmt":"2025-10-30T20:45:30","slug":"trim-para-microondasge-profilejx-7230slss","status":"publish","type":"product","link":"https:\/\/eltiosam.com.mx\/index.php\/product\/trim-para-microondasge-profilejx-7230slss\/","title":{"rendered":"TRIM PARA MICROONDAS\tGE PROFILE\tJX-7230SLSS"},"content":{"rendered":"<p>El trim para microondas GE Profile Mabe JX7230SLSS est\u00e1 dise\u00f1ado para ofrecer un acabado profesional y elegante a tu instalaci\u00f3n de microondas. Hecho en acero inoxidable, este accesorio asegura un ajuste perfecto con el microondas GE Profile Mabe JX7230SLSS, brindando una integraci\u00f3n impecable con tus gabinetes y un toque sofisticado a tu cocina. Ideal para quienes buscan un dise\u00f1o limpio y moderno, el trim proporciona una instalaci\u00f3n sencilla y un acabado sin costuras, mejorando la est\u00e9tica de tu espacio culinario.<\/p>\n","protected":false},"excerpt":{"rendered":"<p>El trim para microondas GE Profile Mabe JX7230SLSS est\u00e1 dise\u00f1ado para ofrecer un acabado profesional y elegante a tu instalaci\u00f3n de microondas. Hecho en acero inoxidable, este accesorio asegura un ajuste perfecto con el microondas GE Profile Mabe JX7230SLSS, brindando una integraci\u00f3n impecable con tus gabinetes y un toque sofisticado a tu cocina. Ideal para quienes buscan un dise\u00f1o limpio y moderno, el trim proporciona una instalaci\u00f3n sencilla y un acabado sin costuras, mejorando la est\u00e9tica de tu espacio culinario.<\/p>\n","protected":false},"featured_media":12799,"template":"","meta":{"_joinchat":[]},"product_brand":[],"product_cat":[53],"product_tag":[117],"class_list":{"0":"post-12797","1":"product","2":"type-product","3":"status-publish","4":"has-post-thumbnail","6":"product_cat-trim","7":"product_tag-ge-profile","9":"first","10":"instock","11":"shipping-taxable","12":"product-type-simple"},"_links":{"self":[{"href":"https:\/\/eltiosam.com.mx\/index.php\/wp-json\/wp\/v2\/product\/12797","targetHints":{"allow":["GET"]}}],"collection":[{"href":"https:\/\/eltiosam.com.mx\/index.php\/wp-json\/wp\/v2\/product"}],"about":[{"href":"https:\/\/eltiosam.com.mx\/index.php\/wp-json\/wp\/v2\/types\/product"}],"wp:featuredmedia":[{"embeddable":true,"href":"https:\/\/eltiosam.com.mx\/index.php\/wp-json\/wp\/v2\/media\/12799"}],"wp:attachment":[{"href":"https:\/\/eltiosam.com.mx\/index.php\/wp-json\/wp\/v2\/media?parent=12797"}],"wp:term":[{"taxonomy":"product_brand","embeddable":true,"href":"https:\/\/eltiosam.com.mx\/index.php\/wp-json\/wp\/v2\/product_brand?post=12797"},{"taxonomy":"product_cat","embeddable":true,"href":"https:\/\/eltiosam.com.mx\/index.php\/wp-json\/wp\/v2\/product_cat?post=12797"},{"taxonomy":"product_tag","embeddable":true,"href":"https:\/\/eltiosam.com.mx\/index.php\/wp-json\/wp\/v2\/product_tag?post=12797"}],"curies":[{"name":"wp","href":"https:\/\/api.w.org\/{rel}","templated":true}]}}