{"id":12791,"date":"2025-10-30T20:41:26","date_gmt":"2025-10-30T20:41:26","guid":{"rendered":"https:\/\/eltiosam.com.mx\/?post_type=product&#038;p=12791"},"modified":"2025-10-30T20:44:22","modified_gmt":"2025-10-30T20:44:22","slug":"microondas-1-6p3mideammdhf16s2ss","status":"publish","type":"product","link":"https:\/\/eltiosam.com.mx\/index.php\/product\/microondas-1-6p3mideammdhf16s2ss\/","title":{"rendered":"MICROONDAS 1.6P3\tMIDEA\tMMDHF16S2SS"},"content":{"rendered":"<p>El horno de microondas Midea MMDHF16S2SS presenta un dise\u00f1o funcional y eficiente, ideal para su colocaci\u00f3n en mostrador. Con una capacidad interior de 45 litros, este microondas permite calentar y descongelar alimentos de manera r\u00e1pida y efectiva. Su potencia de 1500W asegura un rendimiento \u00f3ptimo en cada uso.<\/p>\n<p>El control del aparato se realiza a trav\u00e9s de botones, lo que facilita su operaci\u00f3n. Incorpora un temporizador digital y un reloj electr\u00f3nico, permitiendo un seguimiento preciso del tiempo de cocci\u00f3n. Adem\u00e1s, cuenta con una funci\u00f3n de descongelar y una funci\u00f3n de recalentar, que ampl\u00edan su versatilidad en la cocina.<\/p>\n<p>El microondas Midea est\u00e1 dise\u00f1ado con una puerta que se abre mediante un bot\u00f3n y tiene la bisagra situada a la izquierda. Su color negro en la puerta y las opciones de color negro y blanco para el resto del producto le otorgan un aspecto moderno y elegante. La luz interior permite visualizar los alimentos mientras se calientan.<\/p>\n<p>Con un peso de 16.7 kg y dimensiones de 488 mm de ancho, 553 mm de profundidad y 381 mm de altura, este microondas se adapta f\u00e1cilmente a diferentes espacios de cocina. El paquete tiene un peso de 18.5 kg y sus dimensiones son 521 mm de ancho, 619 mm de profundidad y 581 mm de altura.<\/p>\n<p>El horno de microondas Midea MMDHF16S2SS opera a una frecuencia de entrada AC de 60 Hz y un voltaje de entrada AC de 120 V. No incluye parrilla ni funci\u00f3n de mantener caliente, pero su dise\u00f1o y caracter\u00edsticas lo convierten en una opci\u00f3n pr\u00e1ctica para el uso diario en la cocina.<\/p>\n","protected":false},"excerpt":{"rendered":"<p>El horno de microondas Midea MMDHF16S2SS presenta un dise\u00f1o funcional y eficiente, ideal para su colocaci\u00f3n en mostrador. Con una capacidad interior de 45 litros, este microondas permite calentar y descongelar alimentos de manera r\u00e1pida y efectiva. Su potencia de 1500W asegura un rendimiento \u00f3ptimo en cada uso.<\/p>\n","protected":false},"featured_media":12793,"template":"","meta":{"_joinchat":[]},"product_brand":[],"product_cat":[184],"product_tag":[212],"class_list":{"0":"post-12791","1":"product","2":"type-product","3":"status-publish","4":"has-post-thumbnail","6":"product_cat-microondas","7":"product_tag-midea","9":"first","10":"instock","11":"shipping-taxable","12":"product-type-simple"},"_links":{"self":[{"href":"https:\/\/eltiosam.com.mx\/index.php\/wp-json\/wp\/v2\/product\/12791","targetHints":{"allow":["GET"]}}],"collection":[{"href":"https:\/\/eltiosam.com.mx\/index.php\/wp-json\/wp\/v2\/product"}],"about":[{"href":"https:\/\/eltiosam.com.mx\/index.php\/wp-json\/wp\/v2\/types\/product"}],"wp:featuredmedia":[{"embeddable":true,"href":"https:\/\/eltiosam.com.mx\/index.php\/wp-json\/wp\/v2\/media\/12793"}],"wp:attachment":[{"href":"https:\/\/eltiosam.com.mx\/index.php\/wp-json\/wp\/v2\/media?parent=12791"}],"wp:term":[{"taxonomy":"product_brand","embeddable":true,"href":"https:\/\/eltiosam.com.mx\/index.php\/wp-json\/wp\/v2\/product_brand?post=12791"},{"taxonomy":"product_cat","embeddable":true,"href":"https:\/\/eltiosam.com.mx\/index.php\/wp-json\/wp\/v2\/product_cat?post=12791"},{"taxonomy":"product_tag","embeddable":true,"href":"https:\/\/eltiosam.com.mx\/index.php\/wp-json\/wp\/v2\/product_tag?post=12791"}],"curies":[{"name":"wp","href":"https:\/\/api.w.org\/{rel}","templated":true}]}}