{"id":12732,"date":"2025-10-07T18:22:39","date_gmt":"2025-10-07T18:22:39","guid":{"rendered":"https:\/\/eltiosam.com.mx\/?post_type=product&#038;p=12732"},"modified":"2025-10-07T18:22:41","modified_gmt":"2025-10-07T18:22:41","slug":"microcampana-1-1p3-maytag-mmmf6030pz","status":"publish","type":"product","link":"https:\/\/eltiosam.com.mx\/index.php\/product\/microcampana-1-1p3-maytag-mmmf6030pz\/","title":{"rendered":"MICROCAMPANA 1.1P3 MAYTAG MMMF6030PZ"},"content":{"rendered":"<p>El microondas empotrado Maytag\u00ae se adapta a tu cocina, pero se destaca por sus poderosas caracter\u00edsticas. Su dise\u00f1o sin plato giratorio te brinda m\u00e1s espacio con una capacidad optimizada para cocinar m\u00e1s y limpiarlo f\u00e1cil y r\u00e1pidamente. Ventilaci\u00f3n oculta que hace el trabajo sin estorbar, con el extractor de varias velocidades elimina el humo y los olores mientras cocinas.<\/p>\n<p>&#8211; Dise\u00f1o empotrable: Transforma tu cocina con un dise\u00f1o moderno que se integra a la perfecci\u00f3n con tu espacio, ofreciendo una apariencia elegante sin sacrificar la funcionalidad.<\/p>\n<p>&#8211; Extractor de varias velocidades: Mant\u00e9n tu cocina libre de humo y olores con el extractor de varias velocidades, dise\u00f1ado para ofrecer una ventilaci\u00f3n eficiente y un ambiente fresco mientras cocinas.<\/p>\n","protected":false},"excerpt":{"rendered":"<p>El microondas empotrado Maytag\u00ae se adapta a tu cocina, pero se destaca por sus poderosas caracter\u00edsticas. Su dise\u00f1o sin plato giratorio te brinda m\u00e1s espacio con una capacidad optimizada para cocinar m\u00e1s y limpiarlo f\u00e1cil y r\u00e1pidamente. Ventilaci\u00f3n oculta que hace el trabajo sin estorbar, con el extractor de varias velocidades elimina el humo y los olores mientras cocinas.<\/p>\n","protected":false},"featured_media":12735,"template":"","meta":{"_joinchat":[]},"product_brand":[],"product_cat":[184],"product_tag":[205],"class_list":{"0":"post-12732","1":"product","2":"type-product","3":"status-publish","4":"has-post-thumbnail","6":"product_cat-microondas","7":"product_tag-maytag","9":"first","10":"instock","11":"shipping-taxable","12":"product-type-simple"},"_links":{"self":[{"href":"https:\/\/eltiosam.com.mx\/index.php\/wp-json\/wp\/v2\/product\/12732","targetHints":{"allow":["GET"]}}],"collection":[{"href":"https:\/\/eltiosam.com.mx\/index.php\/wp-json\/wp\/v2\/product"}],"about":[{"href":"https:\/\/eltiosam.com.mx\/index.php\/wp-json\/wp\/v2\/types\/product"}],"wp:featuredmedia":[{"embeddable":true,"href":"https:\/\/eltiosam.com.mx\/index.php\/wp-json\/wp\/v2\/media\/12735"}],"wp:attachment":[{"href":"https:\/\/eltiosam.com.mx\/index.php\/wp-json\/wp\/v2\/media?parent=12732"}],"wp:term":[{"taxonomy":"product_brand","embeddable":true,"href":"https:\/\/eltiosam.com.mx\/index.php\/wp-json\/wp\/v2\/product_brand?post=12732"},{"taxonomy":"product_cat","embeddable":true,"href":"https:\/\/eltiosam.com.mx\/index.php\/wp-json\/wp\/v2\/product_cat?post=12732"},{"taxonomy":"product_tag","embeddable":true,"href":"https:\/\/eltiosam.com.mx\/index.php\/wp-json\/wp\/v2\/product_tag?post=12732"}],"curies":[{"name":"wp","href":"https:\/\/api.w.org\/{rel}","templated":true}]}}