{"id":12730,"date":"2025-09-26T18:46:20","date_gmt":"2025-09-26T18:46:20","guid":{"rendered":"https:\/\/eltiosam.com.mx\/?post_type=product&#038;p=12730"},"modified":"2025-09-26T18:49:32","modified_gmt":"2025-09-26T18:49:32","slug":"horno-electrico-30-conveccion-y-vapor-signature-skssv3001s-copia","status":"publish","type":"product","link":"https:\/\/eltiosam.com.mx\/index.php\/product\/horno-electrico-30-conveccion-y-vapor-signature-skssv3001s-copia\/","title":{"rendered":"HORNO EL\u00c9CTRICO 30&#8243; CONVECCI\u00d3N Y VAPOR SIGNATURE SKSSV3001S"},"content":{"rendered":"<p>La aut\u00e9ntica cocci\u00f3n por convecci\u00f3n tiene un nuevo hogar. El sistema de cocci\u00f3n por convecci\u00f3n utiliza un tercer elemento y un ventilador para cocinar los alimentos de forma r\u00e1pida y uniforme, en cada rejilla. Y con nuestra innovadora funci\u00f3n Steam-Combi, puede disfrutar de una cocci\u00f3n sous vide precisa a trav\u00e9s del poder del vapor. Disfrute de la comodidad y flexibilidad de controlar su cocci\u00f3n desde cualquier lugar con la capacidad WiFi de nuestro horno.<\/p>\n<p>Caracter\u00edsticas:<\/p>\n<p>Wi-Fi-Enabled para ThinQ\u00ae Control con iPhone \/ Android App: S\u00ed<br \/>\nOperaciones remotas: S\u00ed<br \/>\nTipo de horno: Vapor-Combi Convecci\u00f3n<br \/>\nModos de cocci\u00f3n: Horneado por convecci\u00f3n, Asado por convecci\u00f3n, Hornear, Asar, Auto Cook, Caliente, Prueba, Cocinado al vapor (Steam-Combi, Gourmet Steam, Steam Sous Vide), Mis recetas, RapidHeat Roast+<br \/>\nAnchura total (pulgadas): 29 3\u20444<br \/>\nProfundidad total incluida la puerta (pulgadas): 24 3\u20448<br \/>\nProfundidad total con asa incluida (pulgadas): 26 7\u20448<br \/>\nProfundidad total con la puerta abierta (pulgadas): 45 5\u20448<br \/>\nAltura total (pulgadas): 29 7\u204416<br \/>\nTama\u00f1o del dep\u00f3sito de agua: 1 litro<br \/>\nPeso neto (aprox.):154 lbs<br \/>\nPeso de env\u00edo (aprox.): 169 lbs<br \/>\nAccesorios incluidos: Parrilla<br \/>\nAccesorios incluidos: Parrilla<br \/>\nAccesorios incluidos: Parrillas deslizantes<br \/>\nAccesorios incluidos: Estanter\u00eda Pesada<br \/>\nAccesorios incluidos: Sonda para carne<br \/>\nAccesorios incluidos: Almohadilla de limpieza<br \/>\nAccesorios incluidos: Botella pulverizadora<\/p>\n","protected":false},"excerpt":{"rendered":"<p>La aut\u00e9ntica cocci\u00f3n por convecci\u00f3n tiene un nuevo hogar. El sistema de cocci\u00f3n por convecci\u00f3n utiliza un tercer elemento y un ventilador para cocinar los alimentos de forma r\u00e1pida y uniforme, en cada rejilla. Y con nuestra innovadora funci\u00f3n Steam-Combi, puede disfrutar de una cocci\u00f3n sous vide precisa a trav\u00e9s del poder del vapor. Disfrute de la comodidad y flexibilidad de controlar su cocci\u00f3n desde cualquier lugar con la capacidad WiFi de nuestro horno.<\/p>\n","protected":false},"featured_media":11712,"template":"","meta":{"_joinchat":[]},"product_brand":[],"product_cat":[177,178],"product_tag":[234],"class_list":{"0":"post-12730","1":"product","2":"type-product","3":"status-publish","4":"has-post-thumbnail","6":"product_cat-hornos-de-vapor","7":"product_cat-hornos-electricos","8":"product_tag-signature-kitchen","10":"first","11":"instock","12":"shipping-taxable","13":"product-type-simple"},"_links":{"self":[{"href":"https:\/\/eltiosam.com.mx\/index.php\/wp-json\/wp\/v2\/product\/12730","targetHints":{"allow":["GET"]}}],"collection":[{"href":"https:\/\/eltiosam.com.mx\/index.php\/wp-json\/wp\/v2\/product"}],"about":[{"href":"https:\/\/eltiosam.com.mx\/index.php\/wp-json\/wp\/v2\/types\/product"}],"wp:featuredmedia":[{"embeddable":true,"href":"https:\/\/eltiosam.com.mx\/index.php\/wp-json\/wp\/v2\/media\/11712"}],"wp:attachment":[{"href":"https:\/\/eltiosam.com.mx\/index.php\/wp-json\/wp\/v2\/media?parent=12730"}],"wp:term":[{"taxonomy":"product_brand","embeddable":true,"href":"https:\/\/eltiosam.com.mx\/index.php\/wp-json\/wp\/v2\/product_brand?post=12730"},{"taxonomy":"product_cat","embeddable":true,"href":"https:\/\/eltiosam.com.mx\/index.php\/wp-json\/wp\/v2\/product_cat?post=12730"},{"taxonomy":"product_tag","embeddable":true,"href":"https:\/\/eltiosam.com.mx\/index.php\/wp-json\/wp\/v2\/product_tag?post=12730"}],"curies":[{"name":"wp","href":"https:\/\/api.w.org\/{rel}","templated":true}]}}