{"id":12729,"date":"2025-09-26T18:44:15","date_gmt":"2025-09-26T18:44:15","guid":{"rendered":"https:\/\/eltiosam.com.mx\/?post_type=product&#038;p=12729"},"modified":"2025-09-26T18:49:41","modified_gmt":"2025-09-26T18:49:41","slug":"horno-combinado-electrico-30signature-skscv3002s-copia","status":"publish","type":"product","link":"https:\/\/eltiosam.com.mx\/index.php\/product\/horno-combinado-electrico-30signature-skscv3002s-copia\/","title":{"rendered":"HORNO COMBINADO EL\u00c9CTRICO 30&#8243;\tSIGNATURE SKSCV3002S"},"content":{"rendered":"<p>Hemos combinado nuestro flexible horno de convecci\u00f3n asistido por vapor con la comodidad de un horno r\u00e1pido, poniendo lo \u00faltimo en cocina a la altura de los ojos. Adem\u00e1s de las muchas ventajas del vapor, nuestro horno de convecci\u00f3n asistido por vapor est\u00e1 dise\u00f1ado para ofrecer las ventajas de la cocci\u00f3n Sous Vide con la gran capacidad de un horno.<\/p>\n<p>Caracter\u00edsticas:<\/p>\n<p>Wi-Fi-Enabled para ThinQ\u00ae Control con iPhone \/ Android App: S\u00ed<br \/>\nOperaciones remotas: S\u00ed<br \/>\nAncho total (pulgadas): 29 3\u20444<br \/>\nProfundidad total incluida la puerta (pulgadas): 24 3\u20448<br \/>\nProfundidad total incluyendo el asa (pulgadas): 26 7\u20448<br \/>\nProfundidad total con la puerta abierta (pulgadas): 45 5\u20448<br \/>\nAltura total (pulgadas): 43 13\u204416<br \/>\nTama\u00f1o del dep\u00f3sito de agua: 1 litro<br \/>\nPeso Neto (aprox.): 214 lbs<br \/>\nPeso de env\u00edo (aprox.): 267 lbs<br \/>\nModos: Microondas, Descongelar, Palomitas, Caliente, Prueba, AutoCook, Ablandar\/Fundir, Sensor Cook, Speed Cook, Asar, Horneado por convecci\u00f3n<br \/>\nCapacidad: 1.7 cu. ft.<\/p>\n<p>&nbsp;<\/p>\n","protected":false},"excerpt":{"rendered":"<p>Hemos combinado nuestro flexible horno de convecci\u00f3n asistido por vapor con la comodidad de un horno r\u00e1pido, poniendo lo \u00faltimo en cocina a la altura de los ojos. Adem\u00e1s de las muchas ventajas del vapor, nuestro horno de convecci\u00f3n asistido por vapor est\u00e1 dise\u00f1ado para ofrecer las ventajas de la cocci\u00f3n Sous Vide con la gran capacidad de un horno.<\/p>\n","protected":false},"featured_media":11714,"template":"","meta":{"_joinchat":[]},"product_brand":[],"product_cat":[175],"product_tag":[234],"class_list":{"0":"post-12729","1":"product","2":"type-product","3":"status-publish","4":"has-post-thumbnail","6":"product_cat-hornos","7":"product_tag-signature-kitchen","9":"first","10":"instock","11":"shipping-taxable","12":"product-type-simple"},"_links":{"self":[{"href":"https:\/\/eltiosam.com.mx\/index.php\/wp-json\/wp\/v2\/product\/12729","targetHints":{"allow":["GET"]}}],"collection":[{"href":"https:\/\/eltiosam.com.mx\/index.php\/wp-json\/wp\/v2\/product"}],"about":[{"href":"https:\/\/eltiosam.com.mx\/index.php\/wp-json\/wp\/v2\/types\/product"}],"wp:featuredmedia":[{"embeddable":true,"href":"https:\/\/eltiosam.com.mx\/index.php\/wp-json\/wp\/v2\/media\/11714"}],"wp:attachment":[{"href":"https:\/\/eltiosam.com.mx\/index.php\/wp-json\/wp\/v2\/media?parent=12729"}],"wp:term":[{"taxonomy":"product_brand","embeddable":true,"href":"https:\/\/eltiosam.com.mx\/index.php\/wp-json\/wp\/v2\/product_brand?post=12729"},{"taxonomy":"product_cat","embeddable":true,"href":"https:\/\/eltiosam.com.mx\/index.php\/wp-json\/wp\/v2\/product_cat?post=12729"},{"taxonomy":"product_tag","embeddable":true,"href":"https:\/\/eltiosam.com.mx\/index.php\/wp-json\/wp\/v2\/product_tag?post=12729"}],"curies":[{"name":"wp","href":"https:\/\/api.w.org\/{rel}","templated":true}]}}