{"id":12728,"date":"2025-09-26T18:42:38","date_gmt":"2025-09-26T18:42:38","guid":{"rendered":"https:\/\/eltiosam.com.mx\/?post_type=product&#038;p=12728"},"modified":"2025-09-26T18:49:50","modified_gmt":"2025-09-26T18:49:50","slug":"cava-113-botellas-24-panelablesignature-skscw241rp-copia","status":"publish","type":"product","link":"https:\/\/eltiosam.com.mx\/index.php\/product\/cava-113-botellas-24-panelablesignature-skscw241rp-copia\/","title":{"rendered":"CAVA 113 BOTELLAS 24&#8243; PANELABLE\tSIGNATURE SKSCW241RP"},"content":{"rendered":"<p>El interior de cristal y metal no s\u00f3lo es bonito, sino que est\u00e1 dise\u00f1ado para ayudar a que el congelador se mantenga dentro de 1 grado de fluctuaci\u00f3n de la temperatura establecida, manteniendo y transfiriendo el fr\u00edo de forma r\u00e1pida y eficiente.<\/p>\n<p>Caracter\u00edsticas:<\/p>\n<p>Wi-Fi-Enabled para ThinQ\u00ae Control con iPhone \/ Android App: S\u00ed<br \/>\nVentana InstaView\u2122: S\u00ed<br \/>\nCompresor Lineal Inverter: S\u00ed<br \/>\nZonas de temperatura: 3 (zona triple)<br \/>\nTemperaturas de funcionamiento: 41 a 64 grados<br \/>\nControl de Humedad: S\u00ed<br \/>\nCapacidad de botellas: 113<br \/>\nEstantes de almacenamiento: 11<br \/>\nMaterial de los estantes: Madera de haya con detalles met\u00e1licos<br \/>\nAncho total (pulgadas): 23 3\u20444<br \/>\nAltura total (pulgadas): 83 1\u20442<br \/>\nProfundidad total sin panel ni asas: 23 7\u20448<\/p>\n","protected":false},"excerpt":{"rendered":"<p>El interior de cristal y metal no s\u00f3lo es bonito, sino que est\u00e1 dise\u00f1ado para ayudar a que el congelador se mantenga dentro de 1 grado de fluctuaci\u00f3n de la temperatura establecida, manteniendo y transfiriendo el fr\u00edo de forma r\u00e1pida y eficiente.<\/p>\n<p>&nbsp;<\/p>\n","protected":false},"featured_media":11709,"template":"","meta":{"_joinchat":[]},"product_brand":[],"product_cat":[164],"product_tag":[234],"class_list":{"0":"post-12728","1":"product","2":"type-product","3":"status-publish","4":"has-post-thumbnail","6":"product_cat-cavas","7":"product_tag-signature-kitchen","9":"first","10":"instock","11":"shipping-taxable","12":"product-type-simple"},"_links":{"self":[{"href":"https:\/\/eltiosam.com.mx\/index.php\/wp-json\/wp\/v2\/product\/12728","targetHints":{"allow":["GET"]}}],"collection":[{"href":"https:\/\/eltiosam.com.mx\/index.php\/wp-json\/wp\/v2\/product"}],"about":[{"href":"https:\/\/eltiosam.com.mx\/index.php\/wp-json\/wp\/v2\/types\/product"}],"wp:featuredmedia":[{"embeddable":true,"href":"https:\/\/eltiosam.com.mx\/index.php\/wp-json\/wp\/v2\/media\/11709"}],"wp:attachment":[{"href":"https:\/\/eltiosam.com.mx\/index.php\/wp-json\/wp\/v2\/media?parent=12728"}],"wp:term":[{"taxonomy":"product_brand","embeddable":true,"href":"https:\/\/eltiosam.com.mx\/index.php\/wp-json\/wp\/v2\/product_brand?post=12728"},{"taxonomy":"product_cat","embeddable":true,"href":"https:\/\/eltiosam.com.mx\/index.php\/wp-json\/wp\/v2\/product_cat?post=12728"},{"taxonomy":"product_tag","embeddable":true,"href":"https:\/\/eltiosam.com.mx\/index.php\/wp-json\/wp\/v2\/product_tag?post=12728"}],"curies":[{"name":"wp","href":"https:\/\/api.w.org\/{rel}","templated":true}]}}