{"id":12727,"date":"2025-09-26T18:41:11","date_gmt":"2025-09-26T18:41:11","guid":{"rendered":"https:\/\/eltiosam.com.mx\/?post_type=product&#038;p=12727"},"modified":"2025-09-26T18:50:02","modified_gmt":"2025-09-26T18:50:02","slug":"congelador-de-columna-integrado-30-panelable-signature-skscf3001p-copia","status":"publish","type":"product","link":"https:\/\/eltiosam.com.mx\/index.php\/product\/congelador-de-columna-integrado-30-panelable-signature-skscf3001p-copia\/","title":{"rendered":"CONGELADOR DE COLUMNA INTEGRADO 30&#8243; PANELABLE SIGNATURE SKSCF3001P"},"content":{"rendered":"<div class=\"woocommerce-product-details__short-description\">\n<p>El interior de cristal y metal no s\u00f3lo es bonito, sino que est\u00e1 dise\u00f1ado para ayudar a que el congelador se mantenga dentro de 1 grado de fluctuaci\u00f3n de la temperatura establecida, manteniendo y transfiriendo el fr\u00edo de forma r\u00e1pida y eficiente.<\/p>\n<p>Caracter\u00edsticas:<\/p>\n<p>Wi-Fi-Enabled para ThinQ\u00ae Control con iPhone \/ Android App: S\u00ed<br \/>\nInversor<br \/>\nCapacidad: 17,8 pies c\u00fabicos<br \/>\nAncho total (pulgadas): 29 3\u20444<br \/>\nAltura total (pulgadas): 83 1\u20442<br \/>\nProfundidad total sin asas (pulgadas): 23 7\u20448<br \/>\nPeso neto (aprox.): 403 lbs.<br \/>\nPeso de env\u00edo (aprox.): 457 lbs.<\/p>\n<\/div>\n","protected":false},"excerpt":{"rendered":"<p>El interior de cristal y metal no s\u00f3lo es bonito, sino que est\u00e1 dise\u00f1ado para ayudar a que el congelador se mantenga dentro de 1 grado de fluctuaci\u00f3n de la temperatura establecida, manteniendo y transfiriendo el fr\u00edo de forma r\u00e1pida y eficiente.<\/p>\n<p>&nbsp;<\/p>\n<p>&nbsp;<\/p>\n","protected":false},"featured_media":11707,"template":"","meta":{"_joinchat":[]},"product_brand":[],"product_cat":[193],"product_tag":[234],"class_list":{"0":"post-12727","1":"product","2":"type-product","3":"status-publish","4":"has-post-thumbnail","6":"product_cat-refrigerador-congelador-inferior","7":"product_tag-signature-kitchen","9":"first","10":"instock","11":"shipping-taxable","12":"product-type-simple"},"_links":{"self":[{"href":"https:\/\/eltiosam.com.mx\/index.php\/wp-json\/wp\/v2\/product\/12727","targetHints":{"allow":["GET"]}}],"collection":[{"href":"https:\/\/eltiosam.com.mx\/index.php\/wp-json\/wp\/v2\/product"}],"about":[{"href":"https:\/\/eltiosam.com.mx\/index.php\/wp-json\/wp\/v2\/types\/product"}],"wp:featuredmedia":[{"embeddable":true,"href":"https:\/\/eltiosam.com.mx\/index.php\/wp-json\/wp\/v2\/media\/11707"}],"wp:attachment":[{"href":"https:\/\/eltiosam.com.mx\/index.php\/wp-json\/wp\/v2\/media?parent=12727"}],"wp:term":[{"taxonomy":"product_brand","embeddable":true,"href":"https:\/\/eltiosam.com.mx\/index.php\/wp-json\/wp\/v2\/product_brand?post=12727"},{"taxonomy":"product_cat","embeddable":true,"href":"https:\/\/eltiosam.com.mx\/index.php\/wp-json\/wp\/v2\/product_cat?post=12727"},{"taxonomy":"product_tag","embeddable":true,"href":"https:\/\/eltiosam.com.mx\/index.php\/wp-json\/wp\/v2\/product_tag?post=12727"}],"curies":[{"name":"wp","href":"https:\/\/api.w.org\/{rel}","templated":true}]}}